{"id":24991,"date":"2025-01-21T12:30:18","date_gmt":"2025-01-21T12:30:18","guid":{"rendered":"https:\/\/vivamattress.az\/?post_type=product&#038;p=24991"},"modified":"2025-01-21T12:30:18","modified_gmt":"2025-01-21T12:30:18","slug":"tencel-dream","status":"publish","type":"product","link":"https:\/\/vivamattress.az\/ru\/product\/tencel-dream\/","title":{"rendered":"Tencel Dream"},"content":{"rendered":"<p><strong>\u041f\u043e\u0434\u0443\u0448\u043a\u0430 Tencel Dream \u2013 \u041f\u043e\u0434\u0434\u0435\u0440\u0436\u043a\u0430 \u0434\u043b\u044f 4 \u0437\u043e\u043d \u0434\u043b\u044f \u0438\u0434\u0435\u0430\u043b\u044c\u043d\u043e\u0433\u043e \u0441\u043d\u0430<\/strong><\/p>\n<p>\u0421 \u043f\u043e\u0434\u0443\u0448\u043a\u043e\u0439 Dream \u043a\u0430\u0436\u0434\u0443\u044e \u043d\u043e\u0447\u044c \u0432\u044b \u043f\u043e\u043b\u0443\u0447\u0430\u0435\u0442\u0435 \u043c\u0430\u043a\u0441\u0438\u043c\u0430\u043b\u044c\u043d\u0443\u044e \u043f\u043e\u0434\u0434\u0435\u0440\u0436\u043a\u0443! \u042d\u0442\u0430 \u043f\u043e\u0434\u0443\u0448\u043a\u0430 \u0438\u0434\u0435\u0430\u043b\u044c\u043d\u043e \u0430\u0434\u0430\u043f\u0442\u0438\u0440\u0443\u0435\u0442\u0441\u044f \u043a \u0433\u043e\u043b\u043e\u0432\u0435, \u0448\u0435\u0435, \u043f\u043b\u0435\u0447\u0430\u043c \u0438 \u043f\u043e\u044f\u0441\u043d\u0438\u0446\u0435, \u043f\u043e\u0434\u0434\u0435\u0440\u0436\u0438\u0432\u0430\u044f \u0435\u0441\u0442\u0435\u0441\u0442\u0432\u0435\u043d\u043d\u0443\u044e \u0444\u043e\u0440\u043c\u0443 \u043f\u043e\u0437\u0432\u043e\u043d\u043e\u0447\u043d\u0438\u043a\u0430 \u0432 \u043b\u044e\u0431\u043e\u0439 \u043f\u043e\u0437\u0438\u0446\u0438\u0438 \u0441\u043d\u0430. \u041d\u0435\u0437\u0430\u0432\u0438\u0441\u0438\u043c\u043e \u043e\u0442 \u0442\u043e\u0433\u043e, \u0441\u043f\u0438\u0442\u0435 \u043b\u0438 \u0432\u044b \u043d\u0430 \u0431\u043e\u043a\u0443, \u0441\u043f\u0438\u043d\u0435 \u0438\u043b\u0438 \u0436\u0438\u0432\u043e\u0442\u0435, \u043e\u043d\u0430 \u043e\u0431\u0435\u0441\u043f\u0435\u0447\u0438\u0432\u0430\u0435\u0442 \u043a\u043e\u043c\u0444\u043e\u0440\u0442\u043d\u044b\u0439 \u0438 \u0437\u0434\u043e\u0440\u043e\u0432\u044b\u0439 \u0441\u043e\u043d.<\/p>\n<p>\u0412\u043d\u0443\u0442\u0440\u0435\u043d\u043d\u0438\u0439 \u0447\u0435\u0445\u043e\u043b \u0438\u0437 100% \u0445\u043b\u043e\u043f\u043a\u0430 \u0437\u0430\u0449\u0438\u0449\u0430\u0435\u0442 \u043f\u043e\u0434\u0443\u0448\u043a\u0443 \u043e\u0442 \u043f\u044b\u043b\u0438 \u0438 \u0432\u043d\u0435\u0448\u043d\u0438\u0445 \u0432\u043e\u0437\u0434\u0435\u0439\u0441\u0442\u0432\u0438\u0439.\n\u041d\u0430\u0432\u043e\u043b\u043e\u0447\u043a\u0430 Dream \u0438\u0437\u0433\u043e\u0442\u043e\u0432\u043b\u0435\u043d\u0430 \u0438\u0437 \u043d\u0430\u0442\u0443\u0440\u0430\u043b\u044c\u043d\u044b\u0445 \u0432\u043e\u043b\u043e\u043a\u043e\u043d, \u043f\u043e\u043b\u0443\u0447\u0435\u043d\u043d\u044b\u0445 \u0438\u0437 \u0434\u0440\u0435\u0432\u0435\u0441\u043d\u043e\u0439 \u043c\u0430\u0441\u0441\u044b \u044d\u0432\u043a\u0430\u043b\u0438\u043f\u0442\u043e\u0432\u043e\u0433\u043e \u0434\u0435\u0440\u0435\u0432\u0430, \u0447\u0442\u043e \u0434\u0435\u043b\u0430\u0435\u0442 \u0435\u0451 \u044d\u043a\u043e\u043b\u043e\u0433\u0438\u0447\u0435\u0441\u043a\u0438 \u0431\u0435\u0437\u043e\u043f\u0430\u0441\u043d\u043e\u0439.\n\u0422\u043a\u0430\u043d\u044c \u0431\u043e\u0442\u0430\u043d\u0438\u0447\u0435\u0441\u043a\u043e\u0433\u043e \u043f\u0440\u043e\u0438\u0441\u0445\u043e\u0436\u0434\u0435\u043d\u0438\u044f Tencel \u043e\u0431\u0435\u0441\u043f\u0435\u0447\u0438\u0432\u0430\u0435\u0442 \u0435\u0441\u0442\u0435\u0441\u0442\u0432\u0435\u043d\u043d\u0443\u044e \u0432\u043e\u0437\u0434\u0443\u0445\u043e\u043f\u0440\u043e\u043d\u0438\u0446\u0430\u0435\u043c\u043e\u0441\u0442\u044c \u0438 \u043f\u0440\u0435\u0434\u043e\u0442\u0432\u0440\u0430\u0449\u0430\u0435\u0442 \u043f\u043e\u0442\u043e\u043e\u0442\u0434\u0435\u043b\u0435\u043d\u0438\u0435.\n\u041d\u0435\u0436\u043d\u0430\u044f \u043d\u0430 \u043e\u0449\u0443\u043f\u044c, \u043c\u044f\u0433\u043a\u0430\u044f \u0438 \u0448\u0435\u043b\u043a\u043e\u0432\u0438\u0441\u0442\u0430\u044f \u0442\u043a\u0430\u043d\u044c \u0434\u0430\u0440\u0438\u0442 \u0432\u0430\u0448\u0435\u043c\u0443 \u0442\u0435\u043b\u0443 \u043a\u043e\u043c\u0444\u043e\u0440\u0442 \u0438 \u0443\u044e\u0442 \u043d\u0430 \u043f\u0440\u043e\u0442\u044f\u0436\u0435\u043d\u0438\u0438 \u0434\u043e\u043b\u0433\u043e\u0433\u043e \u0432\u0440\u0435\u043c\u0435\u043d\u0438.<\/p>\n<p>\u0423\u043b\u0443\u0447\u0448\u0438\u0442\u0435 \u043a\u0430\u0447\u0435\u0441\u0442\u0432\u043e \u0441\u043d\u0430 \u0441 \u043f\u043e\u0434\u0443\u0448\u043a\u043e\u0439 Dream, \u0438\u0437\u0431\u0430\u0432\u044c\u0442\u0435\u0441\u044c \u043e\u0442 \u0431\u043e\u043b\u0435\u0439 \u0432 \u0448\u0435\u0435 \u0438 \u043f\u043e\u044f\u0441\u043d\u0438\u0446\u0435, \u0438 \u043d\u0430\u0441\u043b\u0430\u0436\u0434\u0430\u0439\u0442\u0435\u0441\u044c \u0437\u0434\u043e\u0440\u043e\u0432\u043e\u0439, \u0441\u0447\u0430\u0441\u0442\u043b\u0438\u0432\u043e\u0439 \u0438 \u043f\u0440\u043e\u0434\u0443\u043a\u0442\u0438\u0432\u043d\u043e\u0439 \u0436\u0438\u0437\u043d\u044c\u044e. \u0412\u0430\u0441 \u0436\u0434\u0451\u0442 \u0443\u043d\u0438\u043a\u0430\u043b\u044c\u043d\u044b\u0439 \u043e\u043f\u044b\u0442 \u0441\u043d\u0430!<\/p>\n<p><strong>\u041f\u0440\u0438\u043c\u0435\u0447\u0430\u043d\u0438\u0435: \u0427\u0435\u0445\u043e\u043b \u043c\u043e\u0436\u043d\u043e \u0441\u0442\u0438\u0440\u0430\u0442\u044c \u0442\u043e\u043b\u044c\u043a\u043e \u043f\u0440\u0438 \u0442\u0435\u043c\u043f\u0435\u0440\u0430\u0442\u0443\u0440\u0435 40\u00b0C.<\/strong><\/p>","protected":false},"excerpt":{"rendered":"<p>Tencel Dream Yast\u0131\u011f\u0131 \u2013 M\u00fck\u0259mm\u0259l yuxu t\u0259cr\u00fcb\u0259si \u00fc\u00e7\u00fcn 4 b\u00f6lg\u0259y\u0259 d\u0259st\u0259k Dream Yast\u0131\u011f\u0131 il\u0259 h\u0259r gec\u0259 m\u00fck\u0259mm\u0259l d\u0259st\u0259k! Bu yast\u0131q, ba\u015f, boyun, \u00e7iyin v\u0259 bel b\u00f6lg\u0259l\u0259rin\u0259 tam uyum t\u0259min ed\u0259r\u0259k,&hellip;<\/p>","protected":false},"featured_media":24992,"comment_status":"closed","ping_status":"closed","template":"","meta":[],"product_brand":[],"product_cat":[140],"product_tag":[143,142,141],"class_list":{"0":"post-24991","1":"product","2":"type-product","3":"status-publish","4":"has-post-thumbnail","6":"product_cat-yastiqlar","7":"product_tag-ortopedik","8":"product_tag-ortopedikyastiq","9":"product_tag-yastiq","11":"first","12":"instock","13":"sale","14":"shipping-taxable","15":"purchasable","16":"product-type-simple","17":"layout-style-6","18":"col-md-4 col-sm-4 col-xs-6","19":"col-lg-3","20":"product-has-gallery","21":"product-style-addtocart"},"_links":{"self":[{"href":"https:\/\/vivamattress.az\/ru\/wp-json\/wp\/v2\/product\/24991","targetHints":{"allow":["GET"]}}],"collection":[{"href":"https:\/\/vivamattress.az\/ru\/wp-json\/wp\/v2\/product"}],"about":[{"href":"https:\/\/vivamattress.az\/ru\/wp-json\/wp\/v2\/types\/product"}],"replies":[{"embeddable":true,"href":"https:\/\/vivamattress.az\/ru\/wp-json\/wp\/v2\/comments?post=24991"}],"version-history":[{"count":0,"href":"https:\/\/vivamattress.az\/ru\/wp-json\/wp\/v2\/product\/24991\/revisions"}],"wp:featuredmedia":[{"embeddable":true,"href":"https:\/\/vivamattress.az\/ru\/wp-json\/wp\/v2\/media\/24992"}],"wp:attachment":[{"href":"https:\/\/vivamattress.az\/ru\/wp-json\/wp\/v2\/media?parent=24991"}],"wp:term":[{"taxonomy":"product_brand","embeddable":true,"href":"https:\/\/vivamattress.az\/ru\/wp-json\/wp\/v2\/product_brand?post=24991"},{"taxonomy":"product_cat","embeddable":true,"href":"https:\/\/vivamattress.az\/ru\/wp-json\/wp\/v2\/product_cat?post=24991"},{"taxonomy":"product_tag","embeddable":true,"href":"https:\/\/vivamattress.az\/ru\/wp-json\/wp\/v2\/product_tag?post=24991"}],"curies":[{"name":"wp","href":"https:\/\/api.w.org\/{rel}","templated":true}]}}