{"id":24985,"date":"2025-01-21T12:20:25","date_gmt":"2025-01-21T12:20:25","guid":{"rendered":"https:\/\/vivamattress.az\/?post_type=product&#038;p=24985"},"modified":"2025-01-21T12:20:25","modified_gmt":"2025-01-21T12:20:25","slug":"sens-ice","status":"publish","type":"product","link":"https:\/\/vivamattress.az\/ru\/product\/sens-ice\/","title":{"rendered":"Sens Ice"},"content":{"rendered":"<p><strong>\u0418\u0441\u043f\u044b\u0442\u0430\u0439\u0442\u0435 \u043f\u0440\u043e\u0445\u043b\u0430\u0434\u0443 \u0441\u043d\u0430 \u0441 \u0442\u0435\u0445\u043d\u043e\u043b\u043e\u0433\u0438\u0435\u0439 Sens Ice!<\/strong><\/p>\n<p>\u041f\u043e\u043a\u043e\u043d\u0447\u0438\u0442\u0435 \u0441 \u0434\u0438\u0441\u043a\u043e\u043c\u0444\u043e\u0440\u0442\u043e\u043c \u043e\u0442 \u0436\u0430\u0440\u044b \u0438 \u043f\u043e\u0442\u043e\u043e\u0442\u0434\u0435\u043b\u0435\u043d\u0438\u044f! \u041f\u043e\u0434\u0443\u0448\u043a\u0430 Visco \u0441 \u0442\u0435\u0445\u043d\u043e\u043b\u043e\u0433\u0438\u0435\u0439 Sens Ice \u043e\u0431\u0435\u0441\u043f\u0435\u0447\u0438\u0432\u0430\u0435\u0442 \u043f\u0440\u043e\u0445\u043b\u0430\u0434\u0443 \u043d\u0430 \u043f\u0440\u043e\u0442\u044f\u0436\u0435\u043d\u0438\u0438 \u0432\u0441\u0435\u0439 \u043d\u043e\u0447\u0438, \u0441\u043e\u0437\u0434\u0430\u0432\u0430\u044f \u0438\u0434\u0435\u0430\u043b\u044c\u043d\u044b\u0435 \u0443\u0441\u043b\u043e\u0432\u0438\u044f \u0434\u043b\u044f \u043a\u043e\u043c\u0444\u043e\u0440\u0442\u043d\u043e\u0433\u043e \u0441\u043d\u0430. \u0411\u043b\u0430\u0433\u043e\u0434\u0430\u0440\u044f \u0441\u0435\u0440\u0442\u0438\u0444\u0438\u0446\u0438\u0440\u043e\u0432\u0430\u043d\u043d\u044b\u043c USDA \u0440\u0430\u0441\u0442\u0438\u0442\u0435\u043b\u044c\u043d\u044b\u043c \u043c\u0430\u0441\u043b\u0430\u043c \u0438 \u0431\u043e\u043b\u0435\u0435 \u0447\u0435\u043c 50% \u0431\u0438\u043e-\u043e\u0441\u043d\u043e\u0432\u043d\u044b\u043c \u0441\u043e\u0441\u0442\u0430\u0432\u0430\u043c, \u044d\u0442\u0430 \u043f\u043e\u0434\u0443\u0448\u043a\u0430 \u043c\u0433\u043d\u043e\u0432\u0435\u043d\u043d\u043e \u043e\u0445\u043b\u0430\u0436\u0434\u0430\u0435\u0442 \u043f\u043e\u0441\u043b\u0435 \u043f\u0435\u0440\u0432\u043e\u0433\u043e \u043e\u0449\u0443\u0449\u0435\u043d\u0438\u044f \u0436\u0430\u0440\u0430 \u0438 \u0441\u0442\u0440\u0430\u0442\u0435\u0433\u0438\u0447\u0435\u0441\u043a\u0438 \u0437\u0430\u043c\u0435\u0434\u043b\u044f\u0435\u0442 \u043d\u0430\u043a\u043e\u043f\u043b\u0435\u043d\u0438\u0435 \u0442\u0435\u043f\u043b\u0430, \u043e\u0431\u0435\u0441\u043f\u0435\u0447\u0438\u0432\u0430\u044f \u043f\u0440\u043e\u0445\u043b\u0430\u0434\u043d\u0443\u044e, \u0441\u0443\u0445\u0443\u044e \u0438 \u0443\u044e\u0442\u043d\u0443\u044e \u0441\u0440\u0435\u0434\u0443 \u0434\u043b\u044f \u0441\u043d\u0430.<\/p>\n<p>\u041d\u0430\u043f\u043e\u043b\u043d\u0438\u0442\u0435\u043b\u044c \u0438\u0437 \u043f\u0435\u043d\u043e\u043f\u043e\u043b\u0438\u0443\u0440\u0435\u0442\u0430\u043d\u0430 \u0441 \u0432\u043e\u0437\u0434\u0443\u0448\u043d\u044b\u043c\u0438 \u043a\u0430\u043d\u0430\u043b\u0430\u043c\u0438 \u0438\u0434\u0435\u0430\u043b\u044c\u043d\u043e \u043f\u043e\u0434\u0434\u0435\u0440\u0436\u0438\u0432\u0430\u0435\u0442 \u0433\u043e\u043b\u043e\u0432\u0443 \u0438 \u0448\u0435\u044e, \u043f\u043e\u0432\u044b\u0448\u0430\u044f \u0443\u0440\u043e\u0432\u0435\u043d\u044c \u043a\u043e\u043c\u0444\u043e\u0440\u0442\u0430 \u0441\u043d\u0430.\n100% \u043f\u0435\u043d\u0430 \u0441 \u043f\u0430\u043c\u044f\u0442\u044c\u044e \u0444\u043e\u0440\u043c\u044b Visco \u043f\u043e\u0434\u0434\u0435\u0440\u0436\u0438\u0432\u0430\u0435\u0442 \u043f\u043e\u0437\u0432\u043e\u043d\u043e\u0447\u043d\u0438\u043a \u0432 \u043f\u0440\u0430\u0432\u0438\u043b\u044c\u043d\u043e\u043c \u043f\u043e\u043b\u043e\u0436\u0435\u043d\u0438\u0438 \u0438 \u0430\u0434\u0430\u043f\u0442\u0438\u0440\u0443\u0435\u0442\u0441\u044f \u043a \u0432\u0430\u0448\u0435\u043c\u0443 \u0442\u0435\u043b\u0443 \u043d\u0430 \u043f\u0440\u043e\u0442\u044f\u0436\u0435\u043d\u0438\u0438 \u0432\u0441\u0435\u0439 \u043d\u043e\u0447\u0438.<\/p>\n<p>\u0422\u0435\u0445\u043d\u043e\u043b\u043e\u0433\u0438\u044f Sens Ice \u0441 \u0430\u043a\u0442\u0438\u0432\u043d\u044b\u043c \u043e\u0445\u043b\u0430\u0436\u0434\u0435\u043d\u0438\u0435\u043c \u043e\u0431\u0435\u0441\u043f\u0435\u0447\u0438\u0432\u0430\u0435\u0442 \u043e\u0449\u0443\u0449\u0435\u043d\u0438\u0435 \u043f\u0440\u043e\u0445\u043b\u0430\u0434\u044b \u043d\u0430 \u043f\u0440\u043e\u0442\u044f\u0436\u0435\u043d\u0438\u0438 \u0432\u0441\u0435\u0433\u043e \u0441\u043d\u0430. \u041f\u0430\u0442\u0435\u043d\u0442\u043e\u0432\u0430\u043d\u043d\u0430\u044f \u0444\u043e\u0440\u043c\u0443\u043b\u0430 \u0441\u043e\u0445\u0440\u0430\u043d\u044f\u0435\u0442 \u043e\u0445\u043b\u0430\u0436\u0434\u0430\u044e\u0449\u0438\u0439 \u044d\u0444\u0444\u0435\u043a\u0442 \u0434\u043b\u0438\u0442\u0435\u043b\u044c\u043d\u043e\u0435 \u0432\u0440\u0435\u043c\u044f \u0431\u0435\u0437 \u043f\u043e\u0442\u0435\u0440\u0438 \u0438\u043d\u0442\u0435\u043d\u0441\u0438\u0432\u043d\u043e\u0441\u0442\u0438.<\/p>\n<p>\u042d\u043a\u043e\u043b\u043e\u0433\u0438\u0447\u0435\u0441\u043a\u0430\u044f \u043e\u0442\u0432\u0435\u0442\u0441\u0442\u0432\u0435\u043d\u043d\u043e\u0441\u0442\u044c:\n\u0421\u043e\u0437\u0434\u0430\u043d\u043d\u0430\u044f \u0441 \u0443\u0447\u0435\u0442\u043e\u043c \u043f\u0440\u0438\u043d\u0446\u0438\u043f\u043e\u0432 \u044d\u043a\u043e\u043b\u043e\u0433\u0438\u0447\u043d\u043e\u0441\u0442\u0438 \u0438 \u0443\u0441\u0442\u043e\u0439\u0447\u0438\u0432\u043e\u0441\u0442\u0438, \u043f\u043e\u0434\u0443\u0448\u043a\u0430 \u043d\u0435 \u0442\u043e\u043b\u044c\u043a\u043e \u0443\u043b\u0443\u0447\u0448\u0430\u0435\u0442 \u0432\u0430\u0448 \u043a\u043e\u043c\u0444\u043e\u0440\u0442 \u0432\u043e \u0441\u043d\u0435, \u043d\u043e \u0438 \u043f\u043e\u0434\u0434\u0435\u0440\u0436\u0438\u0432\u0430\u0435\u0442 \u0443\u0441\u0442\u043e\u0439\u0447\u0438\u0432\u043e\u0435 \u0440\u0430\u0437\u0432\u0438\u0442\u0438\u0435. \u0418\u0441\u043f\u043e\u043b\u044c\u0437\u043e\u0432\u0430\u043d\u0438\u0435 \u0441\u0435\u0440\u0442\u0438\u0444\u0438\u0446\u0438\u0440\u043e\u0432\u0430\u043d\u043d\u044b\u0445 USDA \u0440\u0430\u0441\u0442\u0438\u0442\u0435\u043b\u044c\u043d\u044b\u0445 \u043c\u0430\u0441\u0435\u043b \u0438 \u0431\u0438\u043e-\u043e\u0441\u043d\u043e\u0432\u043d\u044b\u0445 \u043c\u0430\u0442\u0435\u0440\u0438\u0430\u043b\u043e\u0432 \u0434\u0435\u043b\u0430\u0435\u0442 \u044d\u0442\u0443 \u043f\u043e\u0434\u0443\u0448\u043a\u0443 \u044d\u043a\u043e\u043b\u043e\u0433\u0438\u0447\u0435\u0441\u043a\u0438 \u0431\u0435\u0437\u043e\u043f\u0430\u0441\u043d\u044b\u043c \u0432\u044b\u0431\u043e\u0440\u043e\u043c.<\/p>\n<p>\u041f\u043e\u0434\u0443\u0448\u043a\u0430 Sens Ice \u043e\u0431\u0435\u0441\u043f\u0435\u0447\u0438\u0432\u0430\u0435\u0442 \u0441\u0432\u0435\u0436\u0443\u044e \u0438 \u043a\u043e\u043c\u0444\u043e\u0440\u0442\u043d\u0443\u044e \u0441\u0440\u0435\u0434\u0443 \u0434\u043b\u044f \u0441\u043d\u0430, \u043f\u043e\u0437\u0432\u043e\u043b\u044f\u044f \u0432\u0430\u043c \u043d\u0430\u0441\u043b\u0430\u0436\u0434\u0430\u0442\u044c\u0441\u044f \u043f\u0440\u043e\u0445\u043b\u0430\u0434\u043e\u0439 \u0438 \u043e\u0442\u0434\u044b\u0445\u043e\u043c \u043a\u0430\u0436\u0434\u0443\u044e \u043d\u043e\u0447\u044c!<\/p>\n<div id=\"product-24965\" class=\"new layout-style-6 product type-product post-24965 status-publish first instock product_cat-yastiqlar product_tag-antiagingpillow product_tag-ortopedikyastiq product_tag-yaslanmayaqarsi product_tag-yaslanmayaqarsiyastiq product_tag-yastiq has-post-thumbnail sale shipping-taxable purchasable product-type-simple\">\n<div class=\"woocommerce-tabs wc-tabs-wrapper\">\n<div id=\"tab-description\" class=\"woocommerce-Tabs-panel woocommerce-Tabs-panel--description panel entry-content wc-tab\" role=\"tabpanel\" aria-labelledby=\"tab-title-description\">\n<div class=\"container\">\n<p><strong>\u041f\u0440\u0438\u043c\u0435\u0447\u0430\u043d\u0438\u0435: \u0427\u0435\u0445\u043e\u043b \u043c\u043e\u0436\u043d\u043e \u0441\u0442\u0438\u0440\u0430\u0442\u044c \u0442\u043e\u043b\u044c\u043a\u043e \u043f\u0440\u0438 \u0442\u0435\u043c\u043f\u0435\u0440\u0430\u0442\u0443\u0440\u0435 40\u00b0C.<\/strong><\/p>\n<\/div>\n<\/div>\n<\/div>\n<\/div>","protected":false},"excerpt":{"rendered":"<p>Sens Ice texnologiyas\u0131 il\u0259 s\u0259rin yuxu t\u0259cr\u00fcb\u0259si ya\u015fay\u0131n! \u0130sti v\u0259 t\u0259rl\u0259m\u0259 narahatl\u0131qlar\u0131na son! Sens Ice Texnologiyas\u0131 il\u0259 haz\u0131rlanm\u0131\u015f Visco Yast\u0131q gec\u0259 boyunca soyuqluq t\u0259min ed\u0259r\u0259k, yuxunuzda m\u00fck\u0259mm\u0259l serinlik v\u0259 rahatl\u0131q&hellip;<\/p>","protected":false},"featured_media":24989,"comment_status":"closed","ping_status":"closed","template":"","meta":[],"product_brand":[],"product_cat":[140],"product_tag":[143,142,216,141],"class_list":{"0":"post-24985","1":"product","2":"type-product","3":"status-publish","4":"has-post-thumbnail","6":"product_cat-yastiqlar","7":"product_tag-ortopedik","8":"product_tag-ortopedikyastiq","9":"product_tag-pillow","10":"product_tag-yastiq","12":"first","13":"instock","14":"sale","15":"shipping-taxable","16":"purchasable","17":"product-type-simple","18":"layout-style-6","19":"col-md-4 col-sm-4 col-xs-6","20":"col-lg-3","21":"product-has-gallery","22":"product-style-addtocart"},"_links":{"self":[{"href":"https:\/\/vivamattress.az\/ru\/wp-json\/wp\/v2\/product\/24985","targetHints":{"allow":["GET"]}}],"collection":[{"href":"https:\/\/vivamattress.az\/ru\/wp-json\/wp\/v2\/product"}],"about":[{"href":"https:\/\/vivamattress.az\/ru\/wp-json\/wp\/v2\/types\/product"}],"replies":[{"embeddable":true,"href":"https:\/\/vivamattress.az\/ru\/wp-json\/wp\/v2\/comments?post=24985"}],"version-history":[{"count":0,"href":"https:\/\/vivamattress.az\/ru\/wp-json\/wp\/v2\/product\/24985\/revisions"}],"wp:featuredmedia":[{"embeddable":true,"href":"https:\/\/vivamattress.az\/ru\/wp-json\/wp\/v2\/media\/24989"}],"wp:attachment":[{"href":"https:\/\/vivamattress.az\/ru\/wp-json\/wp\/v2\/media?parent=24985"}],"wp:term":[{"taxonomy":"product_brand","embeddable":true,"href":"https:\/\/vivamattress.az\/ru\/wp-json\/wp\/v2\/product_brand?post=24985"},{"taxonomy":"product_cat","embeddable":true,"href":"https:\/\/vivamattress.az\/ru\/wp-json\/wp\/v2\/product_cat?post=24985"},{"taxonomy":"product_tag","embeddable":true,"href":"https:\/\/vivamattress.az\/ru\/wp-json\/wp\/v2\/product_tag?post=24985"}],"curies":[{"name":"wp","href":"https:\/\/api.w.org\/{rel}","templated":true}]}}