{"id":24980,"date":"2025-01-21T12:09:14","date_gmt":"2025-01-21T12:09:14","guid":{"rendered":"https:\/\/vivamattress.az\/?post_type=product&#038;p=24980"},"modified":"2025-01-21T12:09:15","modified_gmt":"2025-01-21T12:09:15","slug":"medium-serenity-touch","status":"publish","type":"product","link":"https:\/\/vivamattress.az\/ru\/product\/medium-serenity-touch\/","title":{"rendered":"Medium Serenity Touch"},"content":{"rendered":"<p><strong>MEDIUM SERENITY TOUCH \u2013 \u0421\u0440\u0435\u0434\u043d\u0435\u0439 \u0416\u0435\u0441\u0442\u043a\u043e\u0441\u0442\u0438, \u042d\u0440\u0433\u043e\u043d\u043e\u043c\u0438\u0447\u043d\u0430\u044f \u041f\u043e\u0434\u0443\u0448\u043a\u0430 \u0434\u043b\u044f \u0418\u0434\u0435\u0430\u043b\u044c\u043d\u043e\u0433\u043e \u0421\u043d\u0430<\/strong><br \/>\n\u0418\u0434\u0435\u0430\u043b\u044c\u043d\u044b\u0439 \u0432\u044b\u0431\u043e\u0440 \u0434\u043b\u044f \u0442\u0435\u0445, \u043a\u0442\u043e \u0441\u043f\u0438\u0442 \u043d\u0430 \u0431\u043e\u043a\u0443! \u042d\u0440\u0433\u043e\u043d\u043e\u043c\u0438\u0447\u043d\u0430\u044f \u043f\u043e\u0434\u0443\u0448\u043a\u0430 ViscoTex Medium Serenity \u0441 \u0443\u043c\u0435\u0440\u0435\u043d\u043d\u043e\u0439 \u0436\u0435\u0441\u0442\u043a\u043e\u0441\u0442\u044c\u044e \u043e\u0431\u0435\u0441\u043f\u0435\u0447\u0438\u0432\u0430\u0435\u0442 \u0440\u0430\u0441\u0441\u043b\u0430\u0431\u043b\u0435\u043d\u0438\u0435 \u0448\u0435\u0439\u043d\u044b\u0445 \u0438 \u043f\u043e\u044f\u0441\u043d\u0438\u0447\u043d\u044b\u0445 \u043c\u044b\u0448\u0446, \u043f\u0440\u0435\u0434\u043b\u0430\u0433\u0430\u044f \u043c\u0430\u043a\u0441\u0438\u043c\u0430\u043b\u044c\u043d\u044b\u0439 \u043a\u043e\u043c\u0444\u043e\u0440\u0442 \u0432\u043e \u0432\u0440\u0435\u043c\u044f \u0441\u043d\u0430. \u041f\u0435\u043d\u043e\u043f\u043e\u043b\u0438\u0443\u0440\u0435\u0442\u0430\u043d \u0441 \u043f\u0430\u043c\u044f\u0442\u044c\u044e \u0444\u043e\u0440\u043c\u044b \u0438 \u0441\u043e\u0441\u0442\u0430\u0432 CosyPUR \u0443\u043c\u0435\u043d\u044c\u0448\u0430\u044e\u0442 \u043c\u044b\u0448\u0435\u0447\u043d\u043e\u0435 \u043d\u0430\u043f\u0440\u044f\u0436\u0435\u043d\u0438\u0435, \u043e\u0431\u0435\u0441\u043f\u0435\u0447\u0438\u0432\u0430\u044f \u0433\u043b\u0443\u0431\u043e\u043a\u0438\u0439 \u0438 \u0441\u043f\u043e\u043a\u043e\u0439\u043d\u044b\u0439 \u0441\u043e\u043d \u043a\u0430\u0436\u0434\u0443\u044e \u043d\u043e\u0447\u044c.<br \/>\nOEKOTEX-\u0441\u0435\u0440\u0442\u0438\u0444\u0438\u0446\u0438\u0440\u043e\u0432\u0430\u043d\u043d\u044b\u0439 \u0442\u0435\u0440\u043c\u043e\u0447\u0435\u0445\u043e\u043b \u0438 \u0434\u044b\u0448\u0430\u0449\u0438\u0439 \u043d\u0430\u043f\u043e\u043b\u043d\u0438\u0442\u0435\u043b\u044c \u0441\u043e\u0437\u0434\u0430\u044e\u0442 \u0438\u0434\u0435\u0430\u043b\u044c\u043d\u0443\u044e \u0441\u0440\u0435\u0434\u0443 \u0434\u043b\u044f \u0441\u043d\u0430, \u0434\u0435\u043b\u0430\u044f \u044d\u0442\u0443 \u043f\u043e\u0434\u0443\u0448\u043a\u0443 \u043f\u043e\u0434\u0445\u043e\u0434\u044f\u0449\u0435\u0439 \u0434\u0430\u0436\u0435 \u0434\u043b\u044f \u0442\u0435\u0445, \u043a\u0442\u043e \u0441\u043a\u043b\u043e\u043d\u0435\u043d \u043a \u0431\u044b\u0441\u0442\u0440\u043e\u043c\u0443 \u043f\u043e\u0442\u043e\u043e\u0442\u0434\u0435\u043b\u0435\u043d\u0438\u044e.<\/p>\n<p>\u041b\u0435\u0433\u043a\u043e\u0441\u0442\u044c \u0432 \u0442\u0440\u0430\u043d\u0441\u043f\u043e\u0440\u0442\u0438\u0440\u043e\u0432\u043a\u0435 \u0438 \u0440\u0430\u0437\u043c\u0435\u0440 65x43x12 \u0441\u043c \u0434\u0435\u043b\u0430\u044e\u0442 Medium Serenity Touch \u0438\u0434\u0435\u0430\u043b\u044c\u043d\u044b\u043c \u0441\u043f\u0443\u0442\u043d\u0438\u043a\u043e\u043c \u043a\u0430\u043a \u0434\u043e\u043c\u0430, \u0442\u0430\u043a \u0438 \u0432 \u043f\u043e\u0435\u0437\u0434\u043a\u0430\u0445.\n\u041f\u043e\u0434\u0445\u043e\u0434\u0438\u0442 \u0434\u043b\u044f \u0432\u0441\u0435\u0445 \u043f\u043e\u043b\u043e\u0436\u0435\u043d\u0438\u0439 \u0441\u043d\u0430, \u0433\u0430\u0440\u0430\u043d\u0442\u0438\u0440\u0443\u044f \u043a\u043e\u043c\u0444\u043e\u0440\u0442\u043d\u044b\u0435 \u043d\u043e\u0447\u0438 \u0438 \u044d\u0440\u0433\u043e\u043d\u043e\u043c\u0438\u0447\u043d\u044b\u0439 \u043e\u0442\u0434\u044b\u0445.<\/p>\n<p><strong>\u041f\u0440\u0438\u043c\u0435\u0447\u0430\u043d\u0438\u0435: \u0427\u0435\u0445\u043e\u043b \u043c\u043e\u0436\u043d\u043e \u0441\u0442\u0438\u0440\u0430\u0442\u044c \u0442\u043e\u043b\u044c\u043a\u043e \u043f\u0440\u0438 \u0442\u0435\u043c\u043f\u0435\u0440\u0430\u0442\u0443\u0440\u0435 40\u00b0C.<\/strong><\/p>","protected":false},"excerpt":{"rendered":"<p>MEDIUM SERENITY TOUCH \u2013 Orta S\u0259rt, Yadda\u015fl\u0131 Yast\u0131q il\u0259 M\u00fck\u0259mm\u0259l Yuxu T\u0259cr\u00fcb\u0259si Yan yatanlar \u00fc\u00e7\u00fcn ideal se\u00e7im! ViscoTex Medium Serenity Ergonomik Yast\u0131q, orta s\u0259rtliyi il\u0259 boyun v\u0259 bel \u0259z\u0259l\u0259l\u0259rinizi rahatladaraq&hellip;<\/p>","protected":false},"featured_media":24981,"comment_status":"closed","ping_status":"closed","template":"","meta":[],"product_brand":[],"product_cat":[140],"product_tag":[142,216,141],"class_list":{"0":"post-24980","1":"product","2":"type-product","3":"status-publish","4":"has-post-thumbnail","6":"product_cat-yastiqlar","7":"product_tag-ortopedikyastiq","8":"product_tag-pillow","9":"product_tag-yastiq","11":"first","12":"instock","13":"sale","14":"shipping-taxable","15":"purchasable","16":"product-type-simple","17":"layout-style-6","18":"col-md-4 col-sm-4 col-xs-6","19":"col-lg-3","20":"product-has-gallery","21":"product-style-addtocart"},"_links":{"self":[{"href":"https:\/\/vivamattress.az\/ru\/wp-json\/wp\/v2\/product\/24980","targetHints":{"allow":["GET"]}}],"collection":[{"href":"https:\/\/vivamattress.az\/ru\/wp-json\/wp\/v2\/product"}],"about":[{"href":"https:\/\/vivamattress.az\/ru\/wp-json\/wp\/v2\/types\/product"}],"replies":[{"embeddable":true,"href":"https:\/\/vivamattress.az\/ru\/wp-json\/wp\/v2\/comments?post=24980"}],"version-history":[{"count":0,"href":"https:\/\/vivamattress.az\/ru\/wp-json\/wp\/v2\/product\/24980\/revisions"}],"wp:featuredmedia":[{"embeddable":true,"href":"https:\/\/vivamattress.az\/ru\/wp-json\/wp\/v2\/media\/24981"}],"wp:attachment":[{"href":"https:\/\/vivamattress.az\/ru\/wp-json\/wp\/v2\/media?parent=24980"}],"wp:term":[{"taxonomy":"product_brand","embeddable":true,"href":"https:\/\/vivamattress.az\/ru\/wp-json\/wp\/v2\/product_brand?post=24980"},{"taxonomy":"product_cat","embeddable":true,"href":"https:\/\/vivamattress.az\/ru\/wp-json\/wp\/v2\/product_cat?post=24980"},{"taxonomy":"product_tag","embeddable":true,"href":"https:\/\/vivamattress.az\/ru\/wp-json\/wp\/v2\/product_tag?post=24980"}],"curies":[{"name":"wp","href":"https:\/\/api.w.org\/{rel}","templated":true}]}}