{"id":24975,"date":"2025-01-21T11:07:59","date_gmt":"2025-01-21T11:07:59","guid":{"rendered":"https:\/\/vivamattress.az\/?post_type=product&#038;p=24975"},"modified":"2025-01-21T12:21:54","modified_gmt":"2025-01-21T12:21:54","slug":"24975","status":"publish","type":"product","link":"https:\/\/vivamattress.az\/ru\/product\/24975\/","title":{"rendered":"Latex Touch"},"content":{"rendered":"<h4><strong>Latex Touch \u2013 \u0415\u0441\u0442\u0435\u0441\u0442\u0432\u0435\u043d\u043d\u044b\u0435 \u043c\u0430\u0442\u0435\u0440\u0438\u0430\u043b\u044b \u0434\u043b\u044f \u0437\u0434\u043e\u0440\u043e\u0432\u043e\u0433\u043e \u0438 \u043a\u043e\u043c\u0444\u043e\u0440\u0442\u043d\u043e\u0433\u043e \u0441\u043d\u0430!<\/strong><\/h4>\n<p>\u041f\u043e\u0434\u0443\u0448\u043a\u0430 Latex Touch \u0438\u0437\u0433\u043e\u0442\u043e\u0432\u043b\u0435\u043d\u0430 \u0438\u0437 \u043f\u043e\u043b\u043d\u043e\u0441\u0442\u044c\u044e \u043d\u0430\u0442\u0443\u0440\u0430\u043b\u044c\u043d\u043e\u0433\u043e \u043b\u0430\u0442\u0435\u043a\u0441\u0430, \u043f\u043e\u043b\u0443\u0447\u0435\u043d\u043d\u043e\u0433\u043e \u0438\u0437 \u0441\u043e\u043a\u0430 \u043a\u0430\u0443\u0447\u0443\u043a\u043e\u0432\u043e\u0433\u043e \u0434\u0435\u0440\u0435\u0432\u0430. \u042d\u0442\u043e\u0442 \u043c\u0430\u0442\u0435\u0440\u0438\u0430\u043b \u0438\u0434\u0435\u0430\u043b\u044c\u043d\u043e \u0430\u0434\u0430\u043f\u0442\u0438\u0440\u0443\u0435\u0442\u0441\u044f \u043a \u0432\u0435\u0441\u0443 \u0442\u0435\u043b\u0430, \u043e\u0431\u0435\u0441\u043f\u0435\u0447\u0438\u0432\u0430\u044f \u0435\u0441\u0442\u0435\u0441\u0442\u0432\u0435\u043d\u043d\u044b\u0439 \u043a\u043e\u043c\u0444\u043e\u0440\u0442 \u0432\u043e \u0432\u0440\u0435\u043c\u044f \u0441\u043d\u0430 \u0438 \u043f\u043e\u0434\u0434\u0435\u0440\u0436\u0438\u0432\u0430\u044f \u0435\u0441\u0442\u0435\u0441\u0442\u0432\u0435\u043d\u043d\u044b\u0439 \u0438\u0437\u0433\u0438\u0431 \u043f\u043e\u0437\u0432\u043e\u043d\u043e\u0447\u043d\u0438\u043a\u0430<\/p>\n<ul>\n<li>\u041d\u0430\u0442\u0443\u0440\u0430\u043b\u044c\u043d\u0430\u044f \u0441\u0442\u0440\u0443\u043a\u0442\u0443\u0440\u0430 \u0438 \u0441\u043f\u0435\u0446\u0438\u0430\u043b\u044c\u043d\u043e \u0440\u0430\u0437\u0440\u0430\u0431\u043e\u0442\u0430\u043d\u043d\u044b\u0435 \u0431\u043e\u043a\u043e\u0432\u044b\u0435 \u0442\u043a\u0430\u043d\u0438 \u043e\u0431\u0435\u0441\u043f\u0435\u0447\u0438\u0432\u0430\u044e\u0442 \u0432\u044b\u0441\u043e\u043a\u0443\u044e \u0446\u0438\u0440\u043a\u0443\u043b\u044f\u0446\u0438\u044e \u0432\u043e\u0437\u0434\u0443\u0445\u0430 \u0438 \u043f\u0440\u0435\u0434\u043e\u0442\u0432\u0440\u0430\u0449\u0430\u044e\u0442 \u043f\u043e\u0442\u043e\u043e\u0442\u0434\u0435\u043b\u0435\u043d\u0438\u0435.<\/li>\n<li>\u0412\u043e\u0437\u0434\u0443\u0448\u043d\u044b\u0435 \u043a\u0430\u043d\u0430\u043b\u044b \u0441\u043e\u0437\u0434\u0430\u044e\u0442 \u043f\u0440\u043e\u0445\u043b\u0430\u0434\u043d\u044b\u0439 \u0438 \u043d\u0435\u043f\u0440\u0435\u0440\u044b\u0432\u043d\u044b\u0439 \u0441\u043e\u043d \u0432 \u0442\u0435\u0447\u0435\u043d\u0438\u0435 \u0432\u0441\u0435\u0445 \u0447\u0435\u0442\u044b\u0440\u0435\u0445 \u0441\u0435\u0437\u043e\u043d\u043e\u0432.<\/li>\n<li>\u0421\u044a\u0435\u043c\u043d\u044b\u0439 \u043c\u043e\u044e\u0449\u0438\u0439\u0441\u044f \u0447\u0435\u0445\u043e\u043b \u0441\u043f\u043e\u0441\u043e\u0431\u0441\u0442\u0432\u0443\u0435\u0442 \u0441\u043e\u0437\u0434\u0430\u043d\u0438\u044e \u0447\u0438\u0441\u0442\u043e\u0439 \u0438 \u0437\u0434\u043e\u0440\u043e\u0432\u043e\u0439 \u0441\u0440\u0435\u0434\u044b \u0434\u043b\u044f \u0441\u043d\u0430.<\/li>\n<li>\u0415\u0441\u0442\u0435\u0441\u0442\u0432\u0435\u043d\u043d\u0430\u044f \u044d\u043b\u0430\u0441\u0442\u0438\u0447\u043d\u043e\u0441\u0442\u044c \u043e\u0431\u0435\u0441\u043f\u0435\u0447\u0438\u0432\u0430\u0435\u0442 \u0434\u043e\u043b\u0433\u043e\u0432\u0435\u0447\u043d\u043e\u0435 \u0438\u0441\u043f\u043e\u043b\u044c\u0437\u043e\u0432\u0430\u043d\u0438\u0435.<\/li>\n<\/ul>\n<p>\u0418\u0437\u0433\u043e\u0442\u043e\u0432\u043b\u0435\u043d\u0430 \u0438\u0437 100% \u0434\u044b\u0448\u0430\u0449\u0435\u0433\u043e \u043b\u0430\u0442\u0435\u043a\u0441\u0430, \u043f\u043e\u0434\u0443\u0448\u043a\u0430 Latex Touch \u0438\u0434\u0435\u0430\u043b\u044c\u043d\u043e \u0430\u0434\u0430\u043f\u0442\u0438\u0440\u0443\u0435\u0442\u0441\u044f \u043a \u043e\u0431\u043b\u0430\u0441\u0442\u0438 \u0433\u043e\u043b\u043e\u0432\u044b, \u0448\u0435\u0438 \u0438 \u043f\u043b\u0435\u0447, \u043e\u0431\u0435\u0441\u043f\u0435\u0447\u0438\u0432\u0430\u044f \u043e\u043f\u0442\u0438\u043c\u0430\u043b\u044c\u043d\u0443\u044e \u043f\u043e\u0434\u0434\u0435\u0440\u0436\u043a\u0443.\u0420\u0435\u043a\u043e\u043c\u0435\u043d\u0434\u0430\u0446\u0438\u0438:\n\u041f\u043e\u0434\u0445\u043e\u0434\u0438\u0442 \u0434\u043b\u044f \u043b\u044e\u0431\u0438\u0442\u0435\u043b\u0435\u0439 \u043f\u043e\u0434\u0443\u0448\u0435\u043a \u0441\u0440\u0435\u0434\u043d\u0435\u0439 \u0436\u0435\u0441\u0442\u043a\u043e\u0441\u0442\u0438. \u0411\u043b\u0430\u0433\u043e\u0434\u0430\u0440\u044f \u0441\u043e\u043e\u0442\u0432\u0435\u0442\u0441\u0442\u0432\u0438\u044e \u0441\u0442\u0430\u043d\u0434\u0430\u0440\u0442\u0430\u043c OekoTex, \u043f\u043e\u0434\u0443\u0448\u043a\u0430 \u0431\u0435\u0437\u043e\u043f\u0430\u0441\u043d\u0430 \u0434\u043b\u044f \u0438\u0441\u043f\u043e\u043b\u044c\u0437\u043e\u0432\u0430\u043d\u0438\u044f, \u0438 \u0432\u0430\u043c \u043d\u0435 \u043f\u0440\u0438\u0434\u0435\u0442\u0441\u044f \u0431\u0435\u0441\u043f\u043e\u043a\u043e\u0438\u0442\u044c\u0441\u044f \u043e \u043d\u0430\u043b\u0438\u0447\u0438\u0438 \u0432\u0440\u0435\u0434\u043d\u044b\u0445 \u0432\u0435\u0449\u0435\u0441\u0442\u0432 \u0432 \u0435\u0435 \u0441\u043e\u0441\u0442\u0430\u0432\u0435.<\/p>\n<div id=\"product-24970\" class=\"new layout-style-6 product type-product post-24970 status-publish first instock product_cat-yastiqlar product_tag-ortopedikyastiq product_tag-pillow product_tag-yastiq has-post-thumbnail sale shipping-taxable purchasable product-type-simple\">\n<div class=\"woocommerce-tabs wc-tabs-wrapper\">\n<div id=\"tab-description\" class=\"woocommerce-Tabs-panel woocommerce-Tabs-panel--description panel entry-content wc-tab\" role=\"tabpanel\" aria-labelledby=\"tab-title-description\">\n<div class=\"container\">\n<p><strong>\u0420\u0435\u043a\u043e\u043c\u0435\u043d\u0434\u0430\u0446\u0438\u0438 \u043f\u043e \u0441\u0442\u0438\u0440\u043a\u0435:<\/strong> \u0421\u0442\u0438\u0440\u0430\u0442\u044c \u0442\u043e\u043b\u044c\u043a\u043e \u0447\u0435\u0445\u043e\u043b \u043f\u0440\u0438 \u0442\u0435\u043c\u043f\u0435\u0440\u0430\u0442\u0443\u0440\u0435 40\u00b0C.<\/p>\n<\/div>\n<\/div>\n<\/div>\n<\/div>","protected":false},"excerpt":{"rendered":"<p>Latex Touch \u2013 T\u0259bii materiallarla sa\u011flam v\u0259 rahat yuxu t\u0259cr\u00fcb\u0259si! Latex Touch yast\u0131\u011f\u0131, kau\u00e7uk a\u011fac\u0131n\u0131n s\u00fcd\u00fcnd\u0259n \u0259ld\u0259 edil\u0259n tamamil\u0259 t\u0259bii lateks material\u0131 il\u0259 haz\u0131rlanm\u0131\u015fd\u0131r. Bu yast\u0131q b\u0259d\u0259nin \u00e7\u0259kisin\u0259 uy\u011funla\u015faraq t\u0259bii&hellip;<\/p>","protected":false},"featured_media":24978,"comment_status":"closed","ping_status":"closed","template":"","meta":[],"product_brand":[],"product_cat":[140],"product_tag":[142,141,217],"class_list":{"0":"post-24975","1":"product","2":"type-product","3":"status-publish","4":"has-post-thumbnail","6":"product_cat-yastiqlar","7":"product_tag-ortopedikyastiq","8":"product_tag-yastiq","9":"product_tag-yastiqlar","11":"first","12":"instock","13":"sale","14":"shipping-taxable","15":"purchasable","16":"product-type-simple","17":"layout-style-6","18":"col-md-4 col-sm-4 col-xs-6","19":"col-lg-3","20":"product-has-gallery","21":"product-style-addtocart"},"_links":{"self":[{"href":"https:\/\/vivamattress.az\/ru\/wp-json\/wp\/v2\/product\/24975","targetHints":{"allow":["GET"]}}],"collection":[{"href":"https:\/\/vivamattress.az\/ru\/wp-json\/wp\/v2\/product"}],"about":[{"href":"https:\/\/vivamattress.az\/ru\/wp-json\/wp\/v2\/types\/product"}],"replies":[{"embeddable":true,"href":"https:\/\/vivamattress.az\/ru\/wp-json\/wp\/v2\/comments?post=24975"}],"version-history":[{"count":0,"href":"https:\/\/vivamattress.az\/ru\/wp-json\/wp\/v2\/product\/24975\/revisions"}],"wp:featuredmedia":[{"embeddable":true,"href":"https:\/\/vivamattress.az\/ru\/wp-json\/wp\/v2\/media\/24978"}],"wp:attachment":[{"href":"https:\/\/vivamattress.az\/ru\/wp-json\/wp\/v2\/media?parent=24975"}],"wp:term":[{"taxonomy":"product_brand","embeddable":true,"href":"https:\/\/vivamattress.az\/ru\/wp-json\/wp\/v2\/product_brand?post=24975"},{"taxonomy":"product_cat","embeddable":true,"href":"https:\/\/vivamattress.az\/ru\/wp-json\/wp\/v2\/product_cat?post=24975"},{"taxonomy":"product_tag","embeddable":true,"href":"https:\/\/vivamattress.az\/ru\/wp-json\/wp\/v2\/product_tag?post=24975"}],"curies":[{"name":"wp","href":"https:\/\/api.w.org\/{rel}","templated":true}]}}