{"id":24965,"date":"2025-01-21T10:43:55","date_gmt":"2025-01-21T10:43:55","guid":{"rendered":"https:\/\/vivamattress.az\/?post_type=product&#038;p=24965"},"modified":"2025-01-21T10:43:55","modified_gmt":"2025-01-21T10:43:55","slug":"anti-aging","status":"publish","type":"product","link":"https:\/\/vivamattress.az\/ru\/product\/anti-aging\/","title":{"rendered":"Anti-Aging"},"content":{"rendered":"<p><strong>\u041f\u043e\u0434\u0443\u0448\u043a\u0430 Anti-Aging \u2013 \u043a\u043e\u043c\u0444\u043e\u0440\u0442\u043d\u044b\u0439 \u0441\u043e\u043d \u0438 \u0441\u043e\u0445\u0440\u0430\u043d\u0435\u043d\u0438\u0435 \u0441\u0432\u0435\u0436\u0435\u0441\u0442\u0438!<\/strong><br \/>\n\u041f\u043e\u0434\u0443\u0448\u043a\u0430 Anti-Aging \u0441 \u0443\u043d\u0438\u043a\u0430\u043b\u044c\u043d\u044b\u043c \u0434\u0438\u0437\u0430\u0439\u043d\u043e\u043c \u043f\u043e\u043c\u043e\u0433\u0430\u0435\u0442 \u0441\u043e\u0445\u0440\u0430\u043d\u0438\u0442\u044c \u0433\u043b\u0430\u0434\u043a\u043e\u0441\u0442\u044c \u0432\u0430\u0448\u0435\u0439 \u043a\u043e\u0436\u0438, \u0443\u043c\u0435\u043d\u044c\u0448\u0430\u044f \u0434\u0430\u0432\u043b\u0435\u043d\u0438\u0435 \u043d\u0430 \u043b\u0438\u0446\u043e \u0432\u043e \u0432\u0440\u0435\u043c\u044f \u0441\u043d\u0430. \u0415\u0435 \u0448\u0435\u043b\u043a\u043e\u0432\u0438\u0441\u0442\u043e-\u043c\u044f\u0433\u043a\u0438\u0439 \u0447\u0435\u0445\u043e\u043b \u043e\u0431\u0435\u0441\u043f\u0435\u0447\u0438\u0432\u0430\u0435\u0442 \u0438\u0434\u0435\u0430\u043b\u044c\u043d\u044b\u0439 \u043e\u043f\u044b\u0442 \u0441\u043d\u0430. \u0411\u043b\u0430\u0433\u043e\u0434\u0430\u0440\u044f \u0438\u043d\u043d\u043e\u0432\u0430\u0446\u0438\u043e\u043d\u043d\u043e\u0439 \u0442\u0435\u0445\u043d\u043e\u043b\u043e\u0433\u0438\u0438 \u043a\u043e\u0441\u043c\u0435\u0442\u0438\u0447\u0435\u0441\u043a\u043e\u0433\u043e \u0442\u0435\u043a\u0441\u0442\u0438\u043b\u044f, \u043f\u043e\u0434\u0443\u0448\u043a\u0430 \u043e\u0431\u043e\u0433\u0430\u0449\u0435\u043d\u0430 \u043a\u043e\u044d\u043d\u0437\u0438\u043c\u0430\u043c\u0438 \u0438 \u0432\u0438\u0442\u0430\u043c\u0438\u043d\u0430\u043c\u0438 A, C, E, \u0447\u0442\u043e \u0441\u043f\u043e\u0441\u043e\u0431\u0441\u0442\u0432\u0443\u0435\u0442 \u043e\u0431\u043d\u043e\u0432\u043b\u0435\u043d\u0438\u044e \u043a\u043e\u0436\u0438 \u0438 \u043f\u0440\u0438\u0434\u0430\u0435\u0442 \u0435\u0439 \u0441\u0438\u044f\u044e\u0449\u0438\u0439 \u0432\u0438\u0434 \u0432 \u0442\u0435\u0447\u0435\u043d\u0438\u0435 \u043d\u043e\u0447\u0438.<\/p>\n<p>\u041f\u0440\u0435\u0438\u043c\u0443\u0449\u0435\u0441\u0442\u0432\u0430 \u043f\u043e\u0434\u0443\u0448\u043a\u0438 Anti-Aging:<\/p>\n<ul>\n<li>\u041e\u0431\u043b\u0430\u0434\u0430\u0435\u0442 \u043e\u043c\u043e\u043b\u0430\u0436\u0438\u0432\u0430\u044e\u0449\u0438\u043c \u044d\u0444\u0444\u0435\u043a\u0442\u043e\u043c \u0438 \u043f\u0440\u0435\u0434\u043e\u0442\u0432\u0440\u0430\u0449\u0430\u0435\u0442 \u043e\u0431\u0440\u0430\u0437\u043e\u0432\u0430\u043d\u0438\u0435 \u043c\u043e\u0440\u0449\u0438\u043d.<\/li>\n<li>\u0423\u043c\u0435\u043d\u044c\u0448\u0430\u0435\u0442 \u043f\u043e\u0432\u0440\u0435\u0436\u0434\u0435\u043d\u0438\u044f \u043a\u043e\u0436\u0438, \u0432\u044b\u0437\u0432\u0430\u043d\u043d\u044b\u0435 \u043e\u043a\u0441\u0438\u0434\u0430\u0442\u0438\u0432\u043d\u044b\u043c \u0441\u0442\u0440\u0435\u0441\u0441\u043e\u043c.<\/li>\n<li>\u041f\u043e\u0434\u0434\u0435\u0440\u0436\u0438\u0432\u0430\u0435\u0442 \u0441\u0438\u044f\u044e\u0449\u0438\u0439 \u0438 \u0437\u0434\u043e\u0440\u043e\u0432\u044b\u0439 \u0432\u0438\u0434 \u043a\u043e\u0436\u0438.<\/li>\n<li>\u0423\u0441\u0438\u043b\u0438\u0432\u0430\u0435\u0442 \u0432\u043b\u0438\u044f\u043d\u0438\u0435 \u0433\u043e\u0440\u043c\u043e\u043d\u0430 \u0440\u043e\u0441\u0442\u0430 \u0432\u043e \u0432\u0440\u0435\u043c\u044f \u0441\u043d\u0430, \u0441\u0442\u0438\u043c\u0443\u043b\u0438\u0440\u0443\u044f \u043e\u0431\u0440\u0430\u0437\u043e\u0432\u0430\u043d\u0438\u0435 \u043d\u043e\u0432\u044b\u0445 \u043a\u043b\u0435\u0442\u043e\u043a \u043a\u043e\u0436\u0438.<\/li>\n<\/ul>\n<p><strong>\u0418\u0434\u0435\u0430\u043b\u044c\u043d\u044b\u0439 \u0432\u044b\u0431\u043e\u0440 \u0434\u043b\u044f \u0437\u0434\u043e\u0440\u043e\u0432\u043e\u0433\u043e \u0441\u043d\u0430 \u0438 \u043c\u043e\u043b\u043e\u0434\u043e\u0439 \u043a\u043e\u0436\u0438!<\/strong> \u041f\u043e\u0434\u0443\u0448\u043a\u0430 Anti-Aging \u0437\u0430\u0431\u043e\u0442\u0438\u0442\u0441\u044f \u043e \u0432\u0430\u0448\u0435\u0439 \u043a\u043e\u0436\u0435 \u0438 \u043d\u0430\u043f\u043e\u043b\u043d\u044f\u0435\u0442 \u0432\u0430\u0448\u0443 \u043f\u043e\u0432\u0441\u0435\u0434\u043d\u0435\u0432\u043d\u0443\u044e \u0436\u0438\u0437\u043d\u044c \u044d\u043d\u0435\u0440\u0433\u0438\u0435\u0439.<\/p>\n<p><strong>\u041f\u0440\u0438\u043c\u0435\u0447\u0430\u043d\u0438\u0435: \u0427\u0435\u0445\u043e\u043b \u043c\u043e\u0436\u043d\u043e \u0441\u0442\u0438\u0440\u0430\u0442\u044c \u0442\u043e\u043b\u044c\u043a\u043e \u043f\u0440\u0438 \u0442\u0435\u043c\u043f\u0435\u0440\u0430\u0442\u0443\u0440\u0435 40\u00b0C.<\/strong><\/p>","protected":false},"excerpt":{"rendered":"<p>&#8220;Anti-Aging yast\u0131\u011f\u0131 il\u0259 \u00a0h\u0259m rahat yuxu al\u0131n, h\u0259m d\u0259 f\u0259rahl\u0131\u011f\u0131n\u0131z\u0131 qoruyun!&#8221; \u00d6z\u0259l dizayna malik Anti-Aging visko yast\u0131q, yuxu zaman\u0131 \u00fcz\u00fcn\u00fcz\u0259 t\u0259zyiq etm\u0259d\u0259n d\u0259rinizin hamarl\u0131\u011f\u0131n\u0131 qoruma\u011fa k\u00f6m\u0259k edir. \u0130p\u0259k kimi yum\u015faq&hellip;<\/p>","protected":false},"featured_media":24969,"comment_status":"closed","ping_status":"closed","template":"","meta":[],"product_brand":[],"product_cat":[140],"product_tag":[215,142,213,214,141],"class_list":{"0":"post-24965","1":"product","2":"type-product","3":"status-publish","4":"has-post-thumbnail","6":"product_cat-yastiqlar","7":"product_tag-antiagingpillow","8":"product_tag-ortopedikyastiq","9":"product_tag-yaslanmayaqarsi","10":"product_tag-yaslanmayaqarsiyastiq","11":"product_tag-yastiq","13":"first","14":"instock","15":"sale","16":"shipping-taxable","17":"purchasable","18":"product-type-simple","19":"layout-style-6","20":"col-md-4 col-sm-4 col-xs-6","21":"col-lg-3","22":"product-has-gallery","23":"product-style-addtocart"},"_links":{"self":[{"href":"https:\/\/vivamattress.az\/ru\/wp-json\/wp\/v2\/product\/24965","targetHints":{"allow":["GET"]}}],"collection":[{"href":"https:\/\/vivamattress.az\/ru\/wp-json\/wp\/v2\/product"}],"about":[{"href":"https:\/\/vivamattress.az\/ru\/wp-json\/wp\/v2\/types\/product"}],"replies":[{"embeddable":true,"href":"https:\/\/vivamattress.az\/ru\/wp-json\/wp\/v2\/comments?post=24965"}],"version-history":[{"count":0,"href":"https:\/\/vivamattress.az\/ru\/wp-json\/wp\/v2\/product\/24965\/revisions"}],"wp:featuredmedia":[{"embeddable":true,"href":"https:\/\/vivamattress.az\/ru\/wp-json\/wp\/v2\/media\/24969"}],"wp:attachment":[{"href":"https:\/\/vivamattress.az\/ru\/wp-json\/wp\/v2\/media?parent=24965"}],"wp:term":[{"taxonomy":"product_brand","embeddable":true,"href":"https:\/\/vivamattress.az\/ru\/wp-json\/wp\/v2\/product_brand?post=24965"},{"taxonomy":"product_cat","embeddable":true,"href":"https:\/\/vivamattress.az\/ru\/wp-json\/wp\/v2\/product_cat?post=24965"},{"taxonomy":"product_tag","embeddable":true,"href":"https:\/\/vivamattress.az\/ru\/wp-json\/wp\/v2\/product_tag?post=24965"}],"curies":[{"name":"wp","href":"https:\/\/api.w.org\/{rel}","templated":true}]}}