{"id":24944,"date":"2025-01-10T12:07:24","date_gmt":"2025-01-10T12:07:24","guid":{"rendered":"https:\/\/vivamattress.az\/?post_type=product&#038;p=24944"},"modified":"2025-01-10T13:15:23","modified_gmt":"2025-01-10T13:15:23","slug":"matras-qoruyucusu","status":"publish","type":"product","link":"https:\/\/vivamattress.az\/ru\/product\/matras-qoruyucusu\/","title":{"rendered":"\u0417\u0430\u0449\u0438\u0442\u043d\u0438\u043a \u0434\u043b\u044f \u043c\u0430\u0442\u0440\u0430\u0441\u0430"},"content":{"rendered":"<p><strong>Luxury \u0417\u0430\u0449\u0438\u0442\u043d\u0438\u043a \u0434\u043b\u044f \u043c\u0430\u0442\u0440\u0430\u0441\u0430 \u2013 \u0412\u0430\u0448 \u043b\u0443\u0447\u0448\u0438\u0439 \u0432\u044b\u0431\u043e\u0440 \u0434\u043b\u044f \u043a\u043e\u043c\u0444\u043e\u0440\u0442\u0430 \u0438 \u0431\u0435\u0437\u043e\u043f\u0430\u0441\u043d\u043e\u0441\u0442\u0438<\/strong><br \/>\n\u0415\u0441\u043b\u0438 \u0432\u044b \u0445\u043e\u0442\u0438\u0442\u0435 \u043f\u0440\u043e\u0434\u043b\u0438\u0442\u044c \u0441\u0440\u043e\u043a \u0441\u043b\u0443\u0436\u0431\u044b \u0432\u0430\u0448\u0435\u0433\u043e \u043c\u0430\u0442\u0440\u0430\u0441\u0430 \u0438 \u0437\u0430\u0449\u0438\u0442\u0438\u0442\u044c \u0435\u0433\u043e \u043e\u0442 \u0432\u043d\u0435\u0448\u043d\u0438\u0445 \u0432\u043e\u0437\u0434\u0435\u0439\u0441\u0442\u0432\u0438\u0439, Luxury \u0417\u0430\u0449\u0438\u0442\u043d\u0438\u043a \u0434\u043b\u044f \u043c\u0430\u0442\u0440\u0430\u0441\u0430 \u0441\u0442\u0430\u043d\u0435\u0442 \u0438\u0434\u0435\u0430\u043b\u044c\u043d\u044b\u043c \u0440\u0435\u0448\u0435\u043d\u0438\u0435\u043c. \u0418\u0437\u0433\u043e\u0442\u043e\u0432\u043b\u0435\u043d\u043d\u044b\u0439 \u0438\u0437 \u043d\u0430\u0442\u0443\u0440\u0430\u043b\u044c\u043d\u044b\u0445 \u0434\u044b\u0448\u0430\u0449\u0438\u0445 \u0442\u043a\u0430\u043d\u0435\u0439, \u043e\u043d \u043e\u0431\u0435\u0441\u043f\u0435\u0447\u0438\u0432\u0430\u0435\u0442 \u043d\u0435 \u0442\u043e\u043b\u044c\u043a\u043e \u0437\u0430\u0449\u0438\u0442\u0443, \u043d\u043e \u0438 \u043a\u043e\u043c\u0444\u043e\u0440\u0442 \u0432\u044b\u0441\u0448\u0435\u0433\u043e \u0443\u0440\u043e\u0432\u043d\u044f.<\/p>\n<p><strong>\u041f\u0440\u0435\u0438\u043c\u0443\u0449\u0435\u0441\u0442\u0432\u0430 \u0437\u0430\u0449\u0438\u0442\u043d\u0438\u043a\u0430 \u0434\u043b\u044f \u043c\u0430\u0442\u0440\u0430\u0441\u0430 Luxury:<\/strong><\/p>\n<ul>\n<li><strong>\u0410\u043d\u0442\u0438\u0431\u0430\u043a\u0442\u0435\u0440\u0438\u0430\u043b\u044c\u043d\u044b\u0439 \u044d\u0444\u0444\u0435\u043a\u0442:<\/strong> \u0411\u043b\u0430\u0433\u043e\u0434\u0430\u0440\u044f \u0430\u043d\u0442\u0438\u0431\u0430\u043a\u0442\u0435\u0440\u0438\u0430\u043b\u044c\u043d\u044b\u043c \u0441\u0432\u043e\u0439\u0441\u0442\u0432\u0430\u043c \u0437\u0430\u0449\u0438\u0442\u043d\u0438\u043a\u0430 \u043f\u0440\u0435\u0434\u043e\u0442\u0432\u0440\u0430\u0449\u0430\u0435\u0442\u0441\u044f \u0440\u0430\u0437\u0432\u0438\u0442\u0438\u0435 \u043f\u044b\u043b\u0435\u0432\u044b\u0445 \u043a\u043b\u0435\u0449\u0435\u0439 \u0438 \u0431\u0430\u043a\u0442\u0435\u0440\u0438\u0439, \u0447\u0442\u043e \u0441\u043e\u0437\u0434\u0430\u0435\u0442 \u0437\u0434\u043e\u0440\u043e\u0432\u0443\u044e \u0438 \u0433\u0438\u0433\u0438\u0435\u043d\u0438\u0447\u043d\u0443\u044e \u0441\u0440\u0435\u0434\u0443 \u0434\u043b\u044f \u0441\u043d\u0430.<\/li>\n<li><strong>\u0412\u043e\u0434\u043e\u043e\u0442\u0442\u0430\u043b\u043a\u0438\u0432\u0430\u044e\u0449\u0430\u044f \u0437\u0430\u0449\u0438\u0442\u0430:<\/strong> \u041c\u0430\u0442\u0435\u0440\u0438\u0430\u043b \u0437\u0430\u0449\u0438\u0442\u043d\u0438\u043a\u0430 \u043d\u0435\u043f\u0440\u043e\u043c\u043e\u043a\u0430\u0435\u043c\u044b\u0439, \u0447\u0442\u043e \u043f\u043e\u0437\u0432\u043e\u043b\u044f\u0435\u0442 \u0443\u0431\u0435\u0440\u0435\u0447\u044c \u043c\u0430\u0442\u0440\u0430\u0441 \u043e\u0442 \u043f\u0440\u043e\u043b\u0438\u0432\u0448\u0438\u0445\u0441\u044f \u0436\u0438\u0434\u043a\u043e\u0441\u0442\u0435\u0439 \u0438 \u0441\u043e\u0445\u0440\u0430\u043d\u0438\u0442\u044c \u0435\u0433\u043e \u0432 \u0438\u0434\u0435\u0430\u043b\u044c\u043d\u043e\u043c \u0441\u043e\u0441\u0442\u043e\u044f\u043d\u0438\u0438.<\/li>\n<li><strong>\u0410\u043d\u0442\u0438\u0441\u0442\u0440\u0435\u0441\u0441 \u044d\u0444\u0444\u0435\u043a\u0442:<\/strong> \u0412\u044b\u0441\u043e\u043a\u043e\u043a\u0430\u0447\u0435\u0441\u0442\u0432\u0435\u043d\u043d\u044b\u0435 \u0442\u043a\u0430\u043d\u0438 \u043f\u043e\u043c\u043e\u0433\u0430\u044e\u0442 \u0443\u043c\u0435\u043d\u044c\u0448\u0438\u0442\u044c \u0441\u0442\u0440\u0435\u0441\u0441 \u0438 \u043e\u0431\u0435\u0441\u043f\u0435\u0447\u0438\u0432\u0430\u044e\u0442 \u0443\u0441\u043f\u043e\u043a\u0430\u0438\u0432\u0430\u044e\u0449\u0438\u0439 \u0441\u043e\u043d.<\/li>\n<li><strong>\u0422\u0435\u0445\u043d\u043e\u043b\u043e\u0433\u0438\u044f \u0431\u044b\u0441\u0442\u0440\u043e\u0433\u043e \u0432\u044b\u0441\u044b\u0445\u0430\u043d\u0438\u044f:<\/strong> \u0411\u044b\u0441\u0442\u0440\u043e\u0441\u043e\u0445\u043d\u0443\u0449\u0438\u0439 \u043c\u0430\u0442\u0435\u0440\u0438\u0430\u043b \u043e\u0431\u043b\u0435\u0433\u0447\u0430\u0435\u0442 \u0443\u0445\u043e\u0434 \u0438 \u0434\u0435\u043b\u0430\u0435\u0442 \u0437\u0430\u0449\u0438\u0442\u043d\u0438\u043a \u0433\u043e\u0442\u043e\u0432\u044b\u043c \u043a \u0438\u0441\u043f\u043e\u043b\u044c\u0437\u043e\u0432\u0430\u043d\u0438\u044e \u0437\u0430 \u043a\u043e\u0440\u043e\u0442\u043a\u043e\u0435 \u0432\u0440\u0435\u043c\u044f.<\/li>\n<\/ul>\n<p>\u0421 Luxury \u0417\u0430\u0449\u0438\u0442\u043d\u0438\u043a\u043e\u043c \u0434\u043b\u044f \u043c\u0430\u0442\u0440\u0430\u0441\u0430 \u0432\u044b \u0437\u0430\u0449\u0438\u0442\u0438\u0442\u0435 \u0441\u0432\u043e\u0439 \u043c\u0430\u0442\u0440\u0430\u0441 \u0438 \u043e\u0431\u0435\u0441\u043f\u0435\u0447\u0438\u0442\u0435 \u0441\u0435\u0431\u0435 \u043d\u043e\u0447\u0438 \u043d\u0435\u043f\u0440\u0435\u0432\u0437\u043e\u0439\u0434\u0435\u043d\u043d\u043e\u0433\u043e \u043a\u043e\u043c\u0444\u043e\u0440\u0442\u0430. \u0412\u044b\u0431\u0435\u0440\u0438\u0442\u0435 \u044d\u0442\u043e\u0442 \u043f\u0440\u043e\u0434\u0443\u043a\u0442 \u0434\u043b\u044f \u0437\u0434\u043e\u0440\u043e\u0432\u043e\u0433\u043e, \u0443\u0434\u043e\u0431\u043d\u043e\u0433\u043e \u0438 \u0434\u043e\u043b\u0433\u043e\u0432\u0435\u0447\u043d\u043e\u0433\u043e \u0438\u0441\u043f\u043e\u043b\u044c\u0437\u043e\u0432\u0430\u043d\u0438\u044f!<\/p>","protected":false},"excerpt":{"rendered":"<p>Luxury Matras Qoruyucusu \u2013 Rahatl\u0131q v\u0259 T\u0259hl\u00fck\u0259sizlik \u00fc\u00e7\u00fcn \u018fn Yax\u015f\u0131 Se\u00e7im Matras\u0131n\u0131z\u0131n \u00f6mr\u00fcn\u00fc uzatmaq v\u0259 keyfiyy\u0259tini qorumaq ist\u0259yirsinizs\u0259, T\u00fcrkiy\u0259 istehsal\u0131 Luxury Matras Qoruyucusu ideal h\u0259ll yoludur. T\u0259bii n\u0259f\u0259s alan x\u00fcsusi&hellip;<\/p>","protected":false},"featured_media":24947,"comment_status":"closed","ping_status":"closed","template":"","meta":[],"product_brand":[],"product_cat":[92],"product_tag":[211],"class_list":{"0":"post-24944","1":"product","2":"type-product","3":"status-publish","4":"has-post-thumbnail","6":"product_cat-matras","7":"product_tag-matrasqoruyucu","9":"first","10":"instock","11":"sale","12":"shipping-taxable","13":"purchasable","14":"product-type-variable","15":"layout-style-6","16":"col-md-4 col-sm-4 col-xs-6","17":"col-lg-3","18":"product-has-gallery","19":"product-style-addtocart"},"_links":{"self":[{"href":"https:\/\/vivamattress.az\/ru\/wp-json\/wp\/v2\/product\/24944","targetHints":{"allow":["GET"]}}],"collection":[{"href":"https:\/\/vivamattress.az\/ru\/wp-json\/wp\/v2\/product"}],"about":[{"href":"https:\/\/vivamattress.az\/ru\/wp-json\/wp\/v2\/types\/product"}],"replies":[{"embeddable":true,"href":"https:\/\/vivamattress.az\/ru\/wp-json\/wp\/v2\/comments?post=24944"}],"version-history":[{"count":0,"href":"https:\/\/vivamattress.az\/ru\/wp-json\/wp\/v2\/product\/24944\/revisions"}],"wp:featuredmedia":[{"embeddable":true,"href":"https:\/\/vivamattress.az\/ru\/wp-json\/wp\/v2\/media\/24947"}],"wp:attachment":[{"href":"https:\/\/vivamattress.az\/ru\/wp-json\/wp\/v2\/media?parent=24944"}],"wp:term":[{"taxonomy":"product_brand","embeddable":true,"href":"https:\/\/vivamattress.az\/ru\/wp-json\/wp\/v2\/product_brand?post=24944"},{"taxonomy":"product_cat","embeddable":true,"href":"https:\/\/vivamattress.az\/ru\/wp-json\/wp\/v2\/product_cat?post=24944"},{"taxonomy":"product_tag","embeddable":true,"href":"https:\/\/vivamattress.az\/ru\/wp-json\/wp\/v2\/product_tag?post=24944"}],"curies":[{"name":"wp","href":"https:\/\/api.w.org\/{rel}","templated":true}]}}