{"id":24297,"date":"2024-07-05T11:15:28","date_gmt":"2024-07-05T11:15:28","guid":{"rendered":"https:\/\/vivamattress.az\/?post_type=product&#038;p=24297"},"modified":"2024-08-05T12:30:26","modified_gmt":"2024-08-05T12:30:26","slug":"besik-matrasi","status":"publish","type":"product","link":"https:\/\/vivamattress.az\/ru\/product\/besik-matrasi\/","title":{"rendered":"\u041c\u0430\u0442\u0440\u0430\u0441 \u0434\u043b\u044f \u0434\u0435\u0442\u0441\u043a\u043e\u0439 \u043a\u0440\u043e\u0432\u0430\u0442\u043a\u0438"},"content":{"rendered":"<div class=\"flex flex-grow flex-col max-w-full\">\n<div class=\"min-h-[20px] text-message flex flex-col items-start whitespace-pre-wrap break-words [.text-message+&amp;]:mt-5 juice:w-full juice:items-end overflow-x-auto gap-2\" dir=\"auto\" data-message-author-role=\"assistant\" data-message-id=\"6e6f5867-6a4c-430a-89b2-f72cb8e9686d\">\n<div class=\"flex w-full flex-col gap-1 juice:empty:hidden juice:first:pt-[3px]\">\n<div class=\"markdown prose w-full break-words dark:prose-invert dark\">\n<p>\u0130sti hava \u015f\u0259raitind\u0259 k\u00f6rp\u0259l\u0259r \u00fc\u00e7\u00fcn \u0259n yax\u015f\u0131 se\u00e7im olan yays\u0131z, rahat v\u0259 antibakterial par\u00e7al\u0131 k\u00f6rp\u0259 matraslar\u0131d\u0131r.<\/p>\n<h4>\u00dcst\u00fcnl\u00fckl\u0259ri<\/h4>\n<ol>\n<li><strong>Rahatl\u0131q v\u0259 d\u0259st\u0259k<\/strong>:\n<ul>\n<li>K\u00f6rp\u0259nizin rahatl\u0131\u011f\u0131n\u0131 v\u0259 d\u00fczg\u00fcn b\u0259d\u0259n d\u0259st\u0259yini t\u0259min ed\u0259n y\u00fcks\u0259k keyfiyy\u0259tli materiallardan haz\u0131rlanm\u0131\u015fd\u0131r.<\/li>\n<li>Yays\u0131z dizayn, k\u00f6rp\u0259nizin h\u0259r\u0259k\u0259t etdikd\u0259 s\u0259s-k\u00fcy\u0259 s\u0259b\u0259b olmadan sakit v\u0259 rahat yatmas\u0131n\u0131 t\u0259min edir.<\/li>\n<\/ul>\n<\/li>\n<li><strong>Antibakterial par\u00e7a<\/strong>:\n<ul>\n<li>Antibakterial \u00f6rt\u00fck, k\u00f6rp\u0259nizin h\u0259ssas d\u0259risinin bakteriya v\u0259 mikroblardan qorunmas\u0131n\u0131 t\u0259min edir.<\/li>\n<li>Hipoallergen materiallardan istifad\u0259 edil\u0259r\u0259k allergik reaksiyalar\u0131n qar\u015f\u0131s\u0131 al\u0131n\u0131r v\u0259 k\u00f6rp\u0259nizin sa\u011flaml\u0131\u011f\u0131 qorunur.<\/li>\n<\/ul>\n<\/li>\n<li><strong>Hava d\u00f6vran\u0131<\/strong>:\n<ul>\n<li>Y\u00fcks\u0259k hava ke\u00e7irm\u0259 qabiliyy\u0259tin\u0259 malik materiallar, k\u00f6rp\u0259nizin yataq zaman\u0131 t\u0259rl\u0259m\u0259sinin qar\u015f\u0131s\u0131n\u0131 al\u0131r v\u0259 optimal temperaturu saxlay\u0131r.<\/li>\n<li>Bu, k\u00f6rp\u0259nizin yuxu zaman\u0131 rahat v\u0259 t\u0259rav\u0259tli hiss etm\u0259sini t\u0259min edir.<\/li>\n<\/ul>\n<\/li>\n<li><strong>Uzun\u00f6m\u00fcrl\u00fcl\u00fck v\u0259 davaml\u0131l\u0131q<\/strong>:\n<ul>\n<li>Keyfiyy\u0259tli materiallar v\u0259 m\u00f6hk\u0259m tikili\u015f matras\u0131n uzun m\u00fcdd\u0259t istifad\u0259sini t\u0259min edir.<\/li>\n<li>G\u00fcnd\u0259lik istifad\u0259y\u0259 v\u0259 yuyulmaya davaml\u0131d\u0131r, bel\u0259likl\u0259 k\u00f6rp\u0259nizin ilk ill\u0259rind\u0259 siz\u0259 uzun m\u00fcdd\u0259t xidm\u0259t ed\u0259c\u0259kdir.<\/li>\n<\/ul>\n<\/li>\n<li><strong>Ekoloji T\u0259mizlik<\/strong>:\n<ul>\n<li>\u00c7evr\u0259 dostu materiallardan istifad\u0259 edil\u0259r\u0259k haz\u0131rlanan bu matraslar, k\u00f6rp\u0259nizin v\u0259 planetimizin sa\u011flaml\u0131\u011f\u0131na z\u0259r\u0259r verm\u0259d\u0259n rahatl\u0131q t\u0259min edir..<\/li>\n<\/ul>\n<\/li>\n<\/ol>\n<p>H\u00fcnd\u00fcrl\u00fcy\u00fc 10 sm-dir. K\u00f6rp\u0259nizin rahat v\u0259 sa\u011flam yuxusunu t\u0259min etm\u0259k \u00fc\u00e7\u00fcn \u0259n yax\u015f\u0131 se\u00e7im olan yays\u0131z, rahat v\u0259 antibakterial par\u00e7al\u0131 k\u00f6rp\u0259 matraslar\u0131m\u0131zla tan\u0131\u015f olun. Daha \u0259trafl\u0131 m\u0259lumat v\u0259 sifari\u015f \u00fc\u00e7\u00fcn biziml\u0259 \u0259laq\u0259 saxlay\u0131n.<\/p>\n<p>\u2705Onlayn sifari\u015f: \ud83d\udcde0502092600<\/p>\n<p>\ud83d\udccdYasamal filial\u0131: \ud83d\udcde0552092600<\/p>\n<p>\ud83d\udccdQara Qarayev filial\u0131: \ud83d\udcde0502072630<\/p>\n<p>\ud83d\udccdN\u0259riman N\u0259rimanov filial\u0131: \ud83d\udcde0702550180<\/p>\n<\/div>\n<\/div>\n<\/div>\n<\/div>\n","protected":false},"excerpt":{"rendered":"<p>\u0130sti hava \u015f\u0259raitind\u0259 k\u00f6rp\u0259l\u0259r \u00fc\u00e7\u00fcn \u0259n yax\u015f\u0131 se\u00e7im olan yays\u0131z, rahat v\u0259 antibakterial par\u00e7al\u0131 k\u00f6rp\u0259 matraslar\u0131d\u0131r. \u00dcst\u00fcnl\u00fckl\u0259ri Rahatl\u0131q v\u0259 d\u0259st\u0259k: K\u00f6rp\u0259nizin rahatl\u0131\u011f\u0131n\u0131 v\u0259 d\u00fczg\u00fcn b\u0259d\u0259n d\u0259st\u0259yini t\u0259min ed\u0259n y\u00fcks\u0259k keyfiyy\u0259tli&hellip;<\/p>","protected":false},"featured_media":24301,"comment_status":"closed","ping_status":"closed","template":"","meta":[],"product_brand":[],"product_cat":[92,137,127],"product_tag":[151,150,152,147],"class_list":{"0":"post-24297","1":"product","2":"type-product","3":"status-publish","4":"has-post-thumbnail","6":"product_cat-matras","7":"product_cat-usaq-ucun","8":"product_cat-yaysiz","9":"product_tag-korpematrasi","10":"product_tag-korpmatrasi","11":"product_tag-ortopedikmatras","12":"product_tag-usaqmatrasi","14":"first","15":"instock","16":"shipping-taxable","17":"purchasable","18":"product-type-variable","19":"has-default-attributes","20":"layout-style-6","21":"col-md-4 col-sm-4 col-xs-6","22":"col-lg-3","23":"product-has-gallery","24":"product-style-addtocart"},"_links":{"self":[{"href":"https:\/\/vivamattress.az\/ru\/wp-json\/wp\/v2\/product\/24297","targetHints":{"allow":["GET"]}}],"collection":[{"href":"https:\/\/vivamattress.az\/ru\/wp-json\/wp\/v2\/product"}],"about":[{"href":"https:\/\/vivamattress.az\/ru\/wp-json\/wp\/v2\/types\/product"}],"replies":[{"embeddable":true,"href":"https:\/\/vivamattress.az\/ru\/wp-json\/wp\/v2\/comments?post=24297"}],"version-history":[{"count":1,"href":"https:\/\/vivamattress.az\/ru\/wp-json\/wp\/v2\/product\/24297\/revisions"}],"predecessor-version":[{"id":24397,"href":"https:\/\/vivamattress.az\/ru\/wp-json\/wp\/v2\/product\/24297\/revisions\/24397"}],"wp:featuredmedia":[{"embeddable":true,"href":"https:\/\/vivamattress.az\/ru\/wp-json\/wp\/v2\/media\/24301"}],"wp:attachment":[{"href":"https:\/\/vivamattress.az\/ru\/wp-json\/wp\/v2\/media?parent=24297"}],"wp:term":[{"taxonomy":"product_brand","embeddable":true,"href":"https:\/\/vivamattress.az\/ru\/wp-json\/wp\/v2\/product_brand?post=24297"},{"taxonomy":"product_cat","embeddable":true,"href":"https:\/\/vivamattress.az\/ru\/wp-json\/wp\/v2\/product_cat?post=24297"},{"taxonomy":"product_tag","embeddable":true,"href":"https:\/\/vivamattress.az\/ru\/wp-json\/wp\/v2\/product_tag?post=24297"}],"curies":[{"name":"wp","href":"https:\/\/api.w.org\/{rel}","templated":true}]}}