{"id":24293,"date":"2024-07-05T11:05:32","date_gmt":"2024-07-05T11:05:32","guid":{"rendered":"https:\/\/vivamattress.az\/?post_type=product&#038;p=24293"},"modified":"2025-02-01T21:10:24","modified_gmt":"2025-02-01T21:10:24","slug":"visco-topper","status":"publish","type":"product","link":"https:\/\/vivamattress.az\/ru\/product\/visco-topper\/","title":{"rendered":"Visco Topper"},"content":{"rendered":"<p>\u0422\u043e\u043f\u043f\u0435\u0440 \u0441 \u0442\u0435\u0445\u043d\u043e\u043b\u043e\u0433\u0438\u0435\u0439 Visco Topper Memory Foam, \u0442\u043e \u0435\u0441\u0442\u044c \u0442\u0435\u0445\u043d\u043e\u043b\u043e\u0433\u0438\u044f \u043f\u0430\u043c\u044f\u0442\u0438, \u0438\u0434\u0435\u0430\u043b\u044c\u043d\u043e \u043f\u043e\u0434\u0441\u0442\u0440\u0430\u0438\u0432\u0430\u0435\u0442\u0441\u044f \u043f\u043e\u0434 \u0432\u0430\u0448\u0435 \u0442\u0435\u043b\u043e. \u0422\u043e\u043f\u043f\u0435\u0440\u044b \u2014 \u044d\u0442\u043e \u0438\u0434\u0435\u0430\u043b\u044c\u043d\u043e\u0435 \u0440\u0435\u0448\u0435\u043d\u0438\u0435 \u0434\u043b\u044f \u043f\u043e\u0432\u044b\u0448\u0435\u043d\u0438\u044f \u043a\u043e\u043c\u0444\u043e\u0440\u0442\u0430 \u0432\u0430\u0448\u0435\u0433\u043e \u043c\u0430\u0442\u0440\u0430\u0441\u0430 \u0438 \u0443\u043b\u0443\u0447\u0448\u0435\u043d\u0438\u044f \u043a\u0430\u0447\u0435\u0441\u0442\u0432\u0430 \u0441\u043d\u0430. \u0412\u043e\u0442 \u043f\u043e\u0434\u0440\u043e\u0431\u043d\u043e\u0441\u0442\u0438:<\/p>\n<ol>\n<li><strong>\u041a\u043e\u043c\u0444\u043e\u0440\u0442 \u0438 \u043f\u043e\u0434\u0434\u0435\u0440\u0436\u043a\u0430<\/strong>:\n<ul>\n<li>\u041e\u0431\u0435\u0441\u043f\u0435\u0447\u0438\u0432\u0430\u0435\u0442 \u0434\u043e\u043f\u043e\u043b\u043d\u0438\u0442\u0435\u043b\u044c\u043d\u044b\u0439 \u0441\u043b\u043e\u0439 \u043a\u043e\u043c\u0444\u043e\u0440\u0442\u0430 \u043d\u0430 \u0432\u0430\u0448\u0435\u0439 \u043a\u0440\u043e\u0432\u0430\u0442\u0438, \u043f\u043e\u043c\u043e\u0433\u0430\u044f \u0443\u043c\u0435\u043d\u044c\u0448\u0438\u0442\u044c \u0431\u043e\u043b\u0438 \u0432 \u0441\u043f\u0438\u043d\u0435 \u0438 \u0448\u0435\u0435.<\/li>\n<li>\u041e\u0431\u0435\u0441\u043f\u0435\u0447\u0438\u0432\u0430\u0435\u0442 \u0440\u0430\u0437\u043b\u0438\u0447\u043d\u0443\u044e \u043f\u043e\u0434\u0434\u0435\u0440\u0436\u043a\u0443 \u0438 \u043a\u043e\u043c\u0444\u043e\u0440\u0442.<\/li>\n<\/ul>\n<\/li>\n<li><strong>\u041f\u0440\u043e\u0434\u043b\u0435\u0432\u0430\u0435\u0442 \u0441\u0440\u043e\u043a \u0441\u043b\u0443\u0436\u0431\u044b \u043c\u0430\u0442\u0440\u0430\u0441\u0430:<\/strong>:\n<ul>\n<li>\u0422\u043e\u043f\u043f\u0435\u0440 \u0441\u043e\u0437\u0434\u0430\u0435\u0442 \u0437\u0430\u0449\u0438\u0442\u043d\u044b\u0439 \u0441\u043b\u043e\u0439 \u043d\u0430 \u043e\u0441\u043d\u043e\u0432\u043d\u043e\u043c \u043c\u0430\u0442\u0440\u0430\u0441\u0435, \u043f\u0440\u043e\u0434\u043b\u0435\u0432\u0430\u044f \u0435\u0433\u043e \u0441\u0440\u043e\u043a \u0441\u043b\u0443\u0436\u0431\u044b.<\/li>\n<li>\u0421\u043d\u0438\u0436\u0430\u0435\u0442 \u0432\u0435\u0440\u043e\u044f\u0442\u043d\u043e\u0441\u0442\u044c \u0438\u0437\u043d\u043e\u0441\u0430 \u0438 \u043f\u043e\u0432\u0440\u0435\u0436\u0434\u0435\u043d\u0438\u044f \u043c\u0430\u0442\u0440\u0430\u0441\u0430.<\/li>\n<\/ul>\n<\/li>\n<li><strong>\u0410\u043d\u0442\u0438\u0431\u0430\u043a\u0442\u0435\u0440\u0438\u0430\u043b\u044c\u043d\u044b\u0435 \u0438 \u0433\u0438\u043f\u043e\u0430\u043b\u043b\u0435\u0440\u0433\u0435\u043d\u043d\u044b\u0435 \u0441\u0432\u043e\u0439\u0441\u0442\u0432\u0430:<\/strong>:\n<ul>\n<li>\u0410\u043d\u0442\u0438\u0431\u0430\u043a\u0442\u0435\u0440\u0438\u0430\u043b\u044c\u043d\u043e\u0435 \u043f\u043e\u043a\u0440\u044b\u0442\u0438\u0435 \u0438 \u0433\u0438\u043f\u043e\u0430\u043b\u043b\u0435\u0440\u0433\u0435\u043d\u043d\u044b\u0435 \u043c\u0430\u0442\u0435\u0440\u0438\u0430\u043b\u044b \u043f\u0440\u0435\u0434\u043e\u0442\u0432\u0440\u0430\u0449\u0430\u044e\u0442 \u043d\u0430\u043a\u043e\u043f\u043b\u0435\u043d\u0438\u0435 \u0430\u043b\u043b\u0435\u0440\u0433\u0435\u043d\u043e\u0432 \u0438 \u0431\u0430\u043a\u0442\u0435\u0440\u0438\u0439.<\/li>\n<li>\u0418\u0434\u0435\u0430\u043b\u044c\u043d\u044b\u0439 \u0432\u044b\u0431\u043e\u0440 \u0434\u043b\u044f \u043b\u044e\u0434\u0435\u0439 \u0441 \u0430\u043b\u043b\u0435\u0440\u0433\u0438\u0435\u0439.<\/li>\n<\/ul>\n<\/li>\n<li><strong>\u041b\u0435\u0433\u043a\u043e\u0441\u0442\u044c \u0443\u0445\u043e\u0434\u0430 \u0438 \u0447\u0438\u0441\u0442\u043a\u0438:<\/strong>:\n<ul>\n<li>\u0422\u043e\u043f\u043f\u0435\u0440\u044b \u043b\u0435\u0433\u043a\u043e \u0441\u043d\u0438\u043c\u0430\u0442\u044c \u0438 \u0447\u0438\u0441\u0442\u0438\u0442\u044c.<\/li>\n<li>\u041e\u0441\u043d\u0430\u0449\u0435\u043d\u044b \u043c\u043e\u044e\u0449\u0438\u043c\u0438\u0441\u044f \u0447\u0435\u0445\u043b\u0430\u043c\u0438, \u0447\u0442\u043e \u0443\u043f\u0440\u043e\u0449\u0430\u0435\u0442 \u0443\u0445\u043e\u0434.<\/li>\n<\/ul>\n<\/li>\n<li><strong>\u0426\u0438\u0440\u043a\u0443\u043b\u044f\u0446\u0438\u044f \u0432\u043e\u0437\u0434\u0443\u0445\u0430 \u0438 \u0442\u0435\u0440\u043c\u043e\u0440\u0435\u0433\u0443\u043b\u044f\u0446\u0438\u044f:<\/strong>:\n<ul>\n<li>\u0422\u043e\u043f\u043f\u0435\u0440, \u0438\u0437\u0433\u043e\u0442\u043e\u0432\u043b\u0435\u043d\u043d\u044b\u0439 \u0438\u0437 \u043c\u0430\u0442\u0435\u0440\u0438\u0430\u043b\u043e\u0432 \u0441 \u0432\u044b\u0441\u043e\u043a\u043e\u0439 \u0432\u043e\u0437\u0434\u0443\u0445\u043e\u043f\u0440\u043e\u043d\u0438\u0446\u0430\u0435\u043c\u043e\u0441\u0442\u044c\u044e, \u043f\u0440\u0435\u0434\u043e\u0442\u0432\u0440\u0430\u0449\u0430\u0435\u0442 \u043d\u0430\u043a\u043e\u043f\u043b\u0435\u043d\u0438\u0435 \u0442\u0435\u043f\u043b\u0430 \u0438 \u0440\u0435\u0433\u0443\u043b\u0438\u0440\u0443\u0435\u0442 \u0442\u0435\u043c\u043f\u0435\u0440\u0430\u0442\u0443\u0440\u0443 \u043a\u0440\u043e\u0432\u0430\u0442\u0438.<\/li>\n<li>\u041e\u0431\u0435\u0441\u043f\u0435\u0447\u0438\u0432\u0430\u0435\u0442 \u043f\u0440\u043e\u0445\u043b\u0430\u0434\u0443 \u043b\u0435\u0442\u043e\u043c \u0438 \u0442\u0435\u043f\u043b\u043e \u0437\u0438\u043c\u043e\u0439.<\/li>\n<\/ul>\n<\/li>\n<\/ol>\n<p>\u0422\u043e\u043f\u043f\u0435\u0440\u044b \u2014 \u044d\u0442\u043e \u043e\u0442\u043b\u0438\u0447\u043d\u044b\u0439 \u0432\u044b\u0431\u043e\u0440 \u0434\u043b\u044f \u043f\u043e\u0432\u044b\u0448\u0435\u043d\u0438\u044f \u043a\u043e\u043c\u0444\u043e\u0440\u0442\u0430 \u0432\u0430\u0448\u0435\u0439 \u043a\u0440\u043e\u0432\u0430\u0442\u0438 \u0438 \u0443\u043b\u0443\u0447\u0448\u0435\u043d\u0438\u044f \u043e\u043f\u044b\u0442\u0430 \u0441\u043d\u0430. \u041c\u044b \u0440\u0430\u0434\u044b \u043f\u0440\u0435\u0434\u043b\u043e\u0436\u0438\u0442\u044c \u0432\u0430\u043c \u043b\u0443\u0447\u0448\u0438\u0439 \u0441\u0435\u0440\u0432\u0438\u0441 \u0441 \u043d\u0430\u0448\u0438\u043c \u0448\u0438\u0440\u043e\u043a\u0438\u043c \u0430\u0441\u0441\u043e\u0440\u0442\u0438\u043c\u0435\u043d\u0442\u043e\u043c \u0442\u043e\u0432\u0430\u0440\u043e\u0432 \u0438 \u043a\u043e\u043d\u043a\u0443\u0440\u0435\u043d\u0442\u043e\u0441\u043f\u043e\u0441\u043e\u0431\u043d\u044b\u043c\u0438 \u0446\u0435\u043d\u0430\u043c\u0438.<\/p>","protected":false},"excerpt":{"rendered":"<p>Visco Topper Memory Foam texnologiyas\u0131, y\u0259ni Yadda\u015f K\u00f6p\u00fcy\u00fc Texnologiyas\u0131 il\u0259 b\u0259d\u0259niniz\u0259 uy\u011funla\u015facaq. Topperl\u0259r yata\u011f\u0131n\u0131z\u0131n rahatl\u0131\u011f\u0131n\u0131 art\u0131rmaq v\u0259 yuxu keyfiyy\u0259tinizi y\u00fcks\u0259ltm\u0259k \u00fc\u00e7\u00fcn ideal h\u0259ll yollar\u0131d\u0131r. Bu bar\u0259d\u0259 m\u0259lumatlar a\u015fa\u011f\u0131dad\u0131r: Rahatl\u0131q v\u0259&hellip;<\/p>","protected":false},"featured_media":24295,"comment_status":"closed","ping_status":"closed","template":"","meta":[],"product_brand":[],"product_cat":[139,127],"product_tag":[152,154,155,156],"class_list":{"0":"post-24293","1":"product","2":"type-product","3":"status-publish","4":"has-post-thumbnail","6":"product_cat-topper","7":"product_cat-yaysiz","8":"product_tag-ortopedikmatras","9":"product_tag-ortopediktopper","10":"product_tag-topper","11":"product_tag-ucuzmatras","13":"first","14":"instock","15":"shipping-taxable","16":"purchasable","17":"product-type-variable","18":"layout-style-6","19":"col-md-4 col-sm-4 col-xs-6","20":"col-lg-3","21":"product-has-gallery","22":"product-style-addtocart"},"_links":{"self":[{"href":"https:\/\/vivamattress.az\/ru\/wp-json\/wp\/v2\/product\/24293","targetHints":{"allow":["GET"]}}],"collection":[{"href":"https:\/\/vivamattress.az\/ru\/wp-json\/wp\/v2\/product"}],"about":[{"href":"https:\/\/vivamattress.az\/ru\/wp-json\/wp\/v2\/types\/product"}],"replies":[{"embeddable":true,"href":"https:\/\/vivamattress.az\/ru\/wp-json\/wp\/v2\/comments?post=24293"}],"version-history":[{"count":1,"href":"https:\/\/vivamattress.az\/ru\/wp-json\/wp\/v2\/product\/24293\/revisions"}],"predecessor-version":[{"id":24431,"href":"https:\/\/vivamattress.az\/ru\/wp-json\/wp\/v2\/product\/24293\/revisions\/24431"}],"wp:featuredmedia":[{"embeddable":true,"href":"https:\/\/vivamattress.az\/ru\/wp-json\/wp\/v2\/media\/24295"}],"wp:attachment":[{"href":"https:\/\/vivamattress.az\/ru\/wp-json\/wp\/v2\/media?parent=24293"}],"wp:term":[{"taxonomy":"product_brand","embeddable":true,"href":"https:\/\/vivamattress.az\/ru\/wp-json\/wp\/v2\/product_brand?post=24293"},{"taxonomy":"product_cat","embeddable":true,"href":"https:\/\/vivamattress.az\/ru\/wp-json\/wp\/v2\/product_cat?post=24293"},{"taxonomy":"product_tag","embeddable":true,"href":"https:\/\/vivamattress.az\/ru\/wp-json\/wp\/v2\/product_tag?post=24293"}],"curies":[{"name":"wp","href":"https:\/\/api.w.org\/{rel}","templated":true}]}}