{"id":24289,"date":"2024-07-05T10:55:43","date_gmt":"2024-07-05T10:55:43","guid":{"rendered":"https:\/\/vivamattress.az\/?post_type=product&#038;p=24289"},"modified":"2026-02-08T12:57:10","modified_gmt":"2026-02-08T12:57:10","slug":"optimal-topper","status":"publish","type":"product","link":"https:\/\/vivamattress.az\/ru\/product\/optimal-topper\/","title":{"rendered":"Optimal Topper"},"content":{"rendered":"<div class=\"flex flex-grow flex-col max-w-full\">\n<div class=\"min-h-[20px] text-message flex flex-col items-start whitespace-pre-wrap break-words [.text-message+&]:mt-5 juice:w-full juice:items-end overflow-x-auto gap-2\" dir=\"auto\" data-message-author-role=\"assistant\" data-message-id=\"4fd00af0-bd90-4254-b878-17d9781ffa6e\">\n<div class=\"flex w-full flex-col gap-1 juice:empty:hidden juice:first:pt-[3px]\">\n<div class=\"markdown prose w-full break-words dark:prose-invert dark\">\n<p>Topperl\u0259r yata\u011f\u0131n\u0131z\u0131n rahatl\u0131\u011f\u0131n\u0131 art\u0131rmaq v\u0259 yuxu keyfiyy\u0259tinizi y\u00fcks\u0259ltm\u0259k \u00fc\u00e7\u00fcn ideal h\u0259ll yollar\u0131d\u0131r. Bu bar\u0259d\u0259 m\u0259lumatlar a\u015fa\u011f\u0131dad\u0131r:<\/p>\n<ol>\n<li><strong>Rahatl\u0131q v\u0259 d\u0259st\u0259k<\/strong>:\n<ul>\n<li>Yata\u011f\u0131n\u0131z\u0131n \u00fcz\u0259rind\u0259 \u0259lav\u0259 bir rahatl\u0131q qat\u0131 t\u0259min edir, bel v\u0259 boyun a\u011fr\u0131lar\u0131n\u0131 azaltma\u011fa k\u00f6m\u0259k edir.<\/li>\n<li>F\u0259rqli d\u0259st\u0259k v\u0259 rahatl\u0131q t\u0259min edir.<\/li>\n<\/ul>\n<\/li>\n<li><strong>Yata\u011f\u0131n \u00f6mr\u00fcn\u00fc uzad\u0131r<\/strong>:\n<ul>\n<li>Topper \u0259sas matras\u0131n \u00fcz\u0259rind\u0259 qoruyucu bir t\u0259b\u0259q\u0259 yarad\u0131r v\u0259 onun \u00f6mr\u00fcn\u00fc uzad\u0131r.<\/li>\n<li>Yata\u011f\u0131n a\u015f\u0131nma v\u0259 s\u0131radan \u00e7\u0131xma ehtimal\u0131n\u0131 azald\u0131r.<\/li>\n<\/ul>\n<\/li>\n<li><strong>Antibakterial v\u0259 hipoallergen x\u00fcsusiyy\u0259tl\u0259r<\/strong>:\n<ul>\n<li>Antibakterial \u00f6rt\u00fck v\u0259 hipoallergik materiallar, allergenl\u0259rin v\u0259 bakteriyalar\u0131n y\u0131\u011f\u0131lmas\u0131n\u0131n qar\u015f\u0131s\u0131n\u0131 al\u0131r.<\/li>\n<li>Allergiya problemi olanlar \u00fc\u00e7\u00fcn ideal bir se\u00e7imdir.<\/li>\n<\/ul>\n<\/li>\n<li><strong>Asan bax\u0131m v\u0259 t\u0259mizlik<\/strong>:\n<ul>\n<li>Topperl\u0259ri \u00e7\u0131xarmaq v\u0259 t\u0259mizl\u0259m\u0259k \u00e7ox asand\u0131r.<\/li>\n<li>Yuyula bil\u0259n \u00f6rt\u00fckl\u0259 t\u0259chiz edilmi\u015fdir, bu da bax\u0131m\u0131 daha da asanla\u015fd\u0131r\u0131r.<\/li>\n<\/ul>\n<\/li>\n<li><strong>Hava d\u00f6vran\u0131 v\u0259 istilik t\u0259nziml\u0259nm\u0259si<\/strong>:\n<ul>\n<li>Y\u00fcks\u0259k hava ke\u00e7iriciliyi olan materiallar istifad\u0259 edil\u0259r\u0259k haz\u0131rlanm\u0131\u015f topper, istilik y\u0131\u011f\u0131lmas\u0131n\u0131n qar\u015f\u0131s\u0131n\u0131 al\u0131r v\u0259 yata\u011f\u0131n temperaturunu t\u0259nziml\u0259yir.<\/li>\n<li>Yaz aylar\u0131nda s\u0259rin, q\u0131\u015f aylar\u0131nda is\u0259 isti qalma\u011f\u0131n\u0131z\u0131 t\u0259min edir.<\/li>\n<\/ul>\n<\/li>\n<\/ol>\n<p>Topperl\u0259r yata\u011f\u0131n\u0131z\u0131n rahatl\u0131\u011f\u0131n\u0131 art\u0131rmaq v\u0259 daha yax\u015f\u0131 bir yuxu t\u0259cr\u00fcb\u0259si ya\u015famaq \u00fc\u00e7\u00fcn m\u00fck\u0259mm\u0259l bir se\u00e7imdir. Geni\u015f m\u0259hsul \u00e7e\u015fidimiz v\u0259 r\u0259qab\u0259t\u00e7i qiym\u0259tl\u0259rimizl\u0259 siz\u0259 \u0259n yax\u015f\u0131 xidm\u0259ti t\u0259qdim etm\u0259kd\u0259n m\u0259mnunuq.<\/p>\n<\/div>\n<\/div>\n<\/div>\n<\/div>\n","protected":false},"excerpt":{"rendered":"<p>Topperl\u0259r yata\u011f\u0131n\u0131z\u0131n rahatl\u0131\u011f\u0131n\u0131 art\u0131rmaq v\u0259 yuxu keyfiyy\u0259tinizi y\u00fcks\u0259ltm\u0259k \u00fc\u00e7\u00fcn ideal h\u0259ll yollar\u0131d\u0131r. Bu bar\u0259d\u0259 m\u0259lumatlar a\u015fa\u011f\u0131dad\u0131r: Rahatl\u0131q v\u0259 d\u0259st\u0259k: Yata\u011f\u0131n\u0131z\u0131n \u00fcz\u0259rind\u0259 \u0259lav\u0259 bir rahatl\u0131q qat\u0131 t\u0259min edir, bel v\u0259 boyun&hellip;<\/p>","protected":false},"featured_media":24292,"comment_status":"closed","ping_status":"closed","template":"","meta":[],"product_brand":[],"product_cat":[139,127],"product_tag":[157,158,152,159,155,156],"class_list":{"0":"post-24289","1":"product","2":"type-product","3":"status-publish","4":"has-post-thumbnail","6":"product_cat-topper","7":"product_cat-yaysiz","8":"product_tag-matrasalavqat","9":"product_tag-optimaltopper","10":"product_tag-ortopedikmatras","11":"product_tag-saglamyuxu","12":"product_tag-topper","13":"product_tag-ucuzmatras","15":"first","16":"instock","17":"shipping-taxable","18":"purchasable","19":"product-type-variable","20":"has-default-attributes","21":"layout-style-6","22":"col-md-4 col-sm-4 col-xs-6","23":"col-lg-3","24":"product-has-gallery","25":"product-style-addtocart"},"_links":{"self":[{"href":"https:\/\/vivamattress.az\/ru\/wp-json\/wp\/v2\/product\/24289","targetHints":{"allow":["GET"]}}],"collection":[{"href":"https:\/\/vivamattress.az\/ru\/wp-json\/wp\/v2\/product"}],"about":[{"href":"https:\/\/vivamattress.az\/ru\/wp-json\/wp\/v2\/types\/product"}],"replies":[{"embeddable":true,"href":"https:\/\/vivamattress.az\/ru\/wp-json\/wp\/v2\/comments?post=24289"}],"version-history":[{"count":1,"href":"https:\/\/vivamattress.az\/ru\/wp-json\/wp\/v2\/product\/24289\/revisions"}],"predecessor-version":[{"id":24398,"href":"https:\/\/vivamattress.az\/ru\/wp-json\/wp\/v2\/product\/24289\/revisions\/24398"}],"wp:featuredmedia":[{"embeddable":true,"href":"https:\/\/vivamattress.az\/ru\/wp-json\/wp\/v2\/media\/24292"}],"wp:attachment":[{"href":"https:\/\/vivamattress.az\/ru\/wp-json\/wp\/v2\/media?parent=24289"}],"wp:term":[{"taxonomy":"product_brand","embeddable":true,"href":"https:\/\/vivamattress.az\/ru\/wp-json\/wp\/v2\/product_brand?post=24289"},{"taxonomy":"product_cat","embeddable":true,"href":"https:\/\/vivamattress.az\/ru\/wp-json\/wp\/v2\/product_cat?post=24289"},{"taxonomy":"product_tag","embeddable":true,"href":"https:\/\/vivamattress.az\/ru\/wp-json\/wp\/v2\/product_tag?post=24289"}],"curies":[{"name":"wp","href":"https:\/\/api.w.org\/{rel}","templated":true}]}}