{"id":23599,"date":"2024-06-16T15:18:54","date_gmt":"2024-06-16T15:18:54","guid":{"rendered":"https:\/\/vivamattress.az\/?post_type=product&#038;p=23599"},"modified":"2026-04-10T14:18:46","modified_gmt":"2026-04-10T14:18:46","slug":"relax-2","status":"publish","type":"product","link":"https:\/\/vivamattress.az\/ru\/product\/relax-2\/","title":{"rendered":"Relax"},"content":{"rendered":"<p>\u041a\u0440\u043e\u0432\u0430\u0442\u044c Relax \u0441 \u043a\u0430\u0447\u0435\u0441\u0442\u0432\u0435\u043d\u043d\u044b\u043c \u043a\u043e\u0436\u0430\u043d\u044b\u043c \u0438\u0437\u0433\u043e\u043b\u043e\u0432\u044c\u0435\u043c, \u043f\u0440\u0438\u044f\u0442\u043d\u044b\u043c \u0432\u043d\u0435\u0448\u043d\u0438\u043c \u0432\u0438\u0434\u043e\u043c \u0441\u043e \u0441\u043f\u0435\u0446\u0438\u0430\u043b\u044c\u043d\u044b\u043c \u0434\u0435\u043a\u043e\u0440\u043e\u043c \u0438 \u0441\u043f\u0435\u0446\u0438\u0430\u043b\u044c\u043d\u044b\u043c\u0438 \u0440\u0435\u0431\u0440\u0430\u043c\u0438 \u0438\u0437 \u0431\u0430\u043c\u0431\u0443\u043a\u043e\u0432\u043e\u0433\u043e \u043c\u0430\u0442\u0435\u0440\u0438\u0430\u043b\u0430, \u043f\u043e\u0434\u0434\u0435\u0440\u0436\u0438\u0432\u0430\u044e\u0449\u0438\u043c\u0438 \u043e\u0440\u0442\u043e\u043f\u0435\u0434\u0438\u0447\u0435\u0441\u043a\u0438\u0435 \u043c\u0430\u0442\u0440\u0430\u0441\u044b, \u0441\u0442\u0430\u043d\u0443\u0442 \u043f\u043e\u0432\u043e\u0434\u043e\u043c \u0434\u043b\u044f \u0412\u0430\u0448\u0435\u0433\u043e \u0437\u0434\u043e\u0440\u043e\u0432\u043e\u0433\u043e \u0441\u043d\u0430.<\/p>\n<p>\u0422\u0430\u043a\u0438\u043c \u043e\u0431\u0440\u0430\u0437\u043e\u043c, \u0432\u044b \u0442\u0430\u043a\u0436\u0435 \u043c\u043e\u0436\u0435\u0442\u0435 \u043d\u0430\u0441\u0442\u0440\u043e\u0438\u0442\u044c \u043a\u0440\u043e\u0432\u0430\u0442\u044c \u0432\u044b\u0431\u0438\u0440\u0430\u044f<\/p>\n<ul>\n<li>\u0446\u0432\u0435\u0442;<\/li>\n<li>\u0440\u0430\u0437\u043c\u0435\u0440;<\/li>\n<li>\u0441 \u0431\u0430\u0437\u043e\u0439 \u0438\u043b\u0438 \u0431\u0435\u0437<\/li>\n<\/ul>\n<p>-<\/p>\n<p>\u0414\u043b\u044f \u043f\u043e\u043b\u0443\u0447\u0435\u043d\u0438\u044f \u0434\u043e\u043f\u043e\u043b\u043d\u0438\u0442\u0435\u043b\u044c\u043d\u043e\u0439 \u0438\u043d\u0444\u043e\u0440\u043c\u0430\u0446\u0438\u0438 \u0438 \u0437\u0430\u043a\u0430\u0437\u0430 \u0441\u0432\u044f\u0436\u0438\u0442\u0435\u0441\u044c \u0441 \u043d\u0430\u043c\u0438:<br \/>\n\u2705 \u041e\u043d\u043b\u0430\u0439\u043d \u0437\u0430\u043f\u0438\u0441\u044c:  \ud83d\udcde0502092600<br \/>\n\ud83d\udccd\u042f\u0441\u0430\u043c\u0430\u043b\u044c\u0441\u043a\u0438\u0439 \u0444\u0438\u043b\u0438\u0430\u043b: \ud83d\udcde 0552092600<br \/>\n\ud83d\udccd\u0424\u0438\u043b\u0438\u0430\u043b \u0413\u0430\u0440\u0430 \u0413\u0430\u0440\u0430\u0435\u0432:  \ud83d\udcde 0502072630<br \/>\n\ud83d\udccd\u0424\u0438\u043b\u0438\u0430\u043b \u041d\u0430\u0440\u0438\u043c\u0430\u043d \u041d\u0430\u0440\u0438\u043c\u0430\u043d\u043e\u0432:\ud83d\udcde0702550180<\/p>","protected":false},"excerpt":{"rendered":"<p>Y\u00fcks\u0259k keyfiyy\u0259tli d\u0259ri ba\u015fl\u0131\u011f\u0131 v\u0259 bambuk materialdan haz\u0131rlanan, ortopedik matraslar\u0131 d\u0259st\u0259kl\u0259y\u0259n x\u00fcsusi qab\u0131r\u011fas\u0131 il\u0259 Relax \u00e7arpay\u0131s\u0131 sa\u011flam yuxunuzun s\u0259b\u0259bl\u0259rind\u0259n olacaq. Bel\u0259 ki, siz h\u0259m\u00e7inin ist\u0259y\u0259 uy\u011fun \u00e7arpay\u0131n\u0131n r\u0259ngini; \u00f6l\u00e7\u00fcs\u00fcn\u00fc; bazal\u0131&hellip;<\/p>","protected":false},"featured_media":24436,"comment_status":"open","ping_status":"closed","template":"","meta":[],"product_brand":[],"product_cat":[15],"product_tag":[165,160,166,164,162,163,161,169],"class_list":{"0":"post-23599","1":"product","2":"type-product","3":"status-publish","4":"has-post-thumbnail","6":"product_cat-carpayi","7":"product_tag-bazalikravat","8":"product_tag-carpayi","9":"product_tag-cehiz","10":"product_tag-kravat","11":"product_tag-usaqcarpayisi","12":"product_tag-usaqkravati","13":"product_tag-yataq","14":"product_tag-yataqmebeli","16":"first","17":"instock","18":"shipping-taxable","19":"purchasable","20":"product-type-variable","21":"has-default-attributes","22":"new","23":"layout-style-6","24":"col-md-4 col-sm-4 col-xs-6","25":"col-lg-3","26":"product-has-gallery","27":"product-style-addtocart"},"_links":{"self":[{"href":"https:\/\/vivamattress.az\/ru\/wp-json\/wp\/v2\/product\/23599","targetHints":{"allow":["GET"]}}],"collection":[{"href":"https:\/\/vivamattress.az\/ru\/wp-json\/wp\/v2\/product"}],"about":[{"href":"https:\/\/vivamattress.az\/ru\/wp-json\/wp\/v2\/types\/product"}],"replies":[{"embeddable":true,"href":"https:\/\/vivamattress.az\/ru\/wp-json\/wp\/v2\/comments?post=23599"}],"version-history":[{"count":2,"href":"https:\/\/vivamattress.az\/ru\/wp-json\/wp\/v2\/product\/23599\/revisions"}],"predecessor-version":[{"id":25134,"href":"https:\/\/vivamattress.az\/ru\/wp-json\/wp\/v2\/product\/23599\/revisions\/25134"}],"wp:featuredmedia":[{"embeddable":true,"href":"https:\/\/vivamattress.az\/ru\/wp-json\/wp\/v2\/media\/24436"}],"wp:attachment":[{"href":"https:\/\/vivamattress.az\/ru\/wp-json\/wp\/v2\/media?parent=23599"}],"wp:term":[{"taxonomy":"product_brand","embeddable":true,"href":"https:\/\/vivamattress.az\/ru\/wp-json\/wp\/v2\/product_brand?post=23599"},{"taxonomy":"product_cat","embeddable":true,"href":"https:\/\/vivamattress.az\/ru\/wp-json\/wp\/v2\/product_cat?post=23599"},{"taxonomy":"product_tag","embeddable":true,"href":"https:\/\/vivamattress.az\/ru\/wp-json\/wp\/v2\/product_tag?post=23599"}],"curies":[{"name":"wp","href":"https:\/\/api.w.org\/{rel}","templated":true}]}}