{"id":23520,"date":"2024-06-16T14:16:36","date_gmt":"2024-06-16T14:16:36","guid":{"rendered":"https:\/\/vivamattress.az\/?post_type=product&#038;p=23520"},"modified":"2025-02-22T07:17:23","modified_gmt":"2025-02-22T07:17:23","slug":"tefia","status":"publish","type":"product","link":"https:\/\/vivamattress.az\/ru\/product\/tefia\/","title":{"rendered":"Tefia"},"content":{"rendered":"<p>Y\u00fcks\u0259k keyfiyy\u0259tli d\u0259ri ba\u015fl\u0131\u011f\u0131, x\u00fcsusi dekorlu z\u00f6vq ox\u015fayan g\u00f6r\u00fcn\u00fc\u015f\u00fc v\u0259 bambuk materialdan haz\u0131rlanan, ortopedik matraslar\u0131 d\u0259st\u0259kl\u0259y\u0259n x\u00fcsusi qab\u0131r\u011fas\u0131 il\u0259 Tefia \u00e7arpay\u0131s\u0131 sa\u011flam yuxunuzun s\u0259b\u0259bl\u0259rind\u0259n olacaq.<\/p>\n<p>\u0422\u0430\u043a\u0438\u043c \u043e\u0431\u0440\u0430\u0437\u043e\u043c, \u0432\u044b \u0442\u0430\u043a\u0436\u0435 \u043c\u043e\u0436\u0435\u0442\u0435 \u043d\u0430\u0441\u0442\u0440\u043e\u0438\u0442\u044c \u043a\u0440\u043e\u0432\u0430\u0442\u044c \u0432\u044b\u0431\u0438\u0440\u0430\u044f<\/p>\n<ul>\n<li>\u0446\u0432\u0435\u0442;<\/li>\n<li>\u0440\u0430\u0437\u043c\u0435\u0440;<\/li>\n<li>\u0441 \u0431\u0430\u0437\u043e\u0439 \u0438\u043b\u0438 \u0431\u0435\u0437<\/li>\n<\/ul>\n<p>-<\/p>\n<p>\u0414\u043b\u044f \u043f\u043e\u043b\u0443\u0447\u0435\u043d\u0438\u044f \u0434\u043e\u043f\u043e\u043b\u043d\u0438\u0442\u0435\u043b\u044c\u043d\u043e\u0439 \u0438\u043d\u0444\u043e\u0440\u043c\u0430\u0446\u0438\u0438 \u0438 \u0437\u0430\u043a\u0430\u0437\u0430 \u0441\u0432\u044f\u0436\u0438\u0442\u0435\u0441\u044c \u0441 \u043d\u0430\u043c\u0438:<br \/>\n\u2705 \u041e\u043d\u043b\u0430\u0439\u043d \u0437\u0430\u043f\u0438\u0441\u044c:  \ud83d\udcde0502092600<br \/>\n\ud83d\udccd\u042f\u0441\u0430\u043c\u0430\u043b\u044c\u0441\u043a\u0438\u0439 \u0444\u0438\u043b\u0438\u0430\u043b: \ud83d\udcde 0552092600<br \/>\n\ud83d\udccd\u0424\u0438\u043b\u0438\u0430\u043b \u0413\u0430\u0440\u0430 \u0413\u0430\u0440\u0430\u0435\u0432:  \ud83d\udcde 0502072630<br \/>\n\ud83d\udccd\u0424\u0438\u043b\u0438\u0430\u043b \u041d\u0430\u0440\u0438\u043c\u0430\u043d \u041d\u0430\u0440\u0438\u043c\u0430\u043d\u043e\u0432:\ud83d\udcde0702550180<\/p>","protected":false},"excerpt":{"rendered":"<p>Y\u00fcks\u0259k keyfiyy\u0259tli d\u0259ri ba\u015fl\u0131\u011f\u0131, x\u00fcsusi dekorlu z\u00f6vq ox\u015fayan g\u00f6r\u00fcn\u00fc\u015f\u00fc v\u0259 bambuk materialdan haz\u0131rlanan, ortopedik matraslar\u0131 d\u0259st\u0259kl\u0259y\u0259n x\u00fcsusi qab\u0131r\u011fas\u0131 il\u0259 Tefia \u00e7arpay\u0131s\u0131 sa\u011flam yuxunuzun s\u0259b\u0259bl\u0259rind\u0259n olacaq. Bel\u0259 ki, siz h\u0259m\u00e7inin ist\u0259y\u0259&hellip;<\/p>","protected":false},"featured_media":24462,"comment_status":"closed","ping_status":"closed","template":"","meta":[],"product_brand":[],"product_cat":[15],"product_tag":[165,160,166,164,181,161,169],"class_list":{"0":"post-23520","1":"product","2":"type-product","3":"status-publish","4":"has-post-thumbnail","6":"product_cat-carpayi","7":"product_tag-bazalikravat","8":"product_tag-carpayi","9":"product_tag-cehiz","10":"product_tag-kravat","11":"product_tag-mebel","12":"product_tag-yataq","13":"product_tag-yataqmebeli","15":"first","16":"instock","17":"shipping-taxable","18":"purchasable","19":"product-type-variable","20":"has-default-attributes","21":"layout-style-6","22":"col-md-4 col-sm-4 col-xs-6","23":"col-lg-3","24":"product-has-gallery","25":"product-style-addtocart"},"_links":{"self":[{"href":"https:\/\/vivamattress.az\/ru\/wp-json\/wp\/v2\/product\/23520","targetHints":{"allow":["GET"]}}],"collection":[{"href":"https:\/\/vivamattress.az\/ru\/wp-json\/wp\/v2\/product"}],"about":[{"href":"https:\/\/vivamattress.az\/ru\/wp-json\/wp\/v2\/types\/product"}],"replies":[{"embeddable":true,"href":"https:\/\/vivamattress.az\/ru\/wp-json\/wp\/v2\/comments?post=23520"}],"version-history":[{"count":0,"href":"https:\/\/vivamattress.az\/ru\/wp-json\/wp\/v2\/product\/23520\/revisions"}],"wp:featuredmedia":[{"embeddable":true,"href":"https:\/\/vivamattress.az\/ru\/wp-json\/wp\/v2\/media\/24462"}],"wp:attachment":[{"href":"https:\/\/vivamattress.az\/ru\/wp-json\/wp\/v2\/media?parent=23520"}],"wp:term":[{"taxonomy":"product_brand","embeddable":true,"href":"https:\/\/vivamattress.az\/ru\/wp-json\/wp\/v2\/product_brand?post=23520"},{"taxonomy":"product_cat","embeddable":true,"href":"https:\/\/vivamattress.az\/ru\/wp-json\/wp\/v2\/product_cat?post=23520"},{"taxonomy":"product_tag","embeddable":true,"href":"https:\/\/vivamattress.az\/ru\/wp-json\/wp\/v2\/product_tag?post=23520"}],"curies":[{"name":"wp","href":"https:\/\/api.w.org\/{rel}","templated":true}]}}