{"id":23507,"date":"2024-06-16T11:30:01","date_gmt":"2024-06-16T11:30:01","guid":{"rendered":"https:\/\/vivamattress.az\/?post_type=product&#038;p=23507"},"modified":"2026-04-19T17:36:48","modified_gmt":"2026-04-19T17:36:48","slug":"tencel","status":"publish","type":"product","link":"https:\/\/vivamattress.az\/ru\/product\/tencel\/","title":{"rendered":"Tencel"},"content":{"rendered":"<p><strong>\u041f\u0440\u0438\u043c\u0435\u0447\u0430\u043d\u0438\u0435: \u0412\u042b \u0422\u0410\u041a\u0416\u0415 \u041c\u041e\u0416\u0415\u0422\u0415 \u0417\u0410\u041a\u0410\u0417\u0410\u0422\u042c \u041d\u0415\u0421\u0422\u0410\u041d\u0414\u0410\u0420\u0422\u041d\u042b\u0415 \u0420\u0410\u0417\u041c\u0415\u0420\u042b \u041f\u041e<\/strong><\/p>\n<p>\u041c\u043e\u0434\u0435\u043b\u044c Tencel, \u043e\u0442\u0432\u0435\u0447\u0430\u044e\u0449\u0430\u044f \u0442\u0440\u0435\u0431\u043e\u0432\u0430\u043d\u0438\u044f\u043c \u0430\u043d\u0430\u0442\u043e\u043c\u0438\u0447\u0435\u0441\u043a\u043e\u0439 \u043f\u043e\u0434\u0434\u0435\u0440\u0436\u043a\u0438 \u0442\u0435\u043b\u0430 \u0438 \u043a\u043e\u043c\u0444\u043e\u0440\u0442\u043d\u043e\u0433\u043e \u0441\u043d\u0430, \u0438\u0437\u0433\u043e\u0442\u043e\u0432\u043b\u0435\u043d\u0430 \u0438\u0437 \u0432\u044b\u0441\u043e\u043a\u043e\u043a\u0430\u0447\u0435\u0441\u0442\u0432\u0435\u043d\u043d\u044b\u0445 \u043c\u0430\u0442\u0435\u0440\u0438\u0430\u043b\u043e\u0432. \u042d\u0442\u043e\u0442 \u043c\u0430\u0442\u0440\u0430\u0441 \u043e\u0442\u043b\u0438\u0447\u0430\u0435\u0442\u0441\u044f \u0432\u043e\u0437\u0434\u0443\u0445\u043e- \u043f\u0440\u043e\u043d\u0438\u0446\u0430\u0435\u043c\u043e\u0439 \u043c\u0435\u043c\u043e\u0440\u0438-\u043f\u0435\u043d\u043e\u0439 \u0441 \u0442\u0435\u0440\u043c\u043e\u0440\u0435\u0433\u0443\u043b\u044f\u0446\u0438\u0435\u0439 \u0438 \u043c\u0430\u0441\u0441\u0430\u0436\u043d\u044b\u043c \u044d\u0444\u0444\u0435\u043a\u0442\u043e\u043c.<\/p>\n<p><strong>\u0421\u043e\u0441\u0442\u0430\u0432:<\/strong><\/p>\n<ul>\n<li>\u0421\u0438\u0441\u0442\u0435\u043c\u0430 \u043f\u0440\u0443\u0436\u0438\u043d Multi Pocket Active \u0441 7 \u0437\u043e\u043d\u0430\u043c\u0438 \u0440\u0430\u0437\u043d\u043e\u0439 \u0436\u0435\u0441\u0442\u043a\u043e\u0441\u0442\u0438 \u0430\u043d\u0430\u0442\u043e\u043c\u0438\u0447\u0435\u0441\u043a\u0438 \u043f\u0440\u0430\u0432\u0438\u043b\u044c\u043d\u043e \u043f\u043e\u0434\u0434\u0435\u0440\u0436\u0438\u0432\u0430\u0435\u0442 \u043f\u043e\u0437\u0432\u043e\u043d\u043e\u0447\u043d\u0438\u043a.<\/li>\n<li>\u0423\u043a\u0440\u0435\u043f\u043b\u0435\u043d\u043d\u0430\u044f \u0440\u0430\u043c\u043a\u0430 \u0443\u043b\u0443\u0447\u0448\u0430\u0435\u0442 \u0441\u043a\u043e\u0440\u043e\u0441\u0442\u044c \u0438 \u043f\u0440\u043e\u0447\u043d\u043e\u0441\u0442\u044c \u043f\u0440\u0443\u0436\u0438\u043d.<\/li>\n<li>\u041f\u0435\u043d\u0430 \u0441 \u043f\u0440\u0435\u043c\u0438\u0443\u043c \u0442\u0435\u0440\u043c\u043e\u0440\u0435\u0433\u0443\u043b\u044f\u0446\u0438\u0435\u0439 \u043e\u0431\u0435\u0441\u043f\u0435\u0447\u0438\u0432\u0430\u0435\u0442 \u043a\u043e\u043c\u0444\u043e\u0440\u0442\u043d\u044b\u0439 \u0441\u043e\u043d.<\/li>\n<li>\u0421\u043b\u043e\u0439 \u0445\u043b\u043e\u043f\u043a\u043e\u0432\u043e\u0433\u043e \u0432\u043e\u0439\u043b\u043e\u043a\u0430 \u0434\u043e\u0431\u0430\u0432\u043b\u044f\u0435\u0442 \u0436\u0435\u0441\u0442\u043a\u043e\u0441\u0442\u044c \u0438 \u043f\u0440\u0435\u0434\u043e\u0442\u0432\u0440\u0430\u0449\u0430\u0435\u0442 \u0438\u0437\u043d\u043e\u0441 \u0432\u0435\u0440\u0445\u043d\u0438\u0445 \u0441\u043b\u043e\u0435\u0432.<\/li>\n<li>\u0421\u043f\u0435\u0446\u0438\u0430\u043b\u044c\u043d\u044b\u0439 \u0441\u043b\u043e\u0439 Comfort Care \u0443\u043b\u0443\u0447\u0448\u0430\u0435\u0442 \u043c\u0438\u043a\u0440\u043e\u043a\u043b\u0438\u043c\u0430\u0442.<\/li>\n<li>\u042d\u043b\u0430\u0441\u0442\u0438\u0447\u043d\u0430\u044f \u043f\u0435\u043d\u0430 \u043e\u0431\u0435\u0441\u043f\u0435\u0447\u0438\u0432\u0430\u0435\u0442 \u0432\u044b\u0441\u043e\u043a\u0443\u044e \u0438\u0437\u043d\u043e\u0441\u043e\u0441\u0442\u043e\u0439\u043a\u043e\u0441\u0442\u044c.<\/li>\n<li>\u0421\u043b\u043e\u0439 \u0441\u0438\u043d\u0442\u0435\u043f\u043e\u043d\u0430 \u043f\u043e\u043c\u043e\u0433\u0430\u0435\u0442 \u043f\u043e\u0434\u0434\u0435\u0440\u0436\u0438\u0432\u0430\u0442\u044c \u0442\u0435\u043f\u043b\u044b\u0439 \u043c\u0438\u043a\u0440\u043e\u043a\u043b\u0438\u043c\u0430\u0442.<\/li>\n<li>\u0410\u043d\u0442\u0438\u0431\u0430\u043a\u0442\u0435\u0440\u0438\u0430\u043b\u044c\u043d\u0430\u044f \u0445\u043b\u043e\u043f\u043a\u043e\u0432\u0430\u044f \u0442\u043a\u0430\u043d\u044c \u043e\u0431\u043b\u0430\u0434\u0430\u0435\u0442 \u0433\u0438\u043f\u043e\u0430\u043b\u043b\u0435\u0440\u0433\u0435\u043d\u043d\u044b\u043c\u0438 \u0441\u0432\u043e\u0439\u0441\u0442\u0432\u0430\u043c\u0438.<\/li>\n<li>\u0412\u044b\u0441\u043e\u043a\u043e\u043f\u043b\u043e\u0442\u043d\u044b\u0435 \u0441\u043b\u043e\u0438 \u0441 \u043c\u0430\u0441\u0441\u0430\u0436\u043d\u044b\u043c \u0438 \u043c\u0435\u043c\u043e\u0440\u0438-\u044d\u0444\u0444\u0435\u043a\u0442\u043e\u043c.<\/li>\n<\/ul>\n<p><strong>\u041f\u0440\u0435\u0438\u043c\u0443\u0449\u0435\u0441\u0442\u0432\u0430:<\/strong><\/p>\n<ul>\n<li>\u0421\u0438\u0441\u0442\u0435\u043c\u0430 \u043f\u0440\u0443\u0436\u0438\u043d Multi Pocket Active \u0442\u043e\u0447\u043d\u043e \u0440\u0435\u0430\u0433\u0438\u0440\u0443\u0435\u0442 \u043d\u0430 \u0434\u0430\u0436\u0435 \u0441\u0430\u043c\u044b\u0435 \u043d\u0435\u0437\u043d\u0430\u0447\u0438\u0442\u0435\u043b\u044c\u043d\u044b\u0435 \u0434\u0432\u0438\u0436\u0435\u043d\u0438\u044f \u0442\u0435\u043b\u0430.<\/li>\n<li>\u042d\u0444\u0444\u0435\u043a\u0442 \u043f\u0430\u043c\u044f\u0442\u0438 \u0438 \u0442\u0435\u0440\u043c\u043e\u0440\u0435\u0433\u0443\u043b\u044f\u0446\u0438\u0438 \u0430\u0434\u0430\u043f\u0442\u0438\u0440\u0443\u0435\u0442\u0441\u044f \u043a \u0442\u0435\u043c\u043f\u0435\u0440\u0430\u0442\u0443\u0440\u0435 \u0442\u0435\u043b\u0430.<\/li>\n<li>\u041d\u0430\u0442\u0443\u0440\u0430\u043b\u044c\u043d\u044b\u0435 \u0433\u0438\u043f\u043e\u0430\u043b\u043b\u0435\u0440\u0433\u0435\u043d\u043d\u044b\u0435 \u0438 \u0430\u043d\u0442\u0438\u0431\u0430\u043a\u0442\u0435\u0440\u0438\u0430\u043b\u044c\u043d\u044b\u0435 \u0442\u043a\u0430\u043d\u0438 \u0438\u0434\u0435\u0430\u043b\u044c\u043d\u043e \u043f\u043e\u0434\u0445\u043e\u0434\u044f\u0442 \u0434\u043b\u044f \u0447\u0443\u0432\u0441\u0442\u0432\u0438\u0442\u0435\u043b\u044c\u043d\u044b\u0445 \u043b\u044e\u0434\u0435\u0439.<\/li>\n<li>\u0412\u043e\u0437\u043c\u043e\u0436\u043d\u043e\u0441\u0442\u044c \u0434\u0432\u0443\u0441\u0442\u043e\u0440\u043e\u043d\u043d\u0435\u0433\u043e \u0438\u0441\u043f\u043e\u043b\u044c\u0437\u043e\u0432\u0430\u043d\u0438\u044f \u043e\u0431\u0435\u0441\u043f\u0435\u0447\u0438\u0432\u0430\u0435\u0442 \u043a\u043e\u043c\u0444\u043e\u0440\u0442 \u0432 \u043b\u044e\u0431\u043e\u0435 \u0432\u0440\u0435\u043c\u044f \u0433\u043e\u0434\u0430.<\/li>\n<li>\u0412\u044b\u0434\u0435\u0440\u0436\u0438\u0432\u0430\u0435\u0442 \u0431\u043e\u043b\u044c\u0448\u0438\u0435 \u043d\u0430\u0433\u0440\u0443\u0437\u043a\u0438 \u0438 \u043c\u0438\u043d\u0438\u043c\u0438\u0437\u0438\u0440\u0443\u0435\u0442 \u0432\u0438\u0431\u0440\u0430\u0446\u0438\u0438.<\/li>\n<li>\u0428\u0438\u0440\u043e\u043a\u0438\u0439 \u043f\u0440\u043e\u0444\u0438\u043b\u044c \u043e\u0431\u0435\u0441\u043f\u0435\u0447\u0438\u0432\u0430\u0435\u0442 \u043a\u043e\u043c\u0444\u043e\u0440\u0442\u043d\u044b\u0439 \u0438 \u043f\u043e\u0434\u0434\u0435\u0440\u0436\u0438\u0432\u0430\u044e\u0449\u0438\u0439 \u0441\u043e\u043d.<\/li>\n<\/ul>\n<p>\u0421 \u043c\u043e\u0434\u0435\u043b\u044c\u044e Tencel \u0432\u044b \u043c\u043e\u0436\u0435\u0442\u0435 \u043d\u0430\u0441\u043b\u0430\u0434\u0438\u0442\u044c\u0441\u044f \u0441\u0430\u043c\u044b\u043c \u043a\u0430\u0447\u0435\u0441\u0442\u0432\u0435\u043d\u043d\u044b\u043c \u0441\u043d\u043e\u043c.<\/p>\n<p>\u0414\u043b\u044f \u043f\u043e\u043b\u0443\u0447\u0435\u043d\u0438\u044f \u0434\u043e\u043f\u043e\u043b\u043d\u0438\u0442\u0435\u043b\u044c\u043d\u043e\u0439 \u0438\u043d\u0444\u043e\u0440\u043c\u0430\u0446\u0438\u0438 \u0438 \u0437\u0430\u043a\u0430\u0437\u0430 \u0441\u0432\u044f\u0436\u0438\u0442\u0435\u0441\u044c \u0441 \u043d\u0430\u043c\u0438.<\/p>\n<p>\u2705 \u041e\u043d\u043b\u0430\u0439\u043d \u0437\u0430\u043f\u0438\u0441\u044c:  \ud83d\udcde0502092600<\/p>\n<p>\ud83d\udccd\u042f\u0441\u0430\u043c\u0430\u043b\u044c\u0441\u043a\u0438\u0439 \u0444\u0438\u043b\u0438\u0430\u043b: \ud83d\udcde 0552092600<\/p>\n<p>\ud83d\udccd\u0424\u0438\u043b\u0438\u0430\u043b \u0413\u0430\u0440\u0430 \u0413\u0430\u0440\u0430\u0435\u0432:  \ud83d\udcde 0502072630<\/p>\n<p>\ud83d\udccd\u0424\u0438\u043b\u0438\u0430\u043b \u041d\u0430\u0440\u0438\u043c\u0430\u043d \u041d\u0430\u0440\u0438\u043c\u0430\u043d\u043e\u0432:\ud83d\udcde0702550180<\/p>","protected":false},"excerpt":{"rendered":"<p>QEYD: QEYR\u0130-STANDART \u00d6L\u00c7\u00dcL\u018fRD\u018f D\u018f Z\u018fNG VAS\u0130T\u018fS\u0130L\u018f \u00a0S\u0130FAR\u0130\u015e ED\u018f B\u0130L\u018fRS\u0130N\u0130Z! \u0130nsan b\u0259d\u0259ninin anatomik d\u0259st\u0259yin\u0259 v\u0259 rahat yuxuya olan t\u0259l\u0259bat\u0131na cavab ver\u0259n Tencel modeli, y\u00fcks\u0259k keyfiyy\u0259tli materiallardan haz\u0131rlanm\u0131\u015fd\u0131r. Bu matras, termorequlyasiya effekti&hellip;<\/p>","protected":false},"featured_media":24582,"comment_status":"open","ping_status":"closed","template":"","meta":[],"product_brand":[],"product_cat":[136,125,92,130,123],"product_tag":[],"class_list":{"0":"post-23507","1":"product","2":"type-product","3":"status-publish","4":"has-post-thumbnail","6":"product_cat-luks-kolleksiya","7":"product_cat-memory-foam","8":"product_cat-matras","9":"product_cat-pocket-yay","10":"product_cat-yumsaq","12":"first","13":"instock","14":"shipping-taxable","15":"purchasable","16":"product-type-variable","17":"has-default-attributes","18":"layout-style-6","19":"col-md-4 col-sm-4 col-xs-6","20":"col-lg-3","21":"product-has-gallery","22":"product-style-addtocart"},"_links":{"self":[{"href":"https:\/\/vivamattress.az\/ru\/wp-json\/wp\/v2\/product\/23507","targetHints":{"allow":["GET"]}}],"collection":[{"href":"https:\/\/vivamattress.az\/ru\/wp-json\/wp\/v2\/product"}],"about":[{"href":"https:\/\/vivamattress.az\/ru\/wp-json\/wp\/v2\/types\/product"}],"replies":[{"embeddable":true,"href":"https:\/\/vivamattress.az\/ru\/wp-json\/wp\/v2\/comments?post=23507"}],"version-history":[{"count":1,"href":"https:\/\/vivamattress.az\/ru\/wp-json\/wp\/v2\/product\/23507\/revisions"}],"predecessor-version":[{"id":24869,"href":"https:\/\/vivamattress.az\/ru\/wp-json\/wp\/v2\/product\/23507\/revisions\/24869"}],"wp:featuredmedia":[{"embeddable":true,"href":"https:\/\/vivamattress.az\/ru\/wp-json\/wp\/v2\/media\/24582"}],"wp:attachment":[{"href":"https:\/\/vivamattress.az\/ru\/wp-json\/wp\/v2\/media?parent=23507"}],"wp:term":[{"taxonomy":"product_brand","embeddable":true,"href":"https:\/\/vivamattress.az\/ru\/wp-json\/wp\/v2\/product_brand?post=23507"},{"taxonomy":"product_cat","embeddable":true,"href":"https:\/\/vivamattress.az\/ru\/wp-json\/wp\/v2\/product_cat?post=23507"},{"taxonomy":"product_tag","embeddable":true,"href":"https:\/\/vivamattress.az\/ru\/wp-json\/wp\/v2\/product_tag?post=23507"}],"curies":[{"name":"wp","href":"https:\/\/api.w.org\/{rel}","templated":true}]}}