{"id":23506,"date":"2024-06-16T11:28:42","date_gmt":"2024-06-16T11:28:42","guid":{"rendered":"https:\/\/vivamattress.az\/?post_type=product&#038;p=23506"},"modified":"2026-04-04T12:15:51","modified_gmt":"2026-04-04T12:15:51","slug":"linen","status":"publish","type":"product","link":"https:\/\/vivamattress.az\/ru\/product\/linen\/","title":{"rendered":"Linen"},"content":{"rendered":"<p><strong>\u041f\u0440\u0438\u043c\u0435\u0447\u0430\u043d\u0438\u0435: \u0412\u042b \u0422\u0410\u041a\u0416\u0415 \u041c\u041e\u0416\u0415\u0422\u0415 \u0417\u0410\u041a\u0410\u0417\u0410\u0422\u042c \u041d\u0415\u0421\u0422\u0410\u041d\u0414\u0410\u0420\u0422\u041d\u042b\u0415 \u0420\u0410\u0417\u041c\u0415\u0420\u042b \u041f\u041e<\/strong><\/p>\n<p>\u041c\u043e\u0434\u0435\u043b\u044c Linen \u2014 \u044d\u0442\u043e \u0430\u043d\u0430\u0442\u043e\u043c\u0438\u0447\u0435\u0441\u043a\u0438\u0439 \u043c\u0430\u0442\u0440\u0430\u0441, \u0438\u0437\u0433\u043e\u0442\u043e\u0432\u043b\u0435\u043d\u043d\u044b\u0439 \u0438\u0437 \u043f\u0440\u0435\u043c\u0438\u0430\u043b\u044c\u043d\u044b\u0445 \u0438 \u043d\u0430\u0442\u0443\u0440\u0430\u043b\u044c\u043d\u044b\u0445 \u043d\u0430\u043f\u043e\u043b\u043d\u0438\u0442\u0435\u043b\u0435\u0439. \u042d\u0442\u043e\u0442 \u043c\u0430\u0442\u0440\u0430\u0441 \u0438\u0434\u0435\u0430\u043b\u044c\u043d\u043e \u0430\u0434\u0430\u043f\u0442\u0438\u0440\u0443\u0435\u0442\u0441\u044f \u043a \u0442\u0435\u043b\u0443 \u0447\u0435\u043b\u043e\u0432\u0435\u043a\u0430, \u0442\u043e\u0447\u043d\u043e \u0440\u0435\u0430\u0433\u0438\u0440\u0443\u0435\u0442 \u043d\u0430 \u043c\u0430\u043b\u0435\u0439\u0448\u0438\u0435 \u0434\u0432\u0438\u0436\u0435\u043d\u0438\u044f \u0438 \u043f\u043e\u0434\u0434\u0435\u0440\u0436\u0438\u0432\u0430\u0435\u0442 \u043f\u043e\u0437\u0432\u043e\u043d\u043e\u0447\u043d\u0438\u043a. \u0411\u043b\u0430\u0433\u043e\u0434\u0430\u0440\u044f \u044d\u0444\u0444\u0435\u043a\u0442\u0443 \u0442\u0435\u0440\u043c\u043e\u0440\u0435\u0433\u0443\u043b\u044f\u0446\u0438\u0438 \u0438 \u0432\u043e\u0437\u0434\u0443\u0445\u043e\u043f\u0440\u043e\u043d\u0438\u0446\u0430\u0435\u043c\u043e\u0439 \u043f\u0430\u043c\u044f\u0442\u0438, \u043e\u043d \u043e\u0431\u0435\u0441\u043f\u0435\u0447\u0438\u0432\u0430\u0435\u0442 \u043a\u043e\u043c\u0444\u043e\u0440\u0442\u043d\u044b\u0439 \u0441\u043e\u043d. \u041c\u0430\u0441\u0441\u0430\u0436\u043d\u044b\u0439 \u044d\u0444\u0444\u0435\u043a\u0442 \u0438 \u043d\u0430\u043f\u043e\u043b\u043d\u0438\u0442\u0435\u043b\u0438 \u0441 \u043f\u0430\u043c\u044f\u0442\u044c\u044e \u0443\u0441\u0438\u043b\u0438\u0432\u0430\u044e\u0442 \u0430\u043d\u0430\u0442\u043e\u043c\u0438\u0447\u0435\u0441\u043a\u0438\u0435 \u0441\u0432\u043e\u0439\u0441\u0442\u0432\u0430 \u043c\u0430\u0442\u0440\u0430\u0441\u0430. \u041e\u0431\u0442\u044f\u043d\u0443\u0442 \u0432\u044b\u0441\u043e\u043a\u043e\u043a\u0430\u0447\u0435\u0441\u0442\u0432\u0435\u043d\u043d\u043e\u0439 \u0430\u043d\u0442\u0438\u0431\u0430\u043a\u0442\u0435\u0440\u0438\u0430\u043b\u044c\u043d\u043e\u0439 \u0442\u043a\u0430\u043d\u044c\u044e \u0438\u0437 \u043b\u044c\u043d\u0430 \u0438 \u0448\u0435\u0440\u0441\u0442\u0438 \u043d\u0430 \u0437\u0438\u043c\u043d\u0435\u0439 \u0441\u0442\u043e\u0440\u043e\u043d\u0435. \u0420\u0430\u0441\u0441\u0447\u0438\u0442\u0430\u043d \u043d\u0430 \u043b\u044e\u0434\u0435\u0439 \u0441 \u0432\u0435\u0441\u043e\u043c \u0434\u043e 120 \u043a\u0433.<\/p>\n<h4>\u0421\u043e\u0441\u0442\u0430\u0432:<\/h4>\n<ul>\n<li>\u0421\u0438\u0441\u0442\u0435\u043c\u0430 \u043f\u0440\u0443\u0436\u0438\u043d Multi Pocket Active: \u041d\u0435\u0437\u0430\u0432\u0438\u0441\u0438\u043c\u044b\u0435 \u043f\u0440\u0443\u0436\u0438\u043d\u044b \u0441 7 \u0437\u043e\u043d\u0430\u043c\u0438 \u0436\u0435\u0441\u0442\u043a\u043e\u0441\u0442\u0438 \u0430\u043d\u0430\u0442\u043e\u043c\u0438\u0447\u0435\u0441\u043a\u0438 \u043f\u043e\u0434\u0434\u0435\u0440\u0436\u0438\u0432\u0430\u044e\u0442 \u043f\u043e\u0437\u0432\u043e\u043d\u043e\u0447\u043d\u0438\u043a \u0438 \u0441\u043f\u043e\u0441\u043e\u0431\u0441\u0442\u0432\u0443\u044e\u0442 \u0440\u0430\u0441\u0441\u043b\u0430\u0431\u043b\u0435\u043d\u0438\u044e \u043c\u044b\u0448\u0446.<\/li>\n<li>\u0423\u0441\u0438\u043b\u0435\u043d\u043d\u044b\u0439 \u043a\u0430\u0440\u043a\u0430\u0441: \u0423\u0441\u0438\u043b\u0435\u043d\u043d\u044b\u0439 \u043a\u0430\u0440\u043a\u0430\u0441 \u043f\u043e \u043f\u0435\u0440\u0438\u043c\u0435\u0442\u0440\u0443 \u043f\u0440\u0443\u0436\u0438\u043d \u0437\u0430\u0449\u0438\u0449\u0430\u0435\u0442 \u043a\u0440\u0430\u044f \u043e\u0442 \u043f\u0440\u043e\u0432\u0438\u0441\u0430\u043d\u0438\u044f \u0438 \u0443\u043a\u0440\u0435\u043f\u043b\u044f\u0435\u0442 \u043f\u0440\u0443\u0436\u0438\u043d\u043d\u0443\u044e \u0441\u0438\u0441\u0442\u0435\u043c\u0443.<\/li>\n<li>\u042d\u0444\u0444\u0435\u043a\u0442 \u0442\u0435\u0440\u043c\u043e\u0440\u0435\u0433\u0443\u043b\u044f\u0446\u0438\u0438 \u0438 \u043f\u0430\u043c\u044f\u0442\u044c: \u0412\u043e\u0437\u0434\u0443\u0445\u043e\u043f\u0440\u043e\u043d\u0438\u0446\u0430\u0435\u043c\u0430\u044f \u043f\u0435\u043d\u0430 \u0441 \u044d\u0444\u0444\u0435\u043a\u0442\u043e\u043c \u0442\u0435\u0440\u043c\u043e\u0440\u0435\u0433\u0443\u043b\u044f\u0446\u0438\u0438 \u0438 \u043f\u0430\u043c\u044f\u0442\u044c\u044e \u043f\u0440\u0435\u043c\u0438\u0443\u043c-\u043a\u043b\u0430\u0441\u0441\u0430.<\/li>\n<li>\u0421\u043b\u043e\u0439 \u0445\u043b\u043e\u043f\u043a\u043e\u0432\u043e\u0433\u043e \u0432\u043e\u0439\u043b\u043e\u043a\u0430: \u0414\u043e\u0431\u0430\u0432\u043b\u044f\u0435\u0442 \u0436\u0435\u0441\u0442\u043a\u043e\u0441\u0442\u044c \u0438 \u043f\u0440\u0435\u0434\u043e\u0442\u0432\u0440\u0430\u0449\u0430\u0435\u0442 \u0438\u0437\u043d\u043e\u0441 \u0432\u0435\u0440\u0445\u043d\u0438\u0445 \u0441\u043b\u043e\u0435\u0432.<\/li>\n<li>\u041f\u0435\u043d\u0430 Comfort Care: \u041e\u0431\u0435\u0441\u043f\u0435\u0447\u0438\u0432\u0430\u0435\u0442 \u043a\u043e\u043c\u0444\u043e\u0440\u0442 \u0438 \u0443\u043b\u0443\u0447\u0448\u0430\u0435\u0442 \u043c\u0438\u043a\u0440\u043e\u043a\u043b\u0438\u043c\u0430\u0442 \u043c\u0430\u0442\u0440\u0430\u0441\u0430.<\/li>\n<li>\u042d\u043b\u0430\u0441\u0442\u0438\u0447\u043d\u044b\u0439 \u0441\u043b\u043e\u0439 \u043f\u0435\u043d\u044b: \u0421\u0432\u044f\u0437\u044b\u0432\u0430\u0435\u0442 \u043c\u0430\u0442\u0435\u0440\u0438\u0430\u043b\u044b \u0441 \u0432\u044b\u0441\u043e\u043a\u043e\u0439 \u0438\u0437\u043d\u043e\u0441\u043e\u0441\u0442\u043e\u0439\u043a\u043e\u0441\u0442\u044c\u044e \u0438 \u043e\u0431\u043b\u0430\u0434\u0430\u0435\u0442 \u044d\u043b\u0430\u0441\u0442\u0438\u0447\u043d\u043e\u0441\u0442\u044c\u044e.<\/li>\n<li>\u0421\u043b\u043e\u0439 \u0441\u0438\u043d\u0442\u0435\u043f\u043e\u043d\u0430: \u041f\u043e\u043c\u043e\u0433\u0430\u0435\u0442 \u0441\u043e\u0445\u0440\u0430\u043d\u044f\u0442\u044c \u0442\u0435\u043f\u043b\u044b\u0439 \u043c\u0438\u043a\u0440\u043e\u043a\u043b\u0438\u043c\u0430\u0442.<\/li>\n<li>\u0410\u043d\u0430\u0442\u043e\u043c\u0438\u0447\u0435\u0441\u043a\u0438\u0435 \u043d\u0430\u0442\u0443\u0440\u0430\u043b\u044c\u043d\u044b\u0435 \u043d\u0430\u043f\u043e\u043b\u043d\u0438\u0442\u0435\u043b\u0438: \u0410\u043d\u0430\u0442\u043e\u043c\u0438\u0447\u0435\u0441\u043a\u0438\u0439 \u043c\u0430\u0442\u0440\u0430\u0441 \u0441 \u0438\u0441\u043f\u043e\u043b\u044c\u0437\u043e\u0432\u0430\u043d\u0438\u0435\u043c \u043d\u0430\u0442\u0443\u0440\u0430\u043b\u044c\u043d\u044b\u0445 \u043d\u0430\u043f\u043e\u043b\u043d\u0438\u0442\u0435\u043b\u0435\u0439.<\/li>\n<li>\u041c\u0430\u0441\u0441\u0430\u0436\u043d\u044b\u0439 \u0438 \u043f\u0430\u043c\u044f\u0442\u044c \u044d\u0444\u0444\u0435\u043a\u0442: \u0421\u043f\u0435\u0446\u0438\u0430\u043b\u044c\u043d\u044b\u0435 \u0432\u044b\u0441\u043e\u043a\u043e\u043f\u043b\u043e\u0442\u043d\u044b\u0435 \u0441\u043b\u043e\u0438 \u043e\u0431\u0435\u0441\u043f\u0435\u0447\u0438\u0432\u0430\u044e\u0442 \u043c\u0430\u0441\u0441\u0430\u0436\u043d\u044b\u0439 \u0438 \u043f\u0430\u043c\u044f\u0442\u044c \u044d\u0444\u0444\u0435\u043a\u0442.<\/li>\n<li>\u041b\u044c\u043d\u044f\u043d\u0430\u044f \u0438 \u0448\u0435\u0440\u0441\u0442\u044f\u043d\u0430\u044f \u0442\u043a\u0430\u043d\u044c: \u041d\u0435\u0442\u043a\u0430\u043d\u044b\u0439 \u043c\u0430\u0442\u0435\u0440\u0438\u0430\u043b, \u0441\u043e\u0435\u0434\u0438\u043d\u044f\u044e\u0449\u0438\u0439 \u0441\u043b\u043e\u0438; \u043b\u044c\u043d\u044f\u043d\u0430\u044f \u0442\u043a\u0430\u043d\u044c \u0438 \u0448\u0435\u0440\u0441\u0442\u044c \u043d\u0430 \u0437\u0438\u043c\u043d\u0435\u0439 \u0441\u0442\u043e\u0440\u043e\u043d\u0435.<\/li>\n<\/ul>\n<h4>\u041f\u0440\u0435\u0438\u043c\u0443\u0449\u0435\u0441\u0442\u0432\u0430<\/h4>\n<ul>\n<li>\u0421\u0438\u0441\u0442\u0435\u043c\u0430 \u043f\u0440\u0443\u0436\u0438\u043d \u0441 7 \u0437\u043e\u043d\u0430\u043c\u0438: \u0421\u0438\u0441\u0442\u0435\u043c\u0430 \u043f\u0440\u0443\u0436\u0438\u043d Multi Pocket Active \u0441 \u0440\u0430\u0437\u043b\u0438\u0447\u043d\u043e\u0439 \u0436\u0435\u0441\u0442\u043a\u043e\u0441\u0442\u044c\u044e \u043f\u0440\u0443\u0436\u0438\u043d \u043c\u0433\u043d\u043e\u0432\u0435\u043d\u043d\u043e \u0440\u0435\u0430\u0433\u0438\u0440\u0443\u0435\u0442 \u043d\u0430 \u043c\u0430\u043b\u0435\u0439\u0448\u0438\u0435 \u0434\u0432\u0438\u0436\u0435\u043d\u0438\u044f \u0442\u0435\u043b\u0430.<\/li>\n<li>\u041d\u0430\u0442\u0443\u0440\u0430\u043b\u044c\u043d\u044b\u0435 \u043d\u0430\u043f\u043e\u043b\u043d\u0438\u0442\u0435\u043b\u0438: \u041e\u0431\u0435\u0441\u043f\u0435\u0447\u0435\u043d \u043d\u0430\u0442\u0443\u0440\u0430\u043b\u044c\u043d\u044b\u043c\u0438 \u043d\u0430\u043f\u043e\u043b\u043d\u0438\u0442\u0435\u043b\u044f\u043c\u0438.<\/li>\n<li>\u041f\u0430\u043c\u044f\u0442\u044c \u0438 \u0442\u0435\u0440\u043c\u043e\u0440\u0435\u0433\u0443\u043b\u044f\u0446\u0438\u044f: \u0421\u043b\u043e\u0439 Memory Foam \u0441 \u044d\u0444\u0444\u0435\u043a\u0442\u043e\u043c \u043f\u0430\u043c\u044f\u0442\u0438 \u0438 \u0442\u0435\u0440\u043c\u043e\u0440\u0435\u0433\u0443\u043b\u044f\u0446\u0438\u0438 \u0430\u0434\u0430\u043f\u0442\u0438\u0440\u0443\u0435\u0442\u0441\u044f \u043a \u0442\u0435\u043c\u043f\u0435\u0440\u0430\u0442\u0443\u0440\u0435 \u0442\u0435\u043b\u0430.<\/li>\n<li>\u0413\u0438\u043f\u043e\u0430\u043b\u043b\u0435\u0440\u0433\u0435\u043d\u043d\u0430\u044f \u0438 \u0430\u043d\u0442\u0438\u0431\u0430\u043a\u0442\u0435\u0440\u0438\u0430\u043b\u044c\u043d\u0430\u044f \u0442\u043a\u0430\u043d\u044c: \u0420\u0435\u043a\u043e\u043c\u0435\u043d\u0434\u0443\u0435\u0442\u0441\u044f \u0434\u043b\u044f \u043b\u044e\u0434\u0435\u0439 \u0441 \u0432\u044b\u0441\u043e\u043a\u043e\u0439 \u0447\u0443\u0432\u0441\u0442\u0432\u0438\u0442\u0435\u043b\u044c\u043d\u043e\u0441\u0442\u044c\u044e \u0432\u043e \u0432\u0440\u0435\u043c\u044f \u0441\u043d\u0430 \u0431\u043b\u0430\u0433\u043e\u0434\u0430\u0440\u044f \u043d\u0430\u0442\u0443\u0440\u0430\u043b\u044c\u043d\u043e\u0439 \u0433\u0438\u043f\u043e\u0430\u043b\u043b\u0435\u0440\u0433\u0435\u043d\u043d\u043e\u0439 \u0438 \u0430\u043d\u0442\u0438\u0431\u0430\u043a\u0442\u0435\u0440\u0438\u0430\u043b\u044c\u043d\u043e\u0439 \u0442\u043a\u0430\u043d\u0438.<\/li>\n<li>\u0414\u0432\u0443\u0441\u0442\u043e\u0440\u043e\u043d\u043d\u0438\u0439 \u043c\u0430\u0442\u0440\u0430\u0441: \u041f\u043e\u0434\u0445\u043e\u0434\u0438\u0442 \u0434\u043b\u044f \u0438\u0441\u043f\u043e\u043b\u044c\u0437\u043e\u0432\u0430\u043d\u0438\u044f \u0432 \u0437\u0430\u0432\u0438\u0441\u0438\u043c\u043e\u0441\u0442\u0438 \u043e\u0442 \u0441\u0435\u0437\u043e\u043d\u0430 (\u043b\u0435\u0442\u043e\/\u0437\u0438\u043c\u0430).<\/li>\n<li>\u0423\u0441\u0442\u043e\u0439\u0447\u0438\u0432\u043e\u0441\u0442\u044c \u043a \u0432\u044b\u0441\u043e\u043a\u0438\u043c \u043d\u0430\u0433\u0440\u0443\u0437\u043a\u0430\u043c: \u0412\u044b\u0434\u0435\u0440\u0436\u0438\u0432\u0430\u0435\u0442 \u043c\u0430\u043a\u0441\u0438\u043c\u0430\u043b\u044c\u043d\u044b\u0435 \u043d\u0430\u0433\u0440\u0443\u0437\u043a\u0438.<\/li>\n<li>\u0428\u0438\u0440\u043e\u043a\u0430\u044f \u0441\u043e\u0432\u043c\u0435\u0441\u0442\u0438\u043c\u043e\u0441\u0442\u044c: \u041f\u043e\u0434\u0445\u043e\u0434\u0438\u0442 \u0434\u043b\u044f \u0431\u043e\u043b\u044c\u0448\u0438\u043d\u0441\u0442\u0432\u0430 \u043b\u044e\u0434\u0435\u0439.<\/li>\n<li>\u0428\u0438\u0440\u043e\u043a\u0430\u044f \u043f\u043e\u0441\u0430\u0434\u043a\u0430: \u043f\u043e\u0434\u0445\u043e\u0434\u0438\u0442 \u0434\u043b\u044f \u0431\u043e\u043b\u044c\u0448\u0438\u043d\u0441\u0442\u0432\u0430 \u043b\u044e\u0434\u0435\u0439.<\/li>\n<li>\u041c\u0430\u0441\u0441\u0430\u0436\u043d\u044b\u0439 \u0438 \u043f\u0430\u043c\u044f\u0442\u044c \u044d\u0444\u0444\u0435\u043a\u0442: \u041e\u0431\u0435\u0441\u043f\u0435\u0447\u0438\u0432\u0430\u0435\u0442 \u043c\u0430\u0441\u0441\u0430\u0436\u043d\u044b\u0439 \u0438 \u043f\u0430\u043c\u044f\u0442\u044c \u044d\u0444\u0444\u0435\u043a\u0442.<\/li>\n<li>\u0412\u044b\u0441\u043e\u0442\u0430: \u0412\u044b\u0441\u043e\u0442\u0430 \u043c\u0430\u0442\u0440\u0430\u0441\u0430 \u0441\u043e\u0441\u0442\u0430\u0432\u043b\u044f\u0435\u0442 32 \u0441\u043c.<\/li>\n<\/ul>","protected":false},"excerpt":{"rendered":"<p>QEYD: QEYR\u0130-STANDART \u00d6L\u00c7\u00dcL\u018fRD\u018f D\u018f Z\u018fNG VAS\u0130T\u018fS\u0130L\u018f \u00a0S\u0130FAR\u0130\u015e ED\u018f B\u0130L\u018fRS\u0130N\u0130Z! Linen modeli premium v\u0259 t\u0259bii dol\u011fulardan istifad\u0259 edil\u0259r\u0259k haz\u0131rlanm\u0131\u015f anatomik matrasd\u0131r. Bu model insan b\u0259d\u0259nin\u0259 m\u00fck\u0259mm\u0259l uy\u011funla\u015f\u0131r, \u0259n ki\u00e7ik h\u0259r\u0259k\u0259tl\u0259r\u0259 bel\u0259&hellip;<\/p>","protected":false},"featured_media":24577,"comment_status":"open","ping_status":"closed","template":"","meta":[],"product_brand":[],"product_cat":[136,125,122,92,130],"product_tag":[],"class_list":{"0":"post-23506","1":"product","2":"type-product","3":"status-publish","4":"has-post-thumbnail","6":"product_cat-luks-kolleksiya","7":"product_cat-memory-foam","8":"product_cat-orta-sert","9":"product_cat-matras","10":"product_cat-pocket-yay","12":"first","13":"instock","14":"shipping-taxable","15":"purchasable","16":"product-type-variable","17":"has-default-attributes","18":"layout-style-6","19":"col-md-4 col-sm-4 col-xs-6","20":"col-lg-3","21":"product-has-gallery","22":"product-style-addtocart"},"_links":{"self":[{"href":"https:\/\/vivamattress.az\/ru\/wp-json\/wp\/v2\/product\/23506","targetHints":{"allow":["GET"]}}],"collection":[{"href":"https:\/\/vivamattress.az\/ru\/wp-json\/wp\/v2\/product"}],"about":[{"href":"https:\/\/vivamattress.az\/ru\/wp-json\/wp\/v2\/types\/product"}],"replies":[{"embeddable":true,"href":"https:\/\/vivamattress.az\/ru\/wp-json\/wp\/v2\/comments?post=23506"}],"version-history":[{"count":2,"href":"https:\/\/vivamattress.az\/ru\/wp-json\/wp\/v2\/product\/23506\/revisions"}],"predecessor-version":[{"id":25337,"href":"https:\/\/vivamattress.az\/ru\/wp-json\/wp\/v2\/product\/23506\/revisions\/25337"}],"wp:featuredmedia":[{"embeddable":true,"href":"https:\/\/vivamattress.az\/ru\/wp-json\/wp\/v2\/media\/24577"}],"wp:attachment":[{"href":"https:\/\/vivamattress.az\/ru\/wp-json\/wp\/v2\/media?parent=23506"}],"wp:term":[{"taxonomy":"product_brand","embeddable":true,"href":"https:\/\/vivamattress.az\/ru\/wp-json\/wp\/v2\/product_brand?post=23506"},{"taxonomy":"product_cat","embeddable":true,"href":"https:\/\/vivamattress.az\/ru\/wp-json\/wp\/v2\/product_cat?post=23506"},{"taxonomy":"product_tag","embeddable":true,"href":"https:\/\/vivamattress.az\/ru\/wp-json\/wp\/v2\/product_tag?post=23506"}],"curies":[{"name":"wp","href":"https:\/\/api.w.org\/{rel}","templated":true}]}}