{"id":23497,"date":"2024-06-16T11:13:16","date_gmt":"2024-06-16T11:13:16","guid":{"rendered":"https:\/\/vivamattress.az\/?post_type=product&#038;p=23497"},"modified":"2026-04-19T22:31:11","modified_gmt":"2026-04-19T22:31:11","slug":"king","status":"publish","type":"product","link":"https:\/\/vivamattress.az\/ru\/product\/king\/","title":{"rendered":"King"},"content":{"rendered":"<p><strong>\u041f\u0440\u0438\u043c\u0435\u0447\u0430\u043d\u0438\u0435: \u0412\u042b \u0422\u0410\u041a\u0416\u0415 \u041c\u041e\u0416\u0415\u0422\u0415 \u0417\u0410\u041a\u0410\u0417\u0410\u0422\u042c \u041d\u0415\u0421\u0422\u0410\u041d\u0414\u0410\u0420\u0422\u041d\u042b\u0415 \u0420\u0410\u0417\u041c\u0415\u0420\u042b \u041f\u041e<\/strong><\/p>\n<p>\u041c\u043e\u0434\u0435\u043b\u044c King, \u043a\u0430\u043a \u0432\u0438\u0434\u043d\u043e \u0438\u0437 \u043d\u0430\u0437\u0432\u0430\u043d\u0438\u044f, \u043e\u0442\u043b\u0438\u0447\u0430\u0435\u0442\u0441\u044f \u043f\u0440\u0435\u043c\u0438\u0430\u043b\u044c\u043d\u044b\u043c \u043a\u0430\u0447\u0435\u0441\u0442\u0432\u043e\u043c. \u042d\u0442\u043e\u0442 \u043c\u0430\u0442\u0440\u0430\u0441 \u0432\u043e \u0432\u0441\u0435\u043c \u0446\u0430\u0440\u0441\u043a\u0438\u0439: \u0434\u043e\u0440\u043e\u0433\u0430\u044f \u0430\u0442\u043b\u0430\u0441\u043d\u0430\u044f \u0442\u043a\u0430\u043d\u044c, \u0441\u043e\u0432\u0440\u0435\u043c\u0435\u043d\u043d\u044b\u0435 \u0433\u0438\u043f\u043e\u0430\u043b\u043b\u0435\u0440\u0433\u0435\u043d\u043d\u044b\u0435 \u043d\u0430\u043f\u043e\u043b\u043d\u0438\u0442\u0435\u043b\u0438 \u0438 \u0443\u0441\u0438\u043b\u0435\u043d\u043d\u0430\u044f \u043f\u0440\u0443\u0436\u0438\u043d\u043d\u0430\u044f \u0441\u0438\u0441\u0442\u0435\u043c\u0430. \u041c\u0430\u0442\u0440\u0430\u0441 King \u2014 \u043b\u044e\u0431\u0438\u043c\u044b\u0439 \u0432\u044b\u0431\u043e\u0440 \u0442\u0435\u0445, \u043a\u0442\u043e \u043b\u044e\u0431\u0438\u0442 \u0441\u043e\u0447\u0435\u0442\u0430\u043d\u0438\u0435 \u0440\u043e\u0441\u043a\u043e\u0448\u0438 \u0438 \u043a\u043e\u043c\u0444\u043e\u0440\u0442\u0430.<\/p>\n<h4>\u0421\u043e\u0441\u0442\u0430\u0432:<\/h4>\n<ul>\n<li>\u041f\u0440\u0443\u0436\u0438\u043d\u043d\u0430\u044f \u0441\u0438\u0441\u0442\u0435\u043c\u0430 Bonnel: \u0423\u0441\u0438\u043b\u0435\u043d\u043d\u0430\u044f \u043f\u0440\u0443\u0436\u0438\u043d\u043d\u0430\u044f \u0441\u0438\u0441\u0442\u0435\u043c\u0430 Bonnel \u0441 \u0432\u044b\u0441\u043e\u043a\u043e\u0439 \u044d\u043b\u0430\u0441\u0442\u0438\u0447\u043d\u043e\u0441\u0442\u044c\u044e \u043e\u0431\u0435\u0441\u043f\u0435\u0447\u0438\u0432\u0430\u0435\u0442 \u043f\u0440\u0430\u0432\u0438\u043b\u044c\u043d\u043e\u0435 \u0440\u0430\u0441\u043f\u0440\u0435\u0434\u0435\u043b\u0435\u043d\u0438\u0435 \u043d\u0430\u0433\u0440\u0443\u0437\u043a\u0438.<\/li>\n<li>\u0415\u0432\u0440\u043e\u043a\u0430\u0440\u043a\u0430\u0441: \u0423\u0441\u0438\u043b\u0435\u043d\u043d\u044b\u0439 \u0435\u0432\u0440\u043e\u043a\u0430\u0440\u043a\u0430\u0441 \u043f\u043e \u043f\u0435\u0440\u0438\u043c\u0435\u0442\u0440\u0443 \u043f\u0440\u0443\u0436\u0438\u043d \u0437\u0430\u0449\u0438\u0449\u0430\u0435\u0442 \u043a\u0440\u0430\u044f \u043e\u0442 \u043f\u0440\u043e\u0432\u0438\u0441\u0430\u043d\u0438\u044f \u0438 \u0443\u043a\u0440\u0435\u043f\u043b\u044f\u0435\u0442 \u043f\u0440\u0443\u0436\u0438\u043d\u043d\u0443\u044e \u0441\u0438\u0441\u0442\u0435\u043c\u0443.<\/li>\n<li>Hard Flexel: \u0421\u043b\u043e\u0439 \u0442\u0435\u0440\u043c\u043e\u0432\u043e\u0439\u043b\u043e\u043a\u0430 Hard Flexel \u0437\u0430\u0449\u0438\u0449\u0430\u0435\u0442 \u0432\u0435\u0440\u0445\u043d\u0438\u0435 \u0441\u043b\u043e\u0438 \u043e\u0442 \u0438\u0437\u043d\u043e\u0441\u0430 \u0438 \u043f\u0440\u0438\u0434\u0430\u0435\u0442 \u043a\u0430\u0440\u043a\u0430\u0441\u0443 \u044d\u043b\u0430\u0441\u0442\u0438\u0447\u043d\u043e\u0441\u0442\u044c.<\/li>\n<li>Super Soft \u043f\u0435\u043d\u0430: \u0421\u043f\u0435\u0446\u0438\u0430\u043b\u044c\u043d\u044b\u0435 \u0441\u043b\u043e\u0438 \u043e\u0440\u0442\u043e\u043f\u0435\u0434\u0438\u0447\u0435\u0441\u043a\u043e\u0439 \u043f\u0435\u043d\u044b Super Soft \u0443\u0432\u0435\u043b\u0438\u0447\u0438\u0432\u0430\u044e\u0442 \u043a\u043e\u043c\u0444\u043e\u0440\u0442 \u0438 \u0443\u043b\u0443\u0447\u0448\u0430\u044e\u0442 \u043c\u0438\u043a\u0440\u043e\u043a\u043b\u0438\u043c\u0430\u0442 \u043c\u0430\u0442\u0440\u0430\u0441\u0430.<\/li>\n<li>\u042d\u043b\u0430\u0441\u0442\u0438\u0447\u043d\u044b\u0439 \u0441\u043b\u043e\u0439 \u0438\u0437 \u043f\u0435\u043d\u043e\u043f\u043e\u043b\u0438\u0443\u0440\u0435\u0442\u0430\u043d\u0430: \u042d\u043b\u0430\u0441\u0442\u0438\u0447\u043d\u044b\u0439 \u0441\u043b\u043e\u0439 \u0441\u0442\u0430\u0431\u0438\u043b\u0438\u0437\u0438\u0440\u0443\u0435\u0442 \u043c\u0430\u0442\u0435\u0440\u0438\u0430\u043b\u044b \u0438 \u043e\u0431\u043b\u0430\u0434\u0430\u0435\u0442 \u0432\u044b\u0441\u043e\u043a\u043e\u0439 \u0438\u0437\u043d\u043e\u0441\u043e\u0441\u0442\u043e\u0439\u043a\u043e\u0441\u0442\u044c\u044e.<\/li>\n<li>\u0421\u043b\u043e\u0439 \u0441\u0438\u043d\u0442\u0435\u043f\u043e\u043d\u0430: \u0421\u043b\u043e\u0439 \u0441\u0438\u043d\u0442\u0435\u043f\u043e\u043d\u0430 \u043f\u043e\u043c\u043e\u0433\u0430\u0435\u0442 \u043f\u043e\u0434\u0434\u0435\u0440\u0436\u0438\u0432\u0430\u0442\u044c \u0442\u0435\u043f\u043b\u044b\u0439 \u043a\u043b\u0438\u043c\u0430\u0442.<\/li>\n<li>\u0410\u043d\u0442\u0438\u0431\u0430\u043a\u0442\u0435\u0440\u0438\u0430\u043b\u044c\u043d\u044b\u0439 \u0445\u043b\u043e\u043f\u043e\u043a: \u0421\u043b\u043e\u0439 \u0430\u043d\u0442\u0438\u0431\u0430\u043a\u0442\u0435\u0440\u0438\u0430\u043b\u044c\u043d\u043e\u0433\u043e \u0445\u043b\u043e\u043f\u043a\u0430.<\/li>\n<li>\u041d\u0435\u0442\u043a\u0430\u043d\u044b\u0439 \u043c\u0430\u0442\u0435\u0440\u0438\u0430\u043b: \u0421\u043e\u0435\u0434\u0438\u043d\u044f\u0435\u0442 \u0441\u043b\u043e\u0438.<\/li>\n<li>\u041e\u0440\u0442\u043e\u043f\u0435\u0434\u0438\u0447\u0435\u0441\u043a\u0438\u0439 \u0445\u043b\u043e\u043f\u043e\u043a: \u041e\u0440\u0442\u043e\u043f\u0435\u0434\u0438\u0447\u0435\u0441\u043a\u0438\u0439 \u0445\u043b\u043e\u043f\u043e\u043a, \u0438\u0437\u0433\u043e\u0442\u043e\u0432\u043b\u0435\u043d\u043d\u044b\u0439 \u0438\u0437 \u0441\u043c\u0435\u0441\u0438 \u043d\u0430\u0442\u0443\u0440\u0430\u043b\u044c\u043d\u044b\u0445 \u0438 \u0441\u0438\u043d\u0442\u0435\u0442\u0438\u0447\u0435\u0441\u043a\u0438\u0445 \u0432\u043e\u043b\u043e\u043a\u043e\u043d, \u043e\u0431\u0435\u0441\u043f\u0435\u0447\u0438\u0432\u0430\u0435\u0442 \u044d\u043b\u0430\u0441\u0442\u0438\u0447\u043d\u043e\u0441\u0442\u044c.<\/li>\n<li>Ortafoam: \u0421\u043f\u0435\u0446\u0438\u0430\u043b\u044c\u043d\u0430\u044f \u043f\u0435\u043d\u0430 \u00abOrtafoam\u00bb \u0443\u043b\u0443\u0447\u0448\u0430\u0435\u0442 \u043e\u0440\u0442\u043e\u043f\u0435\u0434\u0438\u0447\u0435\u0441\u043a\u0438\u0435 \u0441\u0432\u043e\u0439\u0441\u0442\u0432\u0430.<\/li>\n<li>\u0410\u043d\u0442\u0438\u0431\u0430\u043a\u0442\u0435\u0440\u0438\u0430\u043b\u044c\u043d\u0430\u044f \u0442\u043a\u0430\u043d\u044c: \u0412\u044b\u0441\u043e\u043a\u043e\u043a\u0430\u0447\u0435\u0441\u0442\u0432\u0435\u043d\u043d\u0430\u044f \u0430\u043d\u0442\u0438\u0431\u0430\u043a\u0442\u0435\u0440\u0438\u0430\u043b\u044c\u043d\u0430\u044f \u0442\u043a\u0430\u043d\u044c.<\/li>\n<\/ul>\n<h4>\u041f\u0440\u0435\u0438\u043c\u0443\u0449\u0435\u0441\u0442\u0432\u0430<\/h4>\n<ul>\n<li>\u0410\u0442\u043b\u0430\u0441\u043d\u0430\u044f \u0442\u043a\u0430\u043d\u044c: \u0414\u043e\u0440\u043e\u0433\u0430\u044f \u0430\u0442\u043b\u0430\u0441\u043d\u0430\u044f \u0442\u043a\u0430\u043d\u044c, \u043f\u043e\u043a\u0440\u044b\u0432\u0430\u044e\u0449\u0430\u044f \u043f\u043e\u0432\u0435\u0440\u0445\u043d\u043e\u0441\u0442\u044c \u043c\u0430\u0442\u0440\u0430\u0441\u0430, \u0434\u0430\u0440\u0438\u0442 \u043d\u0430\u0441\u0442\u043e\u044f\u0449\u0435\u0435 \u043e\u0449\u0443\u0449\u0435\u043d\u0438\u0435 \u043a\u043e\u043c\u0444\u043e\u0440\u0442\u0430.<\/li>\n<li>\u041e\u0433\u0440\u0430\u043d\u0438\u0447\u0435\u043d\u0438\u0435 \u043f\u043e \u0432\u0435\u0441\u0443: \u041c\u0430\u043a\u0441\u0438\u043c\u0430\u043b\u044c\u043d\u043e\u0435 \u043e\u0433\u0440\u0430\u043d\u0438\u0447\u0435\u043d\u0438\u0435 \u043f\u043e \u0432\u0435\u0441\u0443 \u043e\u0442\u0441\u0443\u0442\u0441\u0442\u0432\u0443\u0435\u0442.<\/li>\n<li>\u0414\u0432\u0443\u0441\u0442\u043e\u0440\u043e\u043d\u043d\u0435\u0435 \u0438\u0441\u043f\u043e\u043b\u044c\u0437\u043e\u0432\u0430\u043d\u0438\u0435: \u041c\u043e\u0436\u043d\u043e \u0438\u0441\u043f\u043e\u043b\u044c\u0437\u043e\u0432\u0430\u0442\u044c \u0432 \u0437\u0430\u0432\u0438\u0441\u0438\u043c\u043e\u0441\u0442\u0438 \u043e\u0442 \u0441\u0435\u0437\u043e\u043d\u0430 (\u043b\u0435\u0442\u043e\/\u0437\u0438\u043c\u0430).<\/li>\n<li>\u0413\u0438\u043f\u043e\u0430\u043b\u043b\u0435\u0440\u0433\u0435\u043d\u043d\u044b\u0435 \u0441\u0432\u043e\u0439\u0441\u0442\u0432\u0430: \u041e\u0431\u043b\u0430\u0434\u0430\u0435\u0442 \u0433\u0438\u043f\u043e\u0430\u043b\u043b\u0435\u0440\u0433\u0435\u043d\u043d\u044b\u043c\u0438 \u0441\u0432\u043e\u0439\u0441\u0442\u0432\u0430\u043c\u0438.<\/li>\n<li>\u0413\u0438\u0433\u0438\u0435\u043d\u0438\u0447\u0435\u0441\u043a\u0438\u0439 \u0441\u043e\u043d: \u041e\u0431\u0435\u0441\u043f\u0435\u0447\u0438\u0432\u0430\u0435\u0442 \u0433\u0438\u0433\u0438\u0435\u043d\u0438\u0447\u0435\u0441\u043a\u0438\u0439 \u0441\u043e\u043d \u0431\u043b\u0430\u0433\u043e\u0434\u0430\u0440\u044f \u0430\u043d\u0442\u0438\u0431\u0430\u043a\u0442\u0435\u0440\u0438\u0430\u043b\u044c\u043d\u043e\u043c\u0443 \u0441\u043b\u043e\u044e \u0445\u043b\u043e\u043f\u043a\u0430.<\/li>\n<li>\u0420\u0430\u0441\u043f\u0440\u0435\u0434\u0435\u043b\u0435\u043d\u0438\u0435 \u043d\u0430\u0433\u0440\u0443\u0437\u043a\u0438: \u041e\u0431\u0435\u0441\u043f\u0435\u0447\u0438\u0432\u0430\u0435\u0442 \u043f\u0440\u0430\u0432\u0438\u043b\u044c\u043d\u043e\u0435 \u0440\u0430\u0441\u043f\u0440\u0435\u0434\u0435\u043b\u0435\u043d\u0438\u0435 \u043d\u0430\u0433\u0440\u0443\u0437\u043a\u0438 \u043f\u043e \u043f\u043e\u0432\u0435\u0440\u0445\u043d\u043e\u0441\u0442\u0438 \u043c\u0430\u0442\u0440\u0430\u0441\u0430 \u0431\u043b\u0430\u0433\u043e\u0434\u0430\u0440\u044f \u043f\u0440\u0443\u0436\u0438\u043d\u043d\u043e\u0439 \u0441\u0438\u0441\u0442\u0435\u043c\u0435 Bonnel.<\/li>\n<li>\u0420\u043e\u0441\u043a\u043e\u0448\u044c \u0438 \u043a\u043e\u043c\u0444\u043e\u0440\u0442: \u0420\u0435\u043a\u043e\u043c\u0435\u043d\u0434\u0443\u0435\u0442\u0441\u044f \u0434\u043b\u044f \u0442\u0435\u0445, \u043a\u0442\u043e \u0445\u043e\u0447\u0435\u0442 \u043e\u0449\u0443\u0449\u0430\u0442\u044c \u0440\u043e\u0441\u043a\u043e\u0448\u044c \u0438 \u043a\u043e\u043c\u0444\u043e\u0440\u0442 \u0432\u043e \u0432\u0440\u0435\u043c\u044f \u0441\u043d\u0430.<\/li>\n<li>\u0412\u044b\u0441\u043e\u0442\u0430: \u0412\u044b\u0441\u043e\u0442\u0430 \u043c\u0430\u0442\u0440\u0430\u0441\u0430 \u0441\u043e\u0441\u0442\u0430\u0432\u043b\u044f\u0435\u0442 32 \u0441\u043c.<\/li>\n<\/ul>\n<p>King modeli matras il\u0259 yuxu keyfiyy\u0259tinizi art\u0131r\u0131n v\u0259 s\u0259h\u0259rl\u0259r t\u0259rav\u0259tli oyan\u0131n.<\/p>","protected":false},"excerpt":{"rendered":"<p>QEYD: QEYR\u0130-STANDART \u00d6L\u00c7\u00dcL\u018fRD\u018f D\u018f Z\u018fNG VAS\u0130T\u018fS\u0130L\u018f \u00a0S\u0130FAR\u0130\u015e ED\u018f B\u0130L\u018fRS\u0130N\u0130Z! King modeli, ad\u0131ndan da g\u00f6r\u00fcnd\u00fcy\u00fc kimi, premium keyfiyy\u0259ti il\u0259 f\u0259rql\u0259nir. Bu matras h\u0259r \u015feyi il\u0259 krald\u0131r: bahal\u0131 atlas par\u00e7a, m\u00fcasir hipoallergik&hellip;<\/p>","protected":false},"featured_media":24579,"comment_status":"open","ping_status":"closed","template":"","meta":[],"product_brand":[],"product_cat":[129,136,122,92],"product_tag":[],"class_list":{"0":"post-23497","1":"product","2":"type-product","3":"status-publish","4":"has-post-thumbnail","6":"product_cat-hergul-yay","7":"product_cat-luks-kolleksiya","8":"product_cat-orta-sert","9":"product_cat-matras","11":"first","12":"instock","13":"shipping-taxable","14":"purchasable","15":"product-type-variable","16":"layout-style-6","17":"col-md-4 col-sm-4 col-xs-6","18":"col-lg-3","19":"product-has-gallery","20":"product-style-addtocart"},"_links":{"self":[{"href":"https:\/\/vivamattress.az\/ru\/wp-json\/wp\/v2\/product\/23497","targetHints":{"allow":["GET"]}}],"collection":[{"href":"https:\/\/vivamattress.az\/ru\/wp-json\/wp\/v2\/product"}],"about":[{"href":"https:\/\/vivamattress.az\/ru\/wp-json\/wp\/v2\/types\/product"}],"replies":[{"embeddable":true,"href":"https:\/\/vivamattress.az\/ru\/wp-json\/wp\/v2\/comments?post=23497"}],"version-history":[{"count":2,"href":"https:\/\/vivamattress.az\/ru\/wp-json\/wp\/v2\/product\/23497\/revisions"}],"predecessor-version":[{"id":25334,"href":"https:\/\/vivamattress.az\/ru\/wp-json\/wp\/v2\/product\/23497\/revisions\/25334"}],"wp:featuredmedia":[{"embeddable":true,"href":"https:\/\/vivamattress.az\/ru\/wp-json\/wp\/v2\/media\/24579"}],"wp:attachment":[{"href":"https:\/\/vivamattress.az\/ru\/wp-json\/wp\/v2\/media?parent=23497"}],"wp:term":[{"taxonomy":"product_brand","embeddable":true,"href":"https:\/\/vivamattress.az\/ru\/wp-json\/wp\/v2\/product_brand?post=23497"},{"taxonomy":"product_cat","embeddable":true,"href":"https:\/\/vivamattress.az\/ru\/wp-json\/wp\/v2\/product_cat?post=23497"},{"taxonomy":"product_tag","embeddable":true,"href":"https:\/\/vivamattress.az\/ru\/wp-json\/wp\/v2\/product_tag?post=23497"}],"curies":[{"name":"wp","href":"https:\/\/api.w.org\/{rel}","templated":true}]}}