{"id":23408,"date":"2024-06-16T09:40:01","date_gmt":"2024-06-16T09:40:01","guid":{"rendered":"https:\/\/vivamattress.az\/?post_type=product&#038;p=23408"},"modified":"2026-04-19T06:32:02","modified_gmt":"2026-04-19T06:32:02","slug":"silverline","status":"publish","type":"product","link":"https:\/\/vivamattress.az\/ru\/product\/silverline\/","title":{"rendered":"Silverline"},"content":{"rendered":"<p><strong>\u041f\u0440\u0438\u043c\u0435\u0447\u0430\u043d\u0438\u0435: \u0412\u042b \u0422\u0410\u041a\u0416\u0415 \u041c\u041e\u0416\u0415\u0422\u0415 \u0417\u0410\u041a\u0410\u0417\u0410\u0422\u042c \u041d\u0415\u0421\u0422\u0410\u041d\u0414\u0410\u0420\u0422\u041d\u042b\u0415 \u0420\u0410\u0417\u041c\u0415\u0420\u042b \u041f\u041e<\/strong><\/p>\n<p>\u041c\u043e\u0434\u0435\u043b\u044c Silverline \u2014 \u044d\u0442\u043e \u0430\u043d\u0430\u0442\u043e\u043c\u0438\u0447\u0435\u0441\u043a\u0438\u0439 \u043c\u0430\u0442\u0440\u0430\u0441, \u043a\u043e\u0442\u043e\u0440\u044b\u0439 \u0431\u043b\u0430\u0433\u043e\u0434\u0430\u0440\u044f \u0440\u0430\u0437\u043d\u043e\u0439 \u0436\u0435\u0441\u0442\u043a\u043e\u0441\u0442\u0438 \u0441\u0442\u043e\u0440\u043e\u043d, \u0432\u044b\u0441\u043e\u043a\u043e\u043a\u0430\u0447\u0435\u0441\u0442\u0432\u0435\u043d\u043d\u044b\u043c \u0441\u0435\u0440\u0435\u0431\u0440\u044f\u043d\u044b\u043c \u0438\u043e\u043d\u0430\u043c \u0438 \u0430\u043d\u0442\u0438\u0431\u0430\u043a\u0442\u0435\u0440\u0438\u0430\u043b\u044c\u043d\u043e\u0439 \u0442\u0440\u0438\u043a\u043e\u0442\u0430\u0436\u043d\u043e\u0439 \u0442\u043a\u0430\u043d\u0438 \u0431\u044b\u0441\u0442\u0440\u043e \u0441\u043d\u0438\u043c\u0430\u0435\u0442 \u043d\u0430\u043f\u0440\u044f\u0436\u0435\u043d\u0438\u0435 \u0441 \u043c\u044b\u0448\u0446 \u0438 \u043f\u043e\u0437\u0432\u043e\u043d\u043e\u0447\u043d\u0438\u043a\u0430. \u041e\u043d \u043e\u0431\u0435\u0441\u043f\u0435\u0447\u0438\u0432\u0430\u0435\u0442 \u043f\u043e\u043b\u043d\u043e\u0435 \u0432\u043e\u0441\u0441\u0442\u0430\u043d\u043e\u0432\u043b\u0435\u043d\u0438\u0435 \u0432\u0430\u0448\u0435\u0433\u043e \u0442\u0435\u043b\u0430 \u0432\u043e \u0432\u0440\u0435\u043c\u044f \u0441\u043d\u0430 \u0438 \u043e\u0441\u043e\u0431\u0435\u043d\u043d\u043e \u043f\u043e\u0434\u0445\u043e\u0434\u0438\u0442 \u0434\u043b\u044f \u043b\u044e\u0434\u0435\u0439 \u0432 \u0432\u043e\u0437\u0440\u0430\u0441\u0442\u0435 20-30 \u043b\u0435\u0442 \u0441 \u0432\u0435\u0441\u043e\u043c \u0434\u043e 100 \u043a\u0433.<\/p>\n<h4>\u0421\u043e\u0441\u0442\u0430\u0432:<\/h4>\n<ul>\n<li>3-\u0437\u043e\u043d\u043d\u0430\u044f \u043f\u0440\u0443\u0436\u0438\u043d\u043d\u0430\u044f \u0441\u0438\u0441\u0442\u0435\u043c\u0430 Special Pocket: \u041d\u0435\u0437\u0430\u0432\u0438\u0441\u0438\u043c\u0430\u044f \u0441\u0438\u0441\u0442\u0435\u043c\u0430 \u043f\u0440\u0443\u0436\u0438\u043d \u043f\u043e\u0434\u0434\u0435\u0440\u0436\u0438\u0432\u0430\u0435\u0442 \u043f\u043e\u0437\u0432\u043e\u043d\u043e\u0447\u043d\u0438\u043a \u0432 \u0430\u043d\u0430\u0442\u043e\u043c\u0438\u0447\u0435\u0441\u043a\u0438 \u043f\u0440\u0430\u0432\u0438\u043b\u044c\u043d\u043e\u043c \u043f\u043e\u043b\u043e\u0436\u0435\u043d\u0438\u0438 \u0438 \u0441\u043f\u043e\u0441\u043e\u0431\u0441\u0442\u0432\u0443\u0435\u0442 \u0440\u0430\u0441\u0441\u043b\u0430\u0431\u043b\u0435\u043d\u0438\u044e \u043c\u044b\u0448\u0446.<\/li>\n<li>\u0415\u0432\u0440\u043e\u043a\u0430\u0440\u043a\u0430\u0441 \u0438\u0437 Flex Foam: \u0423\u0441\u0438\u043b\u0438\u0432\u0430\u0435\u0442 \u043f\u0440\u0443\u0436\u0438\u043d\u043d\u0443\u044e \u0441\u0438\u0441\u0442\u0435\u043c\u0443 \u0438 \u043e\u0431\u043b\u0430\u0434\u0430\u0435\u0442 \u0432\u044b\u0441\u043e\u043a\u043e\u0439 \u043f\u043b\u043e\u0442\u043d\u043e\u0441\u0442\u044c\u044e.<\/li>\n<li>\u0421\u043b\u043e\u0439 \u0445\u043b\u043e\u043f\u043a\u043e\u0432\u043e\u0433\u043e \u0432\u043e\u0439\u043b\u043e\u043a\u0430: \u041f\u0440\u0438\u0434\u0430\u0435\u0442 \u0436\u0435\u0441\u0442\u043a\u043e\u0441\u0442\u044c \u0438 \u043f\u0440\u0435\u0434\u043e\u0442\u0432\u0440\u0430\u0449\u0430\u0435\u0442 \u0438\u0437\u043d\u043e\u0441 \u0432\u0435\u0440\u0445\u043d\u0438\u0445 \u0441\u043b\u043e\u0435\u0432.<\/li>\n<li>\u0421\u043f\u0435\u0446\u0438\u0430\u043b\u044c\u043d\u044b\u0439 \u0441\u043b\u043e\u0439 \u043c\u044f\u0433\u043a\u043e\u0439 \u043f\u0435\u043d\u044b: \u0423\u0441\u0438\u043b\u0438\u0432\u0430\u0435\u0442 \u043a\u043e\u043c\u0444\u043e\u0440\u0442 \u0438 \u0443\u043b\u0443\u0447\u0448\u0430\u0435\u0442 \u0430\u043d\u0430\u0442\u043e\u043c\u0438\u0447\u0435\u0441\u043a\u0438\u0439 \u044d\u0444\u0444\u0435\u043a\u0442.<\/li>\n<li>\u0421\u043f\u0435\u0446\u0438\u0430\u043b\u044c\u043d\u044b\u0439 \u043f\u043e\u043a\u0440\u043e\u0432: \u0418\u0441\u043f\u043e\u043b\u044c\u0437\u0443\u0435\u0442\u0441\u044f \u0434\u043b\u044f \u0437\u0430\u0449\u0438\u0442\u044b \u0438 \u043f\u043e\u0432\u044b\u0448\u0435\u043d\u0438\u044f \u0438\u0437\u043d\u043e\u0441\u043e\u0441\u0442\u043e\u0439\u043a\u043e\u0441\u0442\u0438 \u043c\u0430\u0442\u0435\u0440\u0438\u0430\u043b\u0430.<\/li>\n<li>\u0421\u043b\u043e\u0439 \u0441\u0438\u043d\u0442\u0435\u043f\u043e\u043d\u0430: \u041f\u043e\u043c\u043e\u0433\u0430\u0435\u0442 \u043f\u043e\u0434\u0434\u0435\u0440\u0436\u0438\u0432\u0430\u0442\u044c \u0442\u0435\u043f\u043b\u044b\u0439 \u043c\u0438\u043a\u0440\u043e\u043a\u043b\u0438\u043c\u0430\u0442.<\/li>\n<li>\u0410\u043d\u0442\u0438\u0431\u0430\u043a\u0442\u0435\u0440\u0438\u0430\u043b\u044c\u043d\u0430\u044f \u0445\u043b\u043e\u043f\u043a\u043e\u0432\u0430\u044f \u0442\u043a\u0430\u043d\u044c: \u041e\u0431\u0435\u0441\u043f\u0435\u0447\u0438\u0432\u0430\u0435\u0442 \u0433\u0438\u0433\u0438\u0435\u043d\u0438\u0447\u043d\u043e\u0441\u0442\u044c.<\/li>\n<li>\u041d\u0435\u0442\u043a\u0430\u043d\u044b\u0439 \u043c\u0430\u0442\u0435\u0440\u0438\u0430\u043b: \u0421\u043e\u0435\u0434\u0438\u043d\u044f\u0435\u0442 \u0441\u043b\u043e\u0438 \u0438 \u043e\u0431\u0435\u0441\u043f\u0435\u0447\u0438\u0432\u0430\u0435\u0442 \u044d\u043b\u0430\u0441\u0442\u0438\u0447\u043d\u043e\u0441\u0442\u044c.<\/li>\n<li>\u0410\u043d\u0442\u0438\u0431\u0430\u043a\u0442\u0435\u0440\u0438\u0430\u043b\u044c\u043d\u0430\u044f \u0442\u0440\u0438\u043a\u043e\u0442\u0430\u0436\u043d\u0430\u044f \u0442\u043a\u0430\u043d\u044c \u0441 \u0441\u0435\u0440\u0435\u0431\u0440\u044f\u043d\u044b\u043c\u0438 \u0438\u043e\u043d\u0430\u043c\u0438: \u041e\u0431\u0435\u0441\u043f\u0435\u0447\u0438\u0432\u0430\u0435\u0442 \u043a\u043e\u043c\u0444\u043e\u0440\u0442, \u043f\u043e\u043c\u043e\u0433\u0430\u0435\u0442 \u0431\u044b\u0441\u0442\u0440\u0435\u0435 \u0437\u0430\u0441\u044b\u043f\u0430\u0442\u044c \u0438 \u043f\u0440\u0435\u0434\u043e\u0442\u0432\u0440\u0430\u0449\u0430\u0435\u0442 \u0440\u0430\u0441\u043f\u0440\u043e\u0441\u0442\u0440\u0430\u043d\u0435\u043d\u0438\u0435 \u0431\u0430\u043a\u0442\u0435\u0440\u0438\u0439 \u0431\u043b\u0430\u0433\u043e\u0434\u0430\u0440\u044f \u0430\u043d\u0442\u0438\u0431\u0430\u043a\u0442\u0435\u0440\u0438\u0430\u043b\u044c\u043d\u044b\u043c \u0441\u0432\u043e\u0439\u0441\u0442\u0432\u0430\u043c.<\/li>\n<\/ul>\n<h4>\u041f\u0440\u0435\u0438\u043c\u0443\u0449\u0435\u0441\u0442\u0432\u0430<\/h4>\n<ul>\n<li>\u0410\u043d\u0430\u0442\u043e\u043c\u0438\u0447\u0435\u0441\u043a\u0430\u044f \u043f\u043e\u0434\u0434\u0435\u0440\u0436\u043a\u0430: \u0421\u0438\u0441\u0442\u0435\u043c\u0430 Special Pocket \u043f\u043e\u0434\u0434\u0435\u0440\u0436\u0438\u0432\u0430\u0435\u0442 \u043f\u043e\u0437\u0432\u043e\u043d\u043e\u0447\u043d\u0438\u043a \u0432 \u043f\u0440\u0430\u0432\u0438\u043b\u044c\u043d\u043e\u043c \u043f\u043e\u043b\u043e\u0436\u0435\u043d\u0438\u0438 \u0438 \u0441\u043d\u0438\u043c\u0430\u0435\u0442 \u043d\u0430\u043f\u0440\u044f\u0436\u0435\u043d\u0438\u0435 \u0441 \u043c\u044b\u0448\u0446.<\/li>\n<li>\u0420\u0430\u0437\u043d\u0430\u044f \u0436\u0435\u0441\u0442\u043a\u043e\u0441\u0442\u044c \u0441\u0442\u043e\u0440\u043e\u043d: \u041f\u043e\u0437\u0432\u043e\u043b\u044f\u0435\u0442 \u0432\u044b\u0431\u0440\u0430\u0442\u044c \u043d\u0435\u043e\u0431\u0445\u043e\u0434\u0438\u043c\u0443\u044e \u0436\u0435\u0441\u0442\u043a\u043e\u0441\u0442\u044c.<\/li>\n<li>\u0421\u043d\u0438\u0436\u0435\u043d\u0438\u0435 \u0432\u0438\u0431\u0440\u0430\u0446\u0438\u0439: \u041c\u0438\u043d\u0438\u043c\u0438\u0437\u0438\u0440\u0443\u0435\u0442 \u0432\u0438\u0431\u0440\u0430\u0446\u0438\u0438 \u043f\u0440\u0438 \u043f\u043e\u0432\u043e\u0440\u043e\u0442\u0430\u0445 \u0438 \u0434\u0432\u0438\u0436\u0435\u043d\u0438\u044f\u0445, \u043f\u043e\u0434\u0445\u043e\u0434\u0438\u0442 \u0434\u043b\u044f \u043b\u044e\u0434\u0435\u0439 \u0441 \u0447\u0443\u0432\u0441\u0442\u0432\u0438\u0442\u0435\u043b\u044c\u043d\u044b\u043c \u0441\u043d\u043e\u043c.<\/li>\n<li>\u0410\u043d\u0442\u0438\u0431\u0430\u043a\u0442\u0435\u0440\u0438\u0430\u043b\u044c\u043d\u0430\u044f \u0442\u043a\u0430\u043d\u044c: \u0421 \u0441\u0435\u0440\u0435\u0431\u0440\u044f\u043d\u044b\u043c\u0438 \u0438\u043e\u043d\u0430\u043c\u0438 \u043f\u0440\u0435\u0434\u043e\u0442\u0432\u0440\u0430\u0449\u0430\u0435\u0442 \u0440\u0430\u0441\u043f\u0440\u043e\u0441\u0442\u0440\u0430\u043d\u0435\u043d\u0438\u0435 \u0431\u0430\u043a\u0442\u0435\u0440\u0438\u0439 \u0438 \u043f\u043e\u0432\u044b\u0448\u0430\u0435\u0442 \u0433\u0438\u0433\u0438\u0435\u043d\u0438\u0447\u043d\u043e\u0441\u0442\u044c.<\/li>\n<li>\u0414\u0432\u0443\u0441\u0442\u043e\u0440\u043e\u043d\u043d\u0435\u0435 \u0438\u0441\u043f\u043e\u043b\u044c\u0437\u043e\u0432\u0430\u043d\u0438\u0435: \u041c\u043e\u0436\u043d\u043e \u0438\u0441\u043f\u043e\u043b\u044c\u0437\u043e\u0432\u0430\u0442\u044c \u0432 \u0437\u0430\u0432\u0438\u0441\u0438\u043c\u043e\u0441\u0442\u0438 \u043e\u0442 \u0441\u0435\u0437\u043e\u043d\u0430 (\u043b\u0435\u0442\u043e\/\u0437\u0438\u043c\u0430).<\/li>\n<li>\u0421\u043e\u0432\u043c\u0435\u0441\u0442\u0438\u043c\u043e\u0441\u0442\u044c: \u0418\u0434\u0435\u0430\u043b\u0435\u043d \u0434\u043b\u044f \u0431\u0435\u0440\u0435\u043c\u0435\u043d\u043d\u044b\u0445 \u0436\u0435\u043d\u0449\u0438\u043d \u0438 \u043b\u044e\u0431\u0438\u0442\u0435\u043b\u0435\u0439 \u043c\u044f\u0433\u043a\u043e\u0433\u043e \u0441\u043d\u0430.<\/li>\n<li>\u0412\u044b\u0441\u043e\u0442\u0430: \u0418\u043c\u0435\u0435\u0442 \u0432\u044b\u0441\u043e\u0442\u0443 24 \u0441\u043c.<\/li>\n<\/ul>\n<p>Silverline modeli il\u0259 rahat v\u0259 gigiyenik bir yuxu t\u0259min edin.<\/p>","protected":false},"excerpt":{"rendered":"<p>QEYD: QEYR\u0130-STANDART \u00d6L\u00c7\u00dcL\u018fRD\u018f D\u018f Z\u018fNG VAS\u0130T\u018fS\u0130L\u018f \u00a0S\u0130FAR\u0130\u015e ED\u018f B\u0130L\u018fRS\u0130N\u0130Z! Silverline modeli, f\u0259rqli s\u0259rtlikd\u0259 t\u0259r\u0259fl\u0259ri, y\u00fcks\u0259k keyfiyy\u0259tli g\u00fcm\u00fc\u015f ionlar\u0131 v\u0259 antibakterial trikotaj par\u00e7as\u0131 il\u0259 \u0259z\u0259l\u0259 v\u0259 onur\u011fadan g\u0259rginliyi tez zamanda g\u00f6t\u00fcr\u0259n&hellip;<\/p>","protected":false},"featured_media":24581,"comment_status":"open","ping_status":"closed","template":"","meta":[],"product_brand":[],"product_cat":[135,92,130,137,123],"product_tag":[],"class_list":{"0":"post-23408","1":"product","2":"type-product","3":"status-publish","4":"has-post-thumbnail","6":"product_cat-elegance-kolleksiya","7":"product_cat-matras","8":"product_cat-pocket-yay","9":"product_cat-usaq-ucun","10":"product_cat-yumsaq","12":"first","13":"instock","14":"shipping-taxable","15":"purchasable","16":"product-type-variable","17":"layout-style-6","18":"col-md-4 col-sm-4 col-xs-6","19":"col-lg-3","20":"product-has-gallery","21":"product-style-addtocart"},"_links":{"self":[{"href":"https:\/\/vivamattress.az\/ru\/wp-json\/wp\/v2\/product\/23408","targetHints":{"allow":["GET"]}}],"collection":[{"href":"https:\/\/vivamattress.az\/ru\/wp-json\/wp\/v2\/product"}],"about":[{"href":"https:\/\/vivamattress.az\/ru\/wp-json\/wp\/v2\/types\/product"}],"replies":[{"embeddable":true,"href":"https:\/\/vivamattress.az\/ru\/wp-json\/wp\/v2\/comments?post=23408"}],"version-history":[{"count":2,"href":"https:\/\/vivamattress.az\/ru\/wp-json\/wp\/v2\/product\/23408\/revisions"}],"predecessor-version":[{"id":25318,"href":"https:\/\/vivamattress.az\/ru\/wp-json\/wp\/v2\/product\/23408\/revisions\/25318"}],"wp:featuredmedia":[{"embeddable":true,"href":"https:\/\/vivamattress.az\/ru\/wp-json\/wp\/v2\/media\/24581"}],"wp:attachment":[{"href":"https:\/\/vivamattress.az\/ru\/wp-json\/wp\/v2\/media?parent=23408"}],"wp:term":[{"taxonomy":"product_brand","embeddable":true,"href":"https:\/\/vivamattress.az\/ru\/wp-json\/wp\/v2\/product_brand?post=23408"},{"taxonomy":"product_cat","embeddable":true,"href":"https:\/\/vivamattress.az\/ru\/wp-json\/wp\/v2\/product_cat?post=23408"},{"taxonomy":"product_tag","embeddable":true,"href":"https:\/\/vivamattress.az\/ru\/wp-json\/wp\/v2\/product_tag?post=23408"}],"curies":[{"name":"wp","href":"https:\/\/api.w.org\/{rel}","templated":true}]}}