{"id":23398,"date":"2024-06-16T09:33:51","date_gmt":"2024-06-16T09:33:51","guid":{"rendered":"https:\/\/vivamattress.az\/?post_type=product&#038;p=23398"},"modified":"2026-04-09T23:42:08","modified_gmt":"2026-04-09T23:42:08","slug":"blue-sky","status":"publish","type":"product","link":"https:\/\/vivamattress.az\/ru\/product\/blue-sky\/","title":{"rendered":"Blue Sky"},"content":{"rendered":"<p><strong>\u041f\u0440\u0438\u043c\u0435\u0447\u0430\u043d\u0438\u0435: \u0412\u042b \u0422\u0410\u041a\u0416\u0415 \u041c\u041e\u0416\u0415\u0422\u0415 \u0417\u0410\u041a\u0410\u0417\u0410\u0422\u042c \u041d\u0415\u0421\u0422\u0410\u041d\u0414\u0410\u0420\u0422\u041d\u042b\u0415 \u0420\u0410\u0417\u041c\u0415\u0420\u042b \u041f\u041e<\/strong><\/p>\n<p>Blue Sky matras\u0131 y\u00fcks\u0259k keyfiyy\u0259ti il\u0259 orta s\u0259rtlikd\u0259 olan matras sev\u0259nl\u0259r \u00fc\u00e7\u00fcn ideal se\u00e7imdir. Bu matras klassik Pocket yay sistemin\u0259 malikdir, u\u015faqlara v\u0259 orta statistik parametrl\u0259ri olan insanlara uy\u011fundur. 110 kq-a q\u0259d\u0259r \u00e7\u0259kiy\u0259 davaml\u0131d\u0131r v\u0259 bir t\u0259r\u0259fd\u0259n x\u00fcsusi rahatl\u0131q t\u0259min ed\u0259n t\u0259b\u0259q\u0259si var, dig\u0259r t\u0259r\u0259fi is\u0259 s\u0259rtdir. Matras\u0131n s\u0259thi antibakterial trikotaj par\u00e7a il\u0259 \u0259hat\u0259 olunur.<\/p>\n<p><strong><em> \u0421\u043e\u0441\u0442\u0430\u0432:<\/em> <\/strong><\/p>\n<p>\u2013 \u0423\u0441\u0438\u043b\u0435\u043d\u043d\u0430\u044f, \u0432\u044b\u0441\u043e\u043a\u043e\u044d\u043b\u0430\u0441\u0442\u0438\u0447\u043d\u0430\u044f Pocket \u043f\u0440\u0443\u0436\u0438\u043d\u043d\u0430\u044f \u0441\u0438\u0441\u0442\u0435\u043c\u0430: \u0423\u0441\u0438\u043b\u0435\u043d\u043d\u0430\u044f \u0435\u0432\u0440\u043e\u043a\u0430\u0440\u043a\u0430\u0441 \u043f\u043e \u043f\u0435\u0440\u0438\u043c\u0435\u0442\u0440\u0443 \u043f\u0440\u0443\u0436\u0438\u043d \u0437\u0430\u0449\u0438\u0449\u0430\u0435\u0442 \u043a\u0440\u0430\u044f \u043e\u0442 \u043f\u0440\u043e\u0432\u0438\u0441\u0430\u043d\u0438\u044f \u0438 \u0443\u043a\u0440\u0435\u043f\u043b\u044f\u0435\u0442 \u043f\u0440\u0443\u0436\u0438\u043d\u043d\u044b\u0439 \u0431\u043b\u043e\u043a.<\/p>\n<p>\u2013 \u0423\u043b\u044c\u0442\u0440\u0430 \u0436\u0435\u0441\u0442\u043a\u0438\u0439, \u0438\u0437\u043d\u043e\u0441\u043e\u0441\u0442\u043e\u0439\u043a\u0438\u0439 \u0441\u043b\u043e\u0439 \u0438\u0437 \u0445\u043b\u043e\u043f\u043a\u0430: \u041e\u0431\u0435\u0441\u043f\u0435\u0447\u0438\u0432\u0430\u0435\u0442 \u0436\u0435\u0441\u0442\u043a\u043e\u0441\u0442\u044c \u0438 \u043f\u0440\u0435\u0434\u043e\u0442\u0432\u0440\u0430\u0449\u0430\u0435\u0442 \u0438\u0437\u043d\u043e\u0441 \u0441\u043b\u043e\u0435\u0432.<\/p>\n<p>\u2013 \u041e\u0440\u0442\u043e\u0442\u0435\u043a\u0442\u0438\u0447\u0435\u0441\u043a\u0438\u0439 \u0441\u043b\u043e\u0439 \u0438\u0437 EL \u043f\u0435\u043d\u044b \u0441 \u044f\u0447\u0435\u0438\u0441\u0442\u043e\u0439 \u0441\u0442\u0440\u0443\u043a\u0442\u0443\u0440\u043e\u0439: \u041e\u0431\u0435\u0441\u043f\u0435\u0447\u0438\u0432\u0430\u0435\u0442 \u043e\u0440\u0442\u043e\u043f\u0435\u0434\u0438\u0447\u0435\u0441\u043a\u0443\u044e \u043f\u043e\u0434\u0434\u0435\u0440\u0436\u043a\u0443 \u0438 \u043a\u043e\u043c\u0444\u043e\u0440\u0442.<\/p>\n<p>\u2013 \u0421\u043b\u043e\u0439 \u0438\u0437 \u044d\u043b\u0430\u0441\u0442\u0438\u0447\u043d\u043e\u0439 \u043f\u0435\u043d\u044b \u0441 \u0432\u044b\u0441\u043e\u043a\u043e\u0439 \u0438\u0437\u043d\u043e\u0441\u043e\u0441\u0442\u043e\u0439\u043a\u043e\u0441\u0442\u044c\u044e: \u041e\u0431\u0435\u0441\u043f\u0435\u0447\u0438\u0432\u0430\u0435\u0442 \u0441\u0442\u0430\u0431\u0438\u043b\u044c\u043d\u043e\u0441\u0442\u044c \u0442\u043a\u0430\u043d\u0435\u0439.<\/p>\n<p>\u2013 \u0421\u0438\u043d\u0442\u0435\u043f\u043e\u043d\u043e\u0432\u044b\u0439 \u0441\u043b\u043e\u0439: \u041f\u043e\u043c\u043e\u0433\u0430\u0435\u0442 \u0441\u043e\u0445\u0440\u0430\u043d\u044f\u0442\u044c \u0442\u0435\u043f\u043b\u044b\u0439 \u043c\u0438\u043a\u0440\u043e\u043a\u043b\u0438\u043c\u0430\u0442.<\/p>\n<p>\u2013 \u041d\u0435\u043f\u043b\u0435\u0442\u0435\u043d\u0430\u044f \u0442\u043a\u0430\u043d\u044c, \u0441\u043e\u0435\u0434\u0438\u043d\u044f\u044e\u0449\u0430\u044f \u0441\u043b\u043e\u0438: \u041e\u0431\u0435\u0441\u043f\u0435\u0447\u0438\u0432\u0430\u0435\u0442 \u0441\u0442\u0430\u0431\u0438\u043b\u044c\u043d\u043e\u0441\u0442\u044c \u0441\u043b\u043e\u0435\u0432.<\/p>\n<p>\u2013 \u0410\u043d\u0442\u0438\u0431\u0430\u043a\u0442\u0435\u0440\u0438\u0430\u043b\u044c\u043d\u0430\u044f \u0442\u0440\u0438\u043a\u043e\u0442\u0430\u0436\u043d\u0430\u044f \u0442\u043a\u0430\u043d\u044c: \u041f\u043e\u0432\u0435\u0440\u0445\u043d\u043e\u0441\u0442\u044c \u043c\u0430\u0442\u0440\u0430\u0441\u0430 \u043e\u0431\u043b\u0430\u0434\u0430\u0435\u0442 \u0430\u043d\u0442\u0438\u0431\u0430\u043a\u0442\u0435\u0440\u0438\u0430\u043b\u044c\u043d\u044b\u043c\u0438 \u0441\u0432\u043e\u0439\u0441\u0442\u0432\u0430\u043c\u0438, \u0441\u043e\u0437\u0434\u0430\u0432\u0430\u044f \u0433\u0438\u0433\u0438\u0435\u043d\u0438\u0447\u043d\u0443\u044e \u0441\u0440\u0435\u0434\u0443 \u0434\u043b\u044f \u0441\u043d\u0430.<\/p>\n<p><em><strong> \u041f\u0440\u0435\u0438\u043c\u0443\u0449\u0435\u0441\u0442\u0432\u0430<\/strong><\/em><\/p>\n<p>\u2013 \u0412\u044b\u0441\u043e\u043a\u043e\u0435 \u043a\u0430\u0447\u0435\u0441\u0442\u0432\u043e: \u041c\u0430\u0442\u0440\u0430\u0441 \u044f\u0432\u043b\u044f\u0435\u0442\u0441\u044f \u0438\u0434\u0435\u0430\u043b\u044c\u043d\u044b\u043c \u0432\u044b\u0431\u043e\u0440\u043e\u043c \u0434\u043b\u044f \u043b\u044e\u0431\u0438\u0442\u0435\u043b\u0435\u0439 \u043c\u0430\u0442\u0440\u0430\u0441\u043e\u0432 \u0441\u0440\u0435\u0434\u043d\u0435\u0439 \u0436\u0435\u0441\u0442\u043a\u043e\u0441\u0442\u0438 \u0431\u043b\u0430\u0433\u043e\u0434\u0430\u0440\u044f \u0441\u0432\u043e\u0435\u043c\u0443 \u0432\u044b\u0441\u043e\u043a\u043e\u043c\u0443 \u043a\u0430\u0447\u0435\u0441\u0442\u0432\u0443.<\/p>\n<p>\u2013 \u0420\u0430\u0432\u043d\u043e\u043c\u0435\u0440\u043d\u043e\u0435 \u0440\u0430\u0441\u043f\u0440\u0435\u0434\u0435\u043b\u0435\u043d\u0438\u0435 \u0432\u0435\u0441\u0430: Pocket \u043f\u0440\u0443\u0436\u0438\u043d\u043d\u0430\u044f \u0441\u0438\u0441\u0442\u0435\u043c\u0430 \u043e\u0431\u0435\u0441\u043f\u0435\u0447\u0438\u0432\u0430\u0435\u0442 \u043f\u0440\u0430\u0432\u0438\u043b\u044c\u043d\u043e\u0435 \u0440\u0430\u0441\u043f\u0440\u0435\u0434\u0435\u043b\u0435\u043d\u0438\u0435 \u0432\u0435\u0441\u0430 \u043f\u043e \u043f\u043e\u0432\u0435\u0440\u0445\u043d\u043e\u0441\u0442\u0438 \u043c\u0430\u0442\u0440\u0430\u0441\u0430.<\/p>\n<p>\u2013 \u041f\u043e\u0434\u0445\u043e\u0434\u044f\u0449\u0435\u0441\u0442\u044c: \u041f\u043e\u0434\u0445\u043e\u0434\u0438\u0442 \u0434\u043b\u044f \u0434\u0435\u0442\u0435\u0439 \u0438 \u043b\u044e\u0434\u0435\u0439 \u0441\u043e \u0441\u0440\u0435\u0434\u043d\u0438\u043c\u0438 \u043f\u0430\u0440\u0430\u043c\u0435\u0442\u0440\u0430\u043c\u0438.<\/p>\n<p>\u2013 \u0413\u0438\u0433\u0438\u0435\u043d\u0438\u0447\u043d\u043e\u0441\u0442\u044c: \u0410\u043d\u0442\u0438\u0431\u0430\u043a\u0442\u0435\u0440\u0438\u0430\u043b\u044c\u043d\u0430\u044f \u0442\u043a\u0430\u043d\u044c \u043e\u0431\u0435\u0441\u043f\u0435\u0447\u0438\u0432\u0430\u0435\u0442 \u0433\u0438\u0433\u0438\u0435\u043d\u0438\u0447\u043d\u044b\u0439 \u0441\u043e\u043d.<\/p>\n<p>\u2013 \u0412\u044b\u0441\u043e\u0442\u0430: \u0418\u043c\u0435\u0435\u0442 \u0432\u044b\u0441\u043e\u0442\u0443 24 \u0441\u043c.<\/p>\n<p>Blue Sky matrasi il\u0259 rahat v\u0259 sa\u011flam yuxu t\u0259cr\u00fcb\u0259si ya\u015fay\u0131n.<\/p>","protected":false},"excerpt":{"rendered":"<p>QEYD: QEYR\u0130-STANDART \u00d6L\u00c7\u00dcL\u018fRD\u018f D\u018f Z\u018fNG VAS\u0130T\u018fS\u0130L\u018f \u00a0S\u0130FAR\u0130\u015e ED\u018f B\u0130L\u018fRS\u0130N\u0130Z! Blue Sky matras\u0131 y\u00fcks\u0259k keyfiyy\u0259ti il\u0259 orta s\u0259rtlikd\u0259 olan matras sev\u0259nl\u0259r \u00fc\u00e7\u00fcn ideal se\u00e7imdir. Bu matras klassik Pocket yay sistemin\u0259 malikdir,&hellip;<\/p>","protected":false},"featured_media":24566,"comment_status":"open","ping_status":"closed","template":"","meta":[],"product_brand":[],"product_cat":[134,122,92,130,137],"product_tag":[],"class_list":{"0":"post-23398","1":"product","2":"type-product","3":"status-publish","4":"has-post-thumbnail","6":"product_cat-eko-kolleksiya","7":"product_cat-orta-sert","8":"product_cat-matras","9":"product_cat-pocket-yay","10":"product_cat-usaq-ucun","12":"first","13":"instock","14":"shipping-taxable","15":"purchasable","16":"product-type-variable","17":"layout-style-6","18":"col-md-4 col-sm-4 col-xs-6","19":"col-lg-3","20":"product-has-gallery","21":"product-style-addtocart"},"_links":{"self":[{"href":"https:\/\/vivamattress.az\/ru\/wp-json\/wp\/v2\/product\/23398","targetHints":{"allow":["GET"]}}],"collection":[{"href":"https:\/\/vivamattress.az\/ru\/wp-json\/wp\/v2\/product"}],"about":[{"href":"https:\/\/vivamattress.az\/ru\/wp-json\/wp\/v2\/types\/product"}],"replies":[{"embeddable":true,"href":"https:\/\/vivamattress.az\/ru\/wp-json\/wp\/v2\/comments?post=23398"}],"version-history":[{"count":2,"href":"https:\/\/vivamattress.az\/ru\/wp-json\/wp\/v2\/product\/23398\/revisions"}],"predecessor-version":[{"id":25315,"href":"https:\/\/vivamattress.az\/ru\/wp-json\/wp\/v2\/product\/23398\/revisions\/25315"}],"wp:featuredmedia":[{"embeddable":true,"href":"https:\/\/vivamattress.az\/ru\/wp-json\/wp\/v2\/media\/24566"}],"wp:attachment":[{"href":"https:\/\/vivamattress.az\/ru\/wp-json\/wp\/v2\/media?parent=23398"}],"wp:term":[{"taxonomy":"product_brand","embeddable":true,"href":"https:\/\/vivamattress.az\/ru\/wp-json\/wp\/v2\/product_brand?post=23398"},{"taxonomy":"product_cat","embeddable":true,"href":"https:\/\/vivamattress.az\/ru\/wp-json\/wp\/v2\/product_cat?post=23398"},{"taxonomy":"product_tag","embeddable":true,"href":"https:\/\/vivamattress.az\/ru\/wp-json\/wp\/v2\/product_tag?post=23398"}],"curies":[{"name":"wp","href":"https:\/\/api.w.org\/{rel}","templated":true}]}}