{"id":23382,"date":"2024-06-16T09:22:09","date_gmt":"2024-06-16T09:22:09","guid":{"rendered":"https:\/\/vivamattress.az\/?post_type=product&#038;p=23382"},"modified":"2026-04-26T09:08:22","modified_gmt":"2026-04-26T09:08:22","slug":"premierline","status":"publish","type":"product","link":"https:\/\/vivamattress.az\/ru\/product\/premierline\/","title":{"rendered":"Premierline"},"content":{"rendered":"<p><strong>\u041f\u0440\u0438\u043c\u0435\u0447\u0430\u043d\u0438\u0435: \u0412\u042b \u0422\u0410\u041a\u0416\u0415 \u041c\u041e\u0416\u0415\u0422\u0415 \u0417\u0410\u041a\u0410\u0417\u0410\u0422\u042c \u041d\u0415\u0421\u0422\u0410\u041d\u0414\u0410\u0420\u0422\u041d\u042b\u0415 \u0420\u0410\u0417\u041c\u0415\u0420\u042b \u041f\u041e<\/strong><\/p>\n<p>\u041c\u043e\u0434\u0435\u043b\u044c PremierLine \u2014 \u044d\u0442\u043e \u043c\u0430\u0442\u0440\u0430\u0441 \u043d\u0430 \u043e\u0441\u043d\u043e\u0432\u0435 \u043a\u043b\u0430\u0441\u0441\u0438\u0447\u0435\u0441\u043a\u043e\u0439 \u043f\u0440\u0443\u0436\u0438\u043d\u043d\u043e\u0439 \u0441\u0438\u0441\u0442\u0435\u043c\u044b Bonnel \u0441 \u0443\u0432\u0435\u043b\u0438\u0447\u0435\u043d\u043d\u044b\u043c \u043a\u043e\u043b\u0438\u0447\u0435\u0441\u0442\u0432\u043e\u043c \u043f\u0440\u0443\u0436\u0438\u043d, \u0447\u0442\u043e \u043f\u0440\u0438\u0434\u0430\u0451\u0442 \u0435\u043c\u0443 \u0434\u043e\u0441\u0442\u0430\u0442\u043e\u0447\u043d\u043e \u0436\u0451\u0441\u0442\u043a\u043e\u0441\u0442\u044c. \u042d\u0442\u0430 \u043c\u043e\u0434\u0435\u043b\u044c \u043f\u043e\u0434\u0445\u043e\u0434\u0438\u0442 \u0434\u043b\u044f \u0434\u0435\u0442\u0435\u0439 \u0438 \u043b\u044e\u0434\u0435\u0439 \u0441\u043e \u0441\u0440\u0435\u0434\u043d\u0435\u0441\u0442\u0430\u0442\u0438\u0441\u0442\u0438\u0447\u0435\u0441\u043a\u0438\u043c\u0438 \u043f\u0430\u0440\u0430\u043c\u0435\u0442\u0440\u0430\u043c\u0438. \u041c\u0430\u043a\u0441\u0438\u043c\u0430\u043b\u044c\u043d\u044b\u0439 \u0432\u0435\u0441 \u043d\u0430 \u043e\u0434\u043d\u043e\u0433\u043e \u0447\u0435\u043b\u043e\u0432\u0435\u043a\u0430 \u0441\u043e\u0441\u0442\u0430\u0432\u043b\u044f\u0435\u0442 110 \u043a\u0433. \u0414\u0432\u0443\u0441\u0442\u043e\u0440\u043e\u043d\u043d\u0438\u0439 \u043a\u043e\u043c\u0444\u043e\u0440\u0442 \u0434\u0435\u043b\u0430\u0435\u0442 \u044d\u0442\u043e\u0442 \u043c\u0430\u0442\u0440\u0430\u0441 \u043e\u0442\u043b\u0438\u0447\u043d\u044b\u043c \u0432\u044b\u0431\u043e\u0440\u043e\u043c.<\/p>\n<h4>\u0421\u043e\u0441\u0442\u0430\u0432:<\/h4>\n<ul>\n<li>\u0423\u0441\u0438\u043b\u0435\u043d\u043d\u0430\u044f \u043f\u0440\u0443\u0436\u0438\u043d\u043d\u0430\u044f \u0441\u0438\u0441\u0442\u0435\u043c\u0430 Bonnel: \u042d\u0442\u0430 \u0441\u0438\u0441\u0442\u0435\u043c\u0430 \u0441 \u0432\u044b\u0441\u043e\u043a\u043e\u0439 \u044d\u043b\u0430\u0441\u0442\u0438\u0447\u043d\u043e\u0441\u0442\u044c\u044e \u043f\u043e\u0437\u0432\u043e\u043b\u044f\u0435\u0442 \u0440\u0430\u0432\u043d\u043e\u043c\u0435\u0440\u043d\u043e \u0440\u0430\u0441\u043f\u0440\u0435\u0434\u0435\u043b\u044f\u0442\u044c \u0432\u0435\u0441.<\/li>\n<li>\u0423\u0441\u0438\u043b\u0435\u043d\u043d\u044b\u0439 \u0435\u0432\u0440\u043e\u043a\u0430\u0440\u043a\u0430\u0441: \u0423\u0441\u0438\u043b\u0435\u043d\u043d\u044b\u0439 \u043a\u0430\u0440\u043a\u0430\u0441 \u043f\u043e \u043f\u0435\u0440\u0438\u043c\u0435\u0442\u0440\u0443 \u043f\u0440\u0443\u0436\u0438\u043d \u043f\u0440\u0435\u0434\u043e\u0442\u0432\u0440\u0430\u0449\u0430\u0435\u0442 \u043f\u0440\u043e\u0432\u0438\u0441\u0430\u043d\u0438\u0435 \u043a\u0440\u0430\u0451\u0432 \u0438 \u0443\u043a\u0440\u0435\u043f\u043b\u044f\u0435\u0442 \u043f\u0440\u0443\u0436\u0438\u043d\u043d\u0443\u044e \u0441\u0438\u0441\u0442\u0435\u043c\u0443.<\/li>\n<li>\u0421\u043b\u043e\u0439 \u0443\u043b\u044c\u0442\u0440\u0430\u0436\u0451\u0441\u0442\u043a\u043e\u0433\u043e \u0445\u043b\u043e\u043f\u043a\u0430: \u042d\u0442\u043e\u0442 \u0438\u0437\u043d\u043e\u0441\u043e\u0441\u0442\u043e\u0439\u043a\u0438\u0439 \u0441\u043b\u043e\u0439 \u0434\u043e\u0431\u0430\u0432\u043b\u044f\u0435\u0442 \u0436\u0451\u0441\u0442\u043a\u043e\u0441\u0442\u044c \u0438 \u043f\u0440\u0435\u0434\u043e\u0442\u0432\u0440\u0430\u0449\u0430\u0435\u0442 \u0438\u0437\u043d\u043e\u0441 \u0441\u043b\u043e\u0451\u0432.<\/li>\n<li>\u0421\u043b\u043e\u0439 \u043e\u0440\u0442\u043e\u043f\u0435\u0434\u0438\u0447\u0435\u0441\u043a\u043e\u0439 \u043f\u0435\u043d\u044b EL: \u0421\u043e\u0442\u043e\u0432\u0430\u044f \u0441\u0442\u0440\u0443\u043a\u0442\u0443\u0440\u0430 \u044d\u0442\u043e\u0433\u043e \u0441\u043b\u043e\u044f \u043e\u0431\u043b\u0430\u0434\u0430\u0435\u0442 \u043e\u0440\u0442\u043e\u043f\u0435\u0434\u0438\u0447\u0435\u0441\u043a\u0438\u043c\u0438 \u0441\u0432\u043e\u0439\u0441\u0442\u0432\u0430\u043c\u0438.<\/li>\n<li>\u0421\u043b\u043e\u0439 \u044d\u043b\u0430\u0441\u0442\u0438\u0447\u043d\u043e\u0439 \u043f\u0435\u043d\u044b: \u0418\u0441\u043f\u043e\u043b\u044c\u0437\u0443\u0435\u0442\u0441\u044f \u0434\u043b\u044f \u0441\u0442\u0430\u0431\u0438\u043b\u0438\u0437\u0430\u0446\u0438\u0438 \u0442\u043a\u0430\u043d\u0435\u0439 \u0441 \u0432\u044b\u0441\u043e\u043a\u043e\u0439 \u0438\u0437\u043d\u043e\u0441\u043e\u0441\u0442\u043e\u0439\u043a\u043e\u0441\u0442\u044c\u044e.<\/li>\n<li>\u0421\u043b\u043e\u0439 \u0441\u0438\u043d\u0442\u0435\u043f\u043e\u043d\u0430: \u041f\u043e\u043c\u043e\u0433\u0430\u0435\u0442 \u043f\u043e\u0434\u0434\u0435\u0440\u0436\u0438\u0432\u0430\u0442\u044c \u0442\u0435\u043f\u043b\u044b\u0439 \u043c\u0438\u043a\u0440\u043e\u043a\u043b\u0438\u043c\u0430\u0442.<\/li>\n<li>\u041d\u0435\u0442\u043a\u0430\u043d\u044b\u0439 \u043c\u0430\u0442\u0435\u0440\u0438\u0430\u043b: \u0421\u043e\u0435\u0434\u0438\u043d\u044f\u0435\u0442 \u0441\u043b\u043e\u0438 \u0438 \u043e\u0431\u0435\u0441\u043f\u0435\u0447\u0438\u0432\u0430\u0435\u0442 \u044d\u043b\u0430\u0441\u0442\u0438\u0447\u043d\u043e\u0441\u0442\u044c.<\/li>\n<li>\u0410\u043d\u0442\u0438\u0431\u0430\u043a\u0442\u0435\u0440\u0438\u0430\u043b\u044c\u043d\u0430\u044f \u0442\u0440\u0438\u043a\u043e\u0442\u0430\u0436\u043d\u0430\u044f \u0442\u043a\u0430\u043d\u044c: \u041e\u0431\u043b\u0430\u0434\u0430\u0435\u0442 \u0433\u0438\u043f\u043e\u0430\u043b\u043b\u0435\u0440\u0433\u0435\u043d\u043d\u044b\u043c\u0438 \u0438 \u0430\u043d\u0442\u0438\u0431\u0430\u043a\u0442\u0435\u0440\u0438\u0430\u043b\u044c\u043d\u044b\u043c\u0438 \u0441\u0432\u043e\u0439\u0441\u0442\u0432\u0430\u043c\u0438.<\/li>\n<\/ul>\n<h4>\u041f\u0440\u0435\u0438\u043c\u0443\u0449\u0435\u0441\u0442\u0432\u0430<\/h4>\n<ul>\n<li>\u0414\u0432\u0443\u0441\u0442\u043e\u0440\u043e\u043d\u043d\u0438\u0439 \u043a\u043e\u043c\u0444\u043e\u0440\u0442: \u041c\u0430\u0442\u0440\u0430\u0441 \u043e\u0431\u0435\u0441\u043f\u0435\u0447\u0438\u0432\u0430\u0435\u0442 \u0434\u0432\u0443\u0441\u0442\u043e\u0440\u043e\u043d\u043d\u0438\u0439 \u043a\u043e\u043c\u0444\u043e\u0440\u0442 \u0431\u043b\u0430\u0433\u043e\u0434\u0430\u0440\u044f \u043c\u044f\u0433\u043a\u043e\u043c\u0443 \u043f\u043e\u043a\u0440\u044b\u0442\u0438\u044e.<\/li>\n<li>\u041f\u0440\u0430\u0432\u0438\u043b\u044c\u043d\u043e\u0435 \u0440\u0430\u0441\u043f\u0440\u0435\u0434\u0435\u043b\u0435\u043d\u0438\u0435 \u0432\u0435\u0441\u0430: \u041e\u0431\u0435\u0441\u043f\u0435\u0447\u0438\u0432\u0430\u0435\u0442\u0441\u044f \u0441\u0438\u0441\u0442\u0435\u043c\u043e\u0439 \u043f\u0440\u0443\u0436\u0438\u043d Bonnel.<\/li>\n<li>\u0413\u0438\u0433\u0438\u0435\u043d\u0438\u0447\u043d\u044b\u0439 \u0441\u043e\u043d: \u041e\u0431\u0435\u0441\u043f\u0435\u0447\u0438\u0432\u0430\u0435\u0442\u0441\u044f \u0430\u043d\u0442\u0438\u0431\u0430\u043a\u0442\u0435\u0440\u0438\u0430\u043b\u044c\u043d\u043e\u0439 \u0442\u043a\u0430\u043d\u044c\u044e, \u043f\u043e\u043a\u0440\u044b\u0432\u0430\u044e\u0449\u0435\u0439 \u043f\u043e\u0432\u0435\u0440\u0445\u043d\u043e\u0441\u0442\u044c.<\/li>\n<li>\u0412\u044b\u0441\u043e\u0442\u0430: \u0412\u044b\u0441\u043e\u0442\u0430 \u0441\u043e\u0441\u0442\u0430\u0432\u043b\u044f\u0435\u0442 23 \u0441\u043c.<\/li>\n<\/ul>","protected":false},"excerpt":{"rendered":"<p>QEYD: QEYR\u0130-STANDART \u00d6L\u00c7\u00dcL\u018fRD\u018f D\u018f Z\u018fNG VAS\u0130T\u018fS\u0130L\u018f \u00a0S\u0130FAR\u0130\u015e ED\u018f B\u0130L\u018fRS\u0130N\u0130Z! PremierLine modeli, klassik Bonnel yay sistemin\u0259 \u0259saslanan v\u0259 artan yay say\u0131 il\u0259 kifay\u0259t q\u0259d\u0259r s\u0259rt olan bir matrasd\u0131r. Bu model u\u015faqlar&hellip;<\/p>","protected":false},"featured_media":24568,"comment_status":"open","ping_status":"closed","template":"","meta":[],"product_brand":[],"product_cat":[134,129,122,92,137],"product_tag":[],"class_list":{"0":"post-23382","1":"product","2":"type-product","3":"status-publish","4":"has-post-thumbnail","6":"product_cat-eko-kolleksiya","7":"product_cat-hergul-yay","8":"product_cat-orta-sert","9":"product_cat-matras","10":"product_cat-usaq-ucun","12":"first","13":"instock","14":"shipping-taxable","15":"purchasable","16":"product-type-variable","17":"layout-style-6","18":"col-md-4 col-sm-4 col-xs-6","19":"col-lg-3","20":"product-has-gallery","21":"product-style-addtocart"},"_links":{"self":[{"href":"https:\/\/vivamattress.az\/ru\/wp-json\/wp\/v2\/product\/23382","targetHints":{"allow":["GET"]}}],"collection":[{"href":"https:\/\/vivamattress.az\/ru\/wp-json\/wp\/v2\/product"}],"about":[{"href":"https:\/\/vivamattress.az\/ru\/wp-json\/wp\/v2\/types\/product"}],"replies":[{"embeddable":true,"href":"https:\/\/vivamattress.az\/ru\/wp-json\/wp\/v2\/comments?post=23382"}],"version-history":[{"count":2,"href":"https:\/\/vivamattress.az\/ru\/wp-json\/wp\/v2\/product\/23382\/revisions"}],"predecessor-version":[{"id":25309,"href":"https:\/\/vivamattress.az\/ru\/wp-json\/wp\/v2\/product\/23382\/revisions\/25309"}],"wp:featuredmedia":[{"embeddable":true,"href":"https:\/\/vivamattress.az\/ru\/wp-json\/wp\/v2\/media\/24568"}],"wp:attachment":[{"href":"https:\/\/vivamattress.az\/ru\/wp-json\/wp\/v2\/media?parent=23382"}],"wp:term":[{"taxonomy":"product_brand","embeddable":true,"href":"https:\/\/vivamattress.az\/ru\/wp-json\/wp\/v2\/product_brand?post=23382"},{"taxonomy":"product_cat","embeddable":true,"href":"https:\/\/vivamattress.az\/ru\/wp-json\/wp\/v2\/product_cat?post=23382"},{"taxonomy":"product_tag","embeddable":true,"href":"https:\/\/vivamattress.az\/ru\/wp-json\/wp\/v2\/product_tag?post=23382"}],"curies":[{"name":"wp","href":"https:\/\/api.w.org\/{rel}","templated":true}]}}