{"id":23373,"date":"2024-06-16T09:07:08","date_gmt":"2024-06-16T09:07:08","guid":{"rendered":"https:\/\/vivamattress.az\/?post_type=product&#038;p=23373"},"modified":"2026-04-12T10:33:15","modified_gmt":"2026-04-12T10:33:15","slug":"softplus","status":"publish","type":"product","link":"https:\/\/vivamattress.az\/ru\/product\/softplus\/","title":{"rendered":"Softplus"},"content":{"rendered":"<p><strong>\u041f\u0440\u0438\u043c\u0435\u0447\u0430\u043d\u0438\u0435: \u0412\u042b \u0422\u0410\u041a\u0416\u0415 \u041c\u041e\u0416\u0415\u0422\u0415 \u0417\u0410\u041a\u0410\u0417\u0410\u0422\u042c \u041d\u0415\u0421\u0422\u0410\u041d\u0414\u0410\u0420\u0422\u041d\u042b\u0415 \u0420\u0410\u0417\u041c\u0415\u0420\u042b \u041f\u041e<\/strong><\/p>\n<p>\u041c\u043e\u0434\u0435\u043b\u044c Softplus, \u0432 \u043a\u043e\u0442\u043e\u0440\u043e\u0439 \u043c\u043e\u0436\u043d\u043e \u043d\u0430\u0439\u0442\u0438 \u0432\u0441\u0435 \u0432\u0430\u0436\u043d\u044b\u0435 \u0445\u0430\u0440\u0430\u043a\u0442\u0435\u0440\u0438\u0441\u0442\u0438\u043a\u0438 \u043f\u0440\u0438 \u043f\u043e\u043a\u0443\u043f\u043a\u0435 \u043c\u0430\u0442\u0440\u0430\u0441\u0430, \u043f\u0440\u0438\u0432\u043b\u0435\u043a\u0430\u0435\u0442 \u0432\u043d\u0438\u043c\u0430\u043d\u0438\u0435 \u0441\u0432\u043e\u0435\u0439 \u0433\u0438\u0431\u043a\u043e\u0439 \u043a\u043e\u043d\u0441\u0442\u0440\u0443\u043a\u0446\u0438\u0435\u0439, \u043e\u0441\u043d\u0430\u0449\u0435\u043d\u043d\u043e\u0439 \u043f\u0440\u0443\u0436\u0438\u043d\u043d\u043e\u0439 \u0441\u0438\u0441\u0442\u0435\u043c\u043e\u0439 Bonnel. \u042d\u0442\u043e\u0442 \u043c\u0430\u0442\u0440\u0430\u0441 \u0442\u0430\u043a\u0436\u0435 \u044f\u0432\u043b\u044f\u0435\u0442\u0441\u044f \u043d\u0430\u0448\u0438\u043c \u0441\u0430\u043c\u044b\u043c \u0434\u043e\u0441\u0442\u0443\u043f\u043d\u044b\u043c \u043c\u0430\u0442\u0440\u0430\u0441\u043e\u043c.<\/p>\n<p><strong>\u0421\u043e\u0441\u0442\u0430\u0432:<\/strong><\/p>\n<ul>\n<li>\u0423\u0441\u0438\u043b\u0435\u043d\u043d\u0430\u044f \u043f\u0440\u0443\u0436\u0438\u043d\u043d\u0430\u044f \u0441\u0438\u0441\u0442\u0435\u043c\u0430 Bonnel \u043e\u0431\u0435\u0441\u043f\u0435\u0447\u0438\u0432\u0430\u0435\u0442 \u0432\u044b\u0441\u043e\u043a\u0443\u044e \u0436\u0435\u0441\u0442\u043a\u043e\u0441\u0442\u044c \u0438 \u0434\u043e\u043b\u0433\u043e\u0432\u0435\u0447\u043d\u043e\u0441\u0442\u044c.<\/li>\n<li>\u0423\u0441\u0438\u043b\u0435\u043d\u043d\u044b\u0435 \u043f\u0440\u0443\u0436\u0438\u043d\u044b \u0435\u0432\u0440\u043e\u0440\u0430\u043c\u044b \u043e\u0431\u0435\u0441\u043f\u0435\u0447\u0438\u0432\u0430\u044e\u0442 \u0437\u0434\u043e\u0440\u043e\u0432\u044c\u0435 \u0438 \u0431\u0435\u0437\u043e\u043f\u0430\u0441\u043d\u043e\u0441\u0442\u044c \u043a\u043e\u043d\u0441\u0442\u0440\u0443\u043a\u0446\u0438\u0438.<\/li>\n<li>\u0421\u043b\u043e\u0439 \u0445\u043b\u043e\u043f\u043a\u0430 Ultra Hard \u043f\u043e\u043c\u043e\u0433\u0430\u0435\u0442 \u0434\u043e\u0431\u0438\u0442\u044c\u0441\u044f \u0442\u0432\u0435\u0440\u0434\u043e\u0441\u0442\u0438 \u0438 \u0434\u043e\u043b\u0433\u043e\u0432\u0435\u0447\u043d\u043e\u0441\u0442\u0438.<\/li>\n<li>\u0421\u043b\u043e\u0439 \u043e\u0440\u0442\u043e\u043f\u0435\u0434\u0438\u0447\u0435\u0441\u043a\u043e\u0439 \u043f\u0435\u043d\u044b EL \u0438\u0434\u0435\u0430\u043b\u044c\u043d\u043e \u043f\u043e\u0434\u0434\u0435\u0440\u0436\u0438\u0432\u0430\u0435\u0442 \u0437\u0430\u043a\u043b\u0435\u043f\u043a\u0438 \u0438 \u043f\u0440\u043e\u0434\u043b\u0435\u0432\u0430\u0435\u0442 \u0441\u0440\u043e\u043a \u0441\u043b\u0443\u0436\u0431\u044b \u0438\u0437\u0434\u0435\u043b\u0438\u044f.<\/li>\n<li>\u0421\u043b\u043e\u0439 \u044d\u043b\u0430\u0441\u0442\u0438\u0447\u043d\u043e\u0433\u043e \u043f\u0435\u043d\u043e\u043c\u0430\u0442\u0435\u0440\u0438\u0430\u043b\u0430 \u043e\u0431\u0435\u0441\u043f\u0435\u0447\u0438\u0432\u0430\u0435\u0442 \u0432\u044b\u0441\u043e\u043a\u0443\u044e \u0441\u0442\u043e\u0439\u043a\u043e\u0441\u0442\u044c \u043a \u0438\u0441\u0442\u0438\u0440\u0430\u043d\u0438\u044e.<\/li>\n<li>\u0421\u043b\u043e\u0439 \u0441\u0438\u043d\u0442\u0435\u043f\u043e\u043d\u0430 \u043f\u043e\u0434\u0434\u0435\u0440\u0436\u0438\u0432\u0430\u0435\u0442 \u043e\u043f\u0442\u0438\u043c\u0430\u043b\u044c\u043d\u043e\u0435 \u0442\u0435\u043f\u043b\u043e \u0438 \u043c\u0438\u043a\u0440\u043e\u043a\u043b\u0438\u043c\u0430\u0442.<\/li>\n<li>\u0410\u043d\u0442\u0438\u0431\u0430\u043a\u0442\u0435\u0440\u0438\u0430\u043b\u044c\u043d\u043e\u0435 \u0442\u0440\u0438\u043a\u043e\u0442\u0430\u0436\u043d\u043e\u0435 \u043f\u043e\u043b\u043e\u0442\u043d\u043e \u0441\u043e\u043e\u0442\u0432\u0435\u0442\u0441\u0442\u0432\u0443\u0435\u0442 \u0432\u044b\u0441\u043e\u043a\u0438\u043c \u0433\u0438\u0433\u0438\u0435\u043d\u0438\u0447\u0435\u0441\u043a\u0438\u043c \u0441\u0442\u0430\u043d\u0434\u0430\u0440\u0442\u0430\u043c.<\/li>\n<\/ul>\n<p><strong>\u041f\u0440\u0435\u0438\u043c\u0443\u0449\u0435\u0441\u0442\u0432\u0430:<\/strong><\/p>\n<ul>\n<li>\u0420\u0430\u0437\u0443\u043c\u043d\u044b\u0439 \u0431\u0430\u043b\u0430\u043d\u0441 \u0446\u0435\u043d\u044b \u0438 \u043f\u0440\u043e\u0438\u0437\u0432\u043e\u0434\u0438\u0442\u0435\u043b\u044c\u043d\u043e\u0441\u0442\u0438.<\/li>\n<li>\u041f\u0440\u0443\u0436\u0438\u043d\u043d\u0430\u044f \u0441\u0438\u0441\u0442\u0435\u043c\u0430 \u0411\u043e\u043d\u043d\u0435\u043b\u044c \u043e\u0431\u0435\u0441\u043f\u0435\u0447\u0438\u0432\u0430\u0435\u0442 \u0440\u0430\u0432\u043d\u043e\u043c\u0435\u0440\u043d\u043e\u0435 \u0440\u0430\u0441\u043f\u0440\u0435\u0434\u0435\u043b\u0435\u043d\u0438\u0435 \u0432\u0435\u0441\u0430.<\/li>\n<li>\u0412\u043e\u0437\u043c\u043e\u0436\u043d\u043e\u0441\u0442\u044c \u0434\u0432\u043e\u0439\u043d\u043e\u0433\u043e \u0438\u0441\u043f\u043e\u043b\u044c\u0437\u043e\u0432\u0430\u043d\u0438\u044f \u043e\u0437\u043d\u0430\u0447\u0430\u0435\u0442 \u0431\u043e\u043b\u0435\u0435 \u0434\u043b\u0438\u0442\u0435\u043b\u044c\u043d\u044b\u0439 \u0441\u0440\u043e\u043a \u0441\u043b\u0443\u0436\u0431\u044b \u043f\u0440\u043e\u0434\u0443\u043a\u0442\u0430.<\/li>\n<li>\u041e\u043d \u0438\u043c\u0435\u0435\u0442 \u0432\u0430\u0436\u043d\u044b\u0439 \u0434\u043b\u044f \u0437\u0434\u043e\u0440\u043e\u0432\u044c\u044f \u0430\u043d\u0442\u0438\u0431\u0430\u043a\u0442\u0435\u0440\u0438\u0430\u043b\u044c\u043d\u044b\u0439 \u043a\u043e\u043c\u043f\u043e\u043d\u0435\u043d\u0442.<\/li>\n<li>\u0412\u044b\u0441\u043e\u0442\u0430 24 \u0441\u043c.<\/li>\n<\/ul>","protected":false},"excerpt":{"rendered":"<p>QEYD: QEYR\u0130-STANDART \u00d6L\u00c7\u00dcL\u018fRD\u018f D\u018f Z\u018fNG VAS\u0130T\u018fS\u0130L\u018f \u00a0S\u0130FAR\u0130\u015e ED\u018f B\u0130L\u018fRS\u0130N\u0130Z! Matras alark\u0259n m\u00fch\u00fcm olan b\u00fct\u00fcn x\u00fcsusiyy\u0259tl\u0259ri bir arada tapa bil\u0259c\u0259yiniz Softplus Modeli, Bonnel yay sistemi il\u0259 t\u0259chiz olunmu\u015f elastik qurulu\u015fu il\u0259&hellip;<\/p>","protected":false},"featured_media":24569,"comment_status":"open","ping_status":"closed","template":"","meta":[],"product_brand":[],"product_cat":[134,129,122,92,137],"product_tag":[],"class_list":{"0":"post-23373","1":"product","2":"type-product","3":"status-publish","4":"has-post-thumbnail","6":"product_cat-eko-kolleksiya","7":"product_cat-hergul-yay","8":"product_cat-orta-sert","9":"product_cat-matras","10":"product_cat-usaq-ucun","12":"first","13":"instock","14":"shipping-taxable","15":"purchasable","16":"product-type-variable","17":"layout-style-6","18":"col-md-4 col-sm-4 col-xs-6","19":"col-lg-3","20":"product-has-gallery","21":"product-style-addtocart"},"_links":{"self":[{"href":"https:\/\/vivamattress.az\/ru\/wp-json\/wp\/v2\/product\/23373","targetHints":{"allow":["GET"]}}],"collection":[{"href":"https:\/\/vivamattress.az\/ru\/wp-json\/wp\/v2\/product"}],"about":[{"href":"https:\/\/vivamattress.az\/ru\/wp-json\/wp\/v2\/types\/product"}],"replies":[{"embeddable":true,"href":"https:\/\/vivamattress.az\/ru\/wp-json\/wp\/v2\/comments?post=23373"}],"version-history":[{"count":2,"href":"https:\/\/vivamattress.az\/ru\/wp-json\/wp\/v2\/product\/23373\/revisions"}],"predecessor-version":[{"id":25310,"href":"https:\/\/vivamattress.az\/ru\/wp-json\/wp\/v2\/product\/23373\/revisions\/25310"}],"wp:featuredmedia":[{"embeddable":true,"href":"https:\/\/vivamattress.az\/ru\/wp-json\/wp\/v2\/media\/24569"}],"wp:attachment":[{"href":"https:\/\/vivamattress.az\/ru\/wp-json\/wp\/v2\/media?parent=23373"}],"wp:term":[{"taxonomy":"product_brand","embeddable":true,"href":"https:\/\/vivamattress.az\/ru\/wp-json\/wp\/v2\/product_brand?post=23373"},{"taxonomy":"product_cat","embeddable":true,"href":"https:\/\/vivamattress.az\/ru\/wp-json\/wp\/v2\/product_cat?post=23373"},{"taxonomy":"product_tag","embeddable":true,"href":"https:\/\/vivamattress.az\/ru\/wp-json\/wp\/v2\/product_tag?post=23373"}],"curies":[{"name":"wp","href":"https:\/\/api.w.org\/{rel}","templated":true}]}}