{"id":276,"date":"2017-06-08T10:39:59","date_gmt":"2017-06-08T10:39:59","guid":{"rendered":"https:\/\/demo.uix.store\/sober-furniture\/?page_id=276"},"modified":"2024-07-05T21:56:36","modified_gmt":"2024-07-05T21:56:36","slug":"faqs","status":"publish","type":"page","link":"https:\/\/vivamattress.az\/ru\/faqs\/","title":{"rendered":"\u0427\u0430\u0441\u0442\u043e \u0437\u0430\u0434\u0430\u0432\u0430\u0435\u043c\u044b\u0435  \u0432\u043e\u043f\u0440\u043e\u0441\u044b"},"content":{"rendered":"<div data-elementor-type=\"wp-page\" data-elementor-id=\"276\" class=\"elementor elementor-276\">\n\t\t\t\t\t\t<section class=\"elementor-section elementor-top-section elementor-element elementor-element-bf605ba elementor-section-boxed elementor-section-height-default elementor-section-height-default\" data-id=\"bf605ba\" data-element_type=\"section\" data-e-type=\"section\">\n\t\t\t\t\t\t<div class=\"elementor-container elementor-column-gap-default\">\n\t\t\t\t\t<div class=\"elementor-column elementor-col-100 elementor-top-column elementor-element elementor-element-a30d2c2\" data-id=\"a30d2c2\" data-element_type=\"column\" data-e-type=\"column\">\n\t\t\t<div class=\"elementor-widget-wrap elementor-element-populated\">\n\t\t\t\t\t\t<div class=\"elementor-element elementor-element-d35f2d9 elementor-widget elementor-widget-heading\" data-id=\"d35f2d9\" data-element_type=\"widget\" data-e-type=\"widget\" data-widget_type=\"heading.default\">\n\t\t\t\t<div class=\"elementor-widget-container\">\n\t\t\t\t\t<h3 class=\"elementor-heading-title elementor-size-default\">\u0412\u044b\u0431\u0440\u0430\u0442\u044c \u0442\u043e\u0432\u0430\u0440 \u0438 \u0432\u043e\u043f\u0440\u043e\u0441\u044b \u043f\u043e \u0434\u043e\u0441\u0442\u0430\u0432\u043a\u0438\/\u0433\u0430\u0440\u0430\u043d\u0442\u0438\u0438<\/h3>\t\t\t\t<\/div>\n\t\t\t\t<\/div>\n\t\t\t\t<div class=\"elementor-element elementor-element-4f85c67 elementor-widget elementor-widget-text-editor\" data-id=\"4f85c67\" data-element_type=\"widget\" data-e-type=\"widget\" data-widget_type=\"text-editor.default\">\n\t\t\t\t<div class=\"elementor-widget-container\">\n\t\t\t\t\t\t\t\t\t<p>\u0412\u044b \u043c\u043e\u0436\u0435\u0442\u0435 \u043d\u0430\u0439\u0442\u0438 \u043e\u0442\u0432\u0435\u0442\u044b \u043d\u0430 \u0441\u0432\u043e\u0438 \u0432\u043e\u043f\u0440\u043e\u0441\u044b \u0441 \u043f\u043e\u043c\u043e\u0449\u044c\u044e \u044d\u0442\u0438\u0445 \u0447\u0430\u0441\u0442\u043e \u0437\u0430\u0434\u0430\u0432\u0430\u0435\u043c\u044b\u0445 \u0432\u043e\u043f\u0440\u043e\u0441\u043e\u0432 \u0438 \u043e\u0442\u0432\u0435\u0442\u043e\u0432 \u043d\u0430 \u043d\u0438\u0445.<\/p>\t\t\t\t\t\t\t\t<\/div>\n\t\t\t\t<\/div>\n\t\t\t\t\t<\/div>\n\t\t<\/div>\n\t\t\t\t\t<\/div>\n\t\t<\/section>\n\t\t\t\t<section class=\"elementor-section elementor-top-section elementor-element elementor-element-904b6dd elementor-section-boxed elementor-section-height-default elementor-section-height-default\" data-id=\"904b6dd\" data-element_type=\"section\" data-e-type=\"section\">\n\t\t\t\t\t\t<div class=\"elementor-container elementor-column-gap-default\">\n\t\t\t\t\t<div class=\"elementor-column elementor-col-100 elementor-top-column elementor-element elementor-element-373b2f2\" data-id=\"373b2f2\" data-element_type=\"column\" data-e-type=\"column\">\n\t\t\t<div class=\"elementor-widget-wrap elementor-element-populated\">\n\t\t\t\t\t\t<div class=\"elementor-element elementor-element-2c40e31 elementor-widget elementor-widget-sober-faq\" data-id=\"2c40e31\" data-element_type=\"widget\" data-e-type=\"widget\" data-widget_type=\"sober-faq.default\">\n\t\t\t\t<div class=\"elementor-widget-container\">\n\t\t\t\t\t\t\t<div class=\"sober-faq sober-faq--elementor\">\n\t\t\t<div class=\"sober-faq__question question\">\n\t\t\t\t<span class=\"sober-faq__question-label question-label\">Question<\/span>\n\t\t\t\t<span class=\"sober-faq__question-icon question-icon\"><span class=\"toggle-icon\"><\/span><\/span>\n\t\t\t\t<span class=\"question-title sober-faq__question-title\">\u041d\u0430 \u0447\u0442\u043e \u0441\u043b\u0435\u0434\u0443\u0435\u0442 \u043e\u0431\u0440\u0430\u0442\u0438\u0442\u044c \u0432\u043d\u0438\u043c\u0430\u043d\u0438\u0435 \u043f\u0440\u0438 \u0432\u044b\u0431\u043e\u0440\u0435 \u043c\u0430\u0442\u0440\u0430\u0441\u0430?<\/span>\n\t\t\t<\/div>\n\t\t\t<div class=\"sober-faq__answer answer\">\n\t\t\t\t<span class=\"sober-faq__answer-label answer-label\">Answer<\/span>\n\t\t\t\t<div class=\"sober-faq__answer-content\"><p>\u041f\u0440\u0438 \u0432\u044b\u0431\u043e\u0440\u0435 \u043c\u0430\u0442\u0440\u0430\u0441\u0430 \u0441\u043b\u0435\u0434\u0443\u0435\u0442 \u0443\u0447\u0438\u0442\u044b\u0432\u0430\u0442\u044c \u043c\u043d\u043e\u0436\u0435\u0441\u0442\u0432\u043e \u0444\u0430\u043a\u0442\u043e\u0440\u043e\u0432. \u041a \u043d\u0438\u043c \u043e\u0442\u043d\u043e\u0441\u044f\u0442\u0441\u044f \u0432\u0435\u0441, \u0432\u043e\u0437\u0440\u0430\u0441\u0442, \u0441\u043e\u0441\u0442\u043e\u044f\u043d\u0438\u0435 \u0437\u0434\u043e\u0440\u043e\u0432\u044c\u044f \u0447\u0435\u043b\u043e\u0432\u0435\u043a\u0430, \u043a\u043e\u0442\u043e\u0440\u044b\u0439 \u0431\u0443\u0434\u0435\u0442 \u0441\u043f\u0430\u0442\u044c \u043d\u0430 \u043c\u0430\u0442\u0440\u0430\u0441\u0435, \u0440\u0430\u0437\u043d\u0438\u0446\u0430 \u0432 \u0432\u0435\u0441\u0435 \u043c\u0435\u0436\u0434\u0443 \u043f\u0430\u0440\u0430\u043c\u0438 \u0438 \u0442. \u0434.<\/p><\/div>\n\t\t\t<\/div>\n\t\t<\/div>\n\t\t\t\t\t\t<\/div>\n\t\t\t\t<\/div>\n\t\t\t\t<div class=\"elementor-element elementor-element-decd8f8 elementor-widget elementor-widget-sober-faq\" data-id=\"decd8f8\" data-element_type=\"widget\" data-e-type=\"widget\" data-widget_type=\"sober-faq.default\">\n\t\t\t\t<div class=\"elementor-widget-container\">\n\t\t\t\t\t\t\t<div class=\"sober-faq sober-faq--elementor\">\n\t\t\t<div class=\"sober-faq__question question\">\n\t\t\t\t<span class=\"sober-faq__question-label question-label\">Question<\/span>\n\t\t\t\t<span class=\"sober-faq__question-icon question-icon\"><span class=\"toggle-icon\"><\/span><\/span>\n\t\t\t\t<span class=\"question-title sober-faq__question-title\">\u041a\u0430\u043a \u0441\u0434\u0435\u043b\u0430\u0442\u044c \u0437\u0430\u043a\u0430\u0437?<\/span>\n\t\t\t<\/div>\n\t\t\t<div class=\"sober-faq__answer answer\">\n\t\t\t\t<span class=\"sober-faq__answer-label answer-label\">Answer<\/span>\n\t\t\t\t<div class=\"sober-faq__answer-content\"><p>\u0414\u043b\u044f \u0437\u0430\u043a\u0430\u0437\u0430 \u0434\u043e\u0441\u0442\u0430\u0442\u043e\u0447\u043d\u043e \u0434\u043e\u0431\u0430\u0432\u0438\u0442\u044c \u0442\u043e\u0432\u0430\u0440 \u0432 \u043a\u043e\u0440\u0437\u0438\u043d\u0443, \u0437\u0430\u043f\u043e\u043b\u043d\u0438\u0442\u044c \u0444\u043e\u0440\u043c\u0443, \u043d\u0430\u043f\u0438\u0441\u0430\u0442\u044c \u0432 \u043d\u0430\u0448\u0438 \u0430\u043a\u043a\u0430\u0443\u043d\u0442\u044b \u0432 \u0441\u043e\u0446\u0438\u0430\u043b\u044c\u043d\u044b\u0445 \u0441\u0435\u0442\u044f\u0445 \u0438\u043b\u0438 \u043f\u043e\u0437\u0432\u043e\u043d\u0438\u0442\u044c \u043f\u043e \u043d\u0430\u0448\u0438\u043c \u043a\u043e\u043d\u0442\u0430\u043a\u0442\u043d\u044b\u043c \u0442\u0435\u043b\u0435\u0444\u043e\u043d\u0430\u043c.<\/p><\/div>\n\t\t\t<\/div>\n\t\t<\/div>\n\t\t\t\t\t\t<\/div>\n\t\t\t\t<\/div>\n\t\t\t\t<div class=\"elementor-element elementor-element-b7b504c elementor-widget elementor-widget-sober-faq\" data-id=\"b7b504c\" data-element_type=\"widget\" data-e-type=\"widget\" data-widget_type=\"sober-faq.default\">\n\t\t\t\t<div class=\"elementor-widget-container\">\n\t\t\t\t\t\t\t<div class=\"sober-faq sober-faq--elementor\">\n\t\t\t<div class=\"sober-faq__question question\">\n\t\t\t\t<span class=\"sober-faq__question-label question-label\">Question<\/span>\n\t\t\t\t<span class=\"sober-faq__question-icon question-icon\"><span class=\"toggle-icon\"><\/span><\/span>\n\t\t\t\t<span class=\"question-title sober-faq__question-title\">\u041c\u043e\u0436\u043d\u043e \u043b\u0438 \u0437\u0430\u043a\u0430\u0437\u0430\u0442\u044c \u043c\u0430\u0442\u0440\u0430\u0441 \u0438\u043b\u0438 \u043a\u0440\u043e\u0432\u0430\u0442\u044c \u043d\u0435\u0441\u0442\u0430\u043d\u0434\u0430\u0440\u0442\u043d\u044b\u0445 \u0440\u0430\u0437\u043c\u0435\u0440\u043e\u0432?<\/span>\n\t\t\t<\/div>\n\t\t\t<div class=\"sober-faq__answer answer\">\n\t\t\t\t<span class=\"sober-faq__answer-label answer-label\">Answer<\/span>\n\t\t\t\t<div class=\"sober-faq__answer-content\"><p>\u0414\u0430, \u043c\u044b \u0438\u0437\u0433\u043e\u0442\u0430\u0432\u043b\u0438\u0432\u0430\u0435\u043c \u043c\u0430\u0442\u0440\u0430\u0441\u044b \u0438 \u043a\u0440\u043e\u0432\u0430\u0442\u0438 \u043d\u0435\u0441\u0442\u0430\u043d\u0434\u0430\u0440\u0442\u043d\u044b\u0445 \u0440\u0430\u0437\u043c\u0435\u0440\u043e\u0432 \u0438 \u0444\u043e\u0440\u043c. \u0412\u044b \u043c\u043e\u0436\u0435\u0442\u0435 \u0440\u0430\u0437\u043c\u0435\u0449\u0430\u0442\u044c \u0441\u0432\u043e\u0438 \u0437\u0430\u043a\u0430\u0437\u044b.<\/p><\/div>\n\t\t\t<\/div>\n\t\t<\/div>\n\t\t\t\t\t\t<\/div>\n\t\t\t\t<\/div>\n\t\t\t\t<div class=\"elementor-element elementor-element-52afe34 elementor-widget elementor-widget-sober-faq\" data-id=\"52afe34\" data-element_type=\"widget\" data-e-type=\"widget\" data-widget_type=\"sober-faq.default\">\n\t\t\t\t<div class=\"elementor-widget-container\">\n\t\t\t\t\t\t\t<div class=\"sober-faq sober-faq--elementor\">\n\t\t\t<div class=\"sober-faq__question question\">\n\t\t\t\t<span class=\"sober-faq__question-label question-label\">Question<\/span>\n\t\t\t\t<span class=\"sober-faq__question-icon question-icon\"><span class=\"toggle-icon\"><\/span><\/span>\n\t\t\t\t<span class=\"question-title sober-faq__question-title\">\u0427\u0442\u043e \u0434\u0435\u043b\u0430\u0442\u044c, \u0435\u0441\u043b\u0438 \u043c\u0430\u0442\u0440\u0430\u0441 \u043d\u0435 \u043f\u043e\u0434\u043e\u0448\u0451\u043b?<\/span>\n\t\t\t<\/div>\n\t\t\t<div class=\"sober-faq__answer answer\">\n\t\t\t\t<span class=\"sober-faq__answer-label answer-label\">Answer<\/span>\n\t\t\t\t<div class=\"sober-faq__answer-content\"><p><span style=\"font-weight: 400\">\u041c\u0430\u0442\u0440\u0430\u0441 \u043c\u043e\u0436\u043d\u043e \u0432\u0435\u0440\u043d\u0443\u0442\u044c \u0432 \u0442\u0435\u0447\u0435\u043d\u0438\u0435 14 \u0434\u043d\u0435\u0439 \u0441 \u043c\u043e\u043c\u0435\u043d\u0442\u0430 \u043f\u043e\u043a\u0443\u043f\u043a\u0438 \u043f\u0440\u0438 \u0441\u043e\u0431\u043b\u044e\u0434\u0435\u043d\u0438\u0438 \u0441\u043b\u0435\u0434\u0443\u044e\u0449\u0438\u0445 \u0443\u0441\u043b\u043e\u0432\u0438\u0439:<\/span><\/p><ul><li><span style=\"font-weight: 400\">\u0422\u043e\u043b\u044c\u043a\u043e \u043d\u0435\u0438\u0441\u043f\u043e\u043b\u044c\u0437\u043e\u0432\u0430\u043d\u043d\u044b\u0439;<\/span><\/li><li><span style=\"font-weight: 400\">\u0422\u043e\u043b\u044c\u043a\u043e \u0441\u0442\u0430\u043d\u0434\u0430\u0440\u0442\u043d\u044b\u0435 \u043c\u043e\u0434\u0435\u043b\u0438;<\/span><\/li><li><span style=\"font-weight: 400\"> \u0412 \u043e\u0440\u0438\u0433\u0438\u043d\u0430\u043b\u044c\u043d\u043e\u0439 \u0443\u043f\u0430\u043a\u043e\u0432\u043a\u0435;<\/span><\/li><li><span style=\"font-weight: 400\">\u0418 \u043d\u0430 \u043d\u0435\u043c \u0434\u043e\u043b\u0436\u043d\u044b \u0431\u044b\u0442\u044c \u0432\u0441\u0435 \u043d\u0435\u043e\u0431\u0445\u043e\u0434\u0438\u043c\u044b\u0435 \u044f\u0440\u043b\u044b\u043a\u0438 \u0438 \u043d\u0430\u0434\u043f\u0438\u0441\u0438.\u00a0<\/span><\/li><\/ul><p><br style=\"font-weight: 400\" \/><br style=\"font-weight: 400\" \/><br \/><\/p><\/div>\n\t\t\t<\/div>\n\t\t<\/div>\n\t\t\t\t\t\t<\/div>\n\t\t\t\t<\/div>\n\t\t\t\t<div class=\"elementor-element elementor-element-9c24090 elementor-widget elementor-widget-sober-faq\" data-id=\"9c24090\" data-element_type=\"widget\" data-e-type=\"widget\" data-widget_type=\"sober-faq.default\">\n\t\t\t\t<div class=\"elementor-widget-container\">\n\t\t\t\t\t\t\t<div class=\"sober-faq sober-faq--elementor\">\n\t\t\t<div class=\"sober-faq__question question\">\n\t\t\t\t<span class=\"sober-faq__question-label question-label\">Question<\/span>\n\t\t\t\t<span class=\"sober-faq__question-icon question-icon\"><span class=\"toggle-icon\"><\/span><\/span>\n\t\t\t\t<span class=\"question-title sober-faq__question-title\">\u0421\u043a\u043e\u043b\u044c\u043a\u043e \u0432 \u0441\u0440\u0435\u0434\u043d\u0435\u043c \u0434\u043e\u0441\u0442\u0430\u0432\u043a\u0430?<\/span>\n\t\t\t<\/div>\n\t\t\t<div class=\"sober-faq__answer answer\">\n\t\t\t\t<span class=\"sober-faq__answer-label answer-label\">Answer<\/span>\n\t\t\t\t<div class=\"sober-faq__answer-content\"><p>\u042d\u0442\u043e\u0442 \u043f\u0435\u0440\u0438\u043e\u0434 \u0432\u0430\u0440\u044c\u0438\u0440\u0443\u0435\u0442\u0441\u044f \u0432 \u0437\u0430\u0432\u0438\u0441\u0438\u043c\u043e\u0441\u0442\u0438 \u043e\u0442 \u0437\u0430\u043a\u0430\u0437\u0430\u043d\u043d\u043e\u0433\u043e \u0432\u0430\u043c\u0438 \u0442\u043e\u0432\u0430\u0440\u0430. \u0414\u043e\u0441\u0442\u0430\u0432\u043a\u0430 \u043e\u0441\u0443\u0449\u0435\u0441\u0442\u0432\u043b\u044f\u0435\u0442\u0441\u044f \u043e\u0442 \u043d\u0435\u0441\u043a\u043e\u043b\u044c\u043a\u0438\u0445 \u0447\u0430\u0441\u043e\u0432 \u0434\u043e 3-5 \u0440\u0430\u0431\u043e\u0447\u0438\u0445 \u0434\u043d\u0435\u0439.<\/p><\/div>\n\t\t\t<\/div>\n\t\t<\/div>\n\t\t\t\t\t\t<\/div>\n\t\t\t\t<\/div>\n\t\t\t\t<div class=\"elementor-element elementor-element-4a94558 elementor-widget elementor-widget-sober-faq\" data-id=\"4a94558\" data-element_type=\"widget\" data-e-type=\"widget\" data-widget_type=\"sober-faq.default\">\n\t\t\t\t<div class=\"elementor-widget-container\">\n\t\t\t\t\t\t\t<div class=\"sober-faq sober-faq--elementor\">\n\t\t\t<div class=\"sober-faq__question question\">\n\t\t\t\t<span class=\"sober-faq__question-label question-label\">Question<\/span>\n\t\t\t\t<span class=\"sober-faq__question-icon question-icon\"><span class=\"toggle-icon\"><\/span><\/span>\n\t\t\t\t<span class=\"question-title sober-faq__question-title\">\u0414\u043e\u0441\u0442\u0430\u0432\u043a\u0430 \u0431\u0435\u0441\u043f\u043b\u0430\u0442\u043d\u0430\u044f?<\/span>\n\t\t\t<\/div>\n\t\t\t<div class=\"sober-faq__answer answer\">\n\t\t\t\t<span class=\"sober-faq__answer-label answer-label\">Answer<\/span>\n\t\t\t\t<div class=\"sober-faq__answer-content\"><p>\u0414\u0430, \u0443 \u043d\u0430\u0441 \u0435\u0441\u0442\u044c \u0441\u043b\u0443\u0436\u0431\u0430 \u0434\u043e\u0441\u0442\u0430\u0432\u043a\u0438 \u043d\u0430\u0448\u0438\u0445 \u043a\u0440\u043e\u0432\u0430\u0442\u0435\u0439 \u0438 \u043c\u0430\u0442\u0440\u0430\u0441\u043e\u0432. \u0414\u043e\u0441\u0442\u0430\u0432\u043a\u0430 \u0432 \u0433\u043e\u0440\u043e\u0434\u0430 \u0411\u0430\u043a\u0443 \u0438 \u0425\u044b\u0440\u0434\u0430\u043b\u0430\u043d, \u0421\u0443\u043c\u0433\u0430\u0438\u0442 \u043e\u0441\u0443\u0449\u0435\u0441\u0442\u0432\u043b\u044f\u0435\u0442\u0441\u044f \u0431\u0435\u0441\u043f\u043b\u0430\u0442\u043d\u043e.<\/p><\/div>\n\t\t\t<\/div>\n\t\t<\/div>\n\t\t\t\t\t\t<\/div>\n\t\t\t\t<\/div>\n\t\t\t\t<div class=\"elementor-element elementor-element-57ca86e elementor-widget elementor-widget-sober-faq\" data-id=\"57ca86e\" data-element_type=\"widget\" data-e-type=\"widget\" data-widget_type=\"sober-faq.default\">\n\t\t\t\t<div class=\"elementor-widget-container\">\n\t\t\t\t\t\t\t<div class=\"sober-faq sober-faq--elementor\">\n\t\t\t<div class=\"sober-faq__question question\">\n\t\t\t\t<span class=\"sober-faq__question-label question-label\">Question<\/span>\n\t\t\t\t<span class=\"sober-faq__question-icon question-icon\"><span class=\"toggle-icon\"><\/span><\/span>\n\t\t\t\t<span class=\"question-title sober-faq__question-title\">\u0427\u0442\u043e \u0434\u0435\u043b\u0430\u0442\u044c, \u0435\u0441\u043b\u0438 \u0432\u043e\u0437\u043d\u0438\u043a\u043b\u0438 \u0442\u0440\u0443\u0434\u043d\u043e\u0441\u0442\u0438 \u0441 \u0432\u044b\u0431\u043e\u0440\u043e\u043c \u043c\u0430\u0442\u0440\u0430\u0441\u0430?<\/span>\n\t\t\t<\/div>\n\t\t\t<div class=\"sober-faq__answer answer\">\n\t\t\t\t<span class=\"sober-faq__answer-label answer-label\">Answer<\/span>\n\t\t\t\t<div class=\"sober-faq__answer-content\"><p>\u041d\u0430\u0448\u0430 \u043f\u0435\u0440\u0432\u0430\u044f \u0440\u0435\u043a\u043e\u043c\u0435\u043d\u0434\u0430\u0446\u0438\u044f \u043d\u0430\u0448\u0438\u043c \u043a\u043b\u0438\u0435\u043d\u0442\u0430\u043c \u2014 \u043f\u0440\u043e\u0432\u0435\u0440\u0438\u0442\u044c \u0441\u0430\u043c\u0438 \u043c\u0430\u0442\u0440\u0430\u0441\u044b \u0432\u0436\u0438\u0432\u0443\u044e \u043f\u043e \u043d\u0430\u0448\u0438\u043c \u0430\u0434\u0440\u0435\u0441\u0430\u043c: \u0441\u0438\u0434\u044f, \u043b\u0435\u0436\u0430, \u0442\u0440\u043e\u0433\u0430\u044f.<\/p><p>\u0412 \u044d\u0442\u043e \u0432\u0440\u0435\u043c\u044f \u0432\u044b \u0431\u0443\u0434\u0435\u0442\u0435 \u0438\u043c\u0435\u0442\u044c \u043e\u043f\u0442\u0438\u043c\u0430\u043b\u044c\u043d\u043e\u0435 \u043f\u0440\u0435\u0434\u0441\u0442\u0430\u0432\u043b\u0435\u043d\u0438\u0435 \u043e \u043c\u0430\u0442\u0440\u0430\u0441\u0435, \u0435\u0433\u043e \u0432\u043d\u0435\u0448\u043d\u0435\u043c \u0432\u0438\u0434\u0435, \u0441\u0442\u0435\u043f\u0435\u043d\u0438 \u0436\u0435\u0441\u0442\u043a\u043e\u0441\u0442\u0438 \u0438 \u0442. \u0434.<\/p><p>\u0422\u0430\u043a\u0436\u0435, \u0435\u0441\u043b\u0438 \u0443 \u0432\u0430\u0441 \u0432\u043e\u0437\u043d\u0438\u043a\u043d\u0443\u0442 \u0437\u0430\u0442\u0440\u0443\u0434\u043d\u0435\u043d\u0438\u044f \u0441 \u0432\u044b\u0431\u043e\u0440\u043e\u043c, \u0432\u044b \u043a\u043e\u043d\u0435\u0447\u043d\u043e \u0436\u0435 \u043c\u043e\u0436\u0435\u0442\u0435 \u0432\u043e\u0441\u043f\u043e\u043b\u044c\u0437\u043e\u0432\u0430\u0442\u044c\u0441\u044f \u043f\u043e\u043c\u043e\u0449\u044c\u044e \u043d\u0430\u0448\u0438\u0445 \u0441\u043f\u0435\u0446\u0438\u0430\u043b\u0438\u0441\u0442\u043e\u0432.<\/p><\/div>\n\t\t\t<\/div>\n\t\t<\/div>\n\t\t\t\t\t\t<\/div>\n\t\t\t\t<\/div>\n\t\t\t\t<div class=\"elementor-element elementor-element-c922bd6 elementor-widget elementor-widget-sober-faq\" data-id=\"c922bd6\" data-element_type=\"widget\" data-e-type=\"widget\" data-widget_type=\"sober-faq.default\">\n\t\t\t\t<div class=\"elementor-widget-container\">\n\t\t\t\t\t\t\t<div class=\"sober-faq sober-faq--elementor\">\n\t\t\t<div class=\"sober-faq__question question\">\n\t\t\t\t<span class=\"sober-faq__question-label question-label\">Question<\/span>\n\t\t\t\t<span class=\"sober-faq__question-icon question-icon\"><span class=\"toggle-icon\"><\/span><\/span>\n\t\t\t\t<span class=\"question-title sober-faq__question-title\">\u0412 \u043a\u0430\u043a\u043e\u043c \u0441\u043b\u0443\u0447\u0430\u0435 \u0433\u0430\u0440\u0430\u043d\u0442\u0438\u044f \u0434\u0435\u0439\u0441\u0442\u0432\u0438\u0442\u0435\u043b\u044c\u043d\u0430?<\/span>\n\t\t\t<\/div>\n\t\t\t<div class=\"sober-faq__answer answer\">\n\t\t\t\t<span class=\"sober-faq__answer-label answer-label\">Answer<\/span>\n\t\t\t\t<div class=\"sober-faq__answer-content\"><div>\u0413\u0430\u0440\u0430\u043d\u0442\u0438\u044f \u0434\u0435\u0439\u0441\u0442\u0432\u0438\u0442\u0435\u043b\u044c\u043d\u0430 \u0432 \u0441\u043b\u0435\u0434\u0443\u044e\u0449\u0438\u0445 \u0441\u043b\u0443\u0447\u0430\u044f\u0445:<\/div><div>\u00a0<\/div><ul><li>\u0412 \u0442\u0435\u0447\u0435\u043d\u0438\u0435 \u0441\u0440\u043e\u043a\u0430, \u0443\u043a\u0430\u0437\u0430\u043d\u043d\u043e\u0433\u043e \u0432 \u0433\u0430\u0440\u0430\u043d\u0442\u0438\u0439\u043d\u043e\u043c \u0442\u0430\u043b\u043e\u043d\u0435;<\/li><li>\u041f\u0440\u0438 \u0438\u0441\u043f\u043e\u043b\u044c\u0437\u043e\u0432\u0430\u043d\u0438\u0438 \u0432 \u0441\u043e\u043e\u0442\u0432\u0435\u0442\u0441\u0442\u0432\u0438\u0438 \u0441 \u0443\u043a\u0430\u0437\u0430\u043d\u043d\u044b\u043c\u0438 \u043f\u0440\u0430\u0432\u0438\u043b\u0430\u043c\u0438;<\/li><li>\u0415\u0441\u043b\u0438 \u043c\u0430\u0442\u0440\u0430\u0441 \u043d\u0435 \u0438\u043c\u0435\u0435\u0442 \u043c\u0435\u0445\u0430\u043d\u0438\u0447\u0435\u0441\u043a\u0438\u0445 \u043f\u043e\u0432\u0440\u0435\u0436\u0434\u0435\u043d\u0438\u0439;<\/li><li>\u0415\u0441\u043b\u0438 \u043d\u0430 \u043c\u0430\u0442\u0440\u0430\u0441\u0435 \u043d\u0435\u0442 \u0441\u043b\u0435\u0434\u043e\u0432 \u0433\u0440\u044f\u0437\u0438;<\/li><li>\u0421\u043e\u0445\u0440\u0430\u043d\u0435\u043d\u044b \u0432\u0441\u0435 \u044d\u0442\u0438\u043a\u0435\u0442\u043a\u0438 \u0438 \u0431\u0443\u043c\u0430\u0433\u0430 \u0441 \u0443\u043a\u0430\u0437\u0430\u043d\u0438\u0435\u043c \u043d\u0430\u0437\u0432\u0430\u043d\u0438\u044f, \u0442\u0438\u043f\u0430, \u0432\u0435\u0441\u0430 \u0438 \u0446\u0435\u043d\u044b;<\/li><li>\u0415\u0441\u043b\u0438 \u0441\u043e\u0445\u0440\u0430\u043d\u0438\u043b\u0441\u044f \u0441\u0430\u043c \u0433\u0430\u0440\u0430\u043d\u0442\u0438\u0439\u043d\u044b\u0439 \u0442\u0430\u043b\u043e\u043d;<\/li><li>\u0415\u0441\u043b\u0438 \u043f\u0440\u0435\u0442\u0435\u043d\u0437\u0438\u044f \u0438\u043c\u0435\u0435\u0442 \u043a\u0430\u043a\u043e\u0435-\u043b\u0438\u0431\u043e \u043b\u043e\u0433\u0438\u0447\u0435\u0441\u043a\u043e\u0435 \u043e\u0431\u044a\u044f\u0441\u043d\u0435\u043d\u0438\u0435.<\/li><\/ul><\/div>\n\t\t\t<\/div>\n\t\t<\/div>\n\t\t\t\t\t\t<\/div>\n\t\t\t\t<\/div>\n\t\t\t\t\t<\/div>\n\t\t<\/div>\n\t\t\t\t\t<\/div>\n\t\t<\/section>\n\t\t\t\t<\/div>","protected":false},"excerpt":{"rendered":"<p>M\u0259hsullar\u0131n se\u00e7imi v\u0259 \u00e7atd\u0131r\u0131lma\/z\u0259man\u0259t il\u0259 ba\u011fl\u0131 suallar M\u00fc\u015ft\u0259ril\u0259rimizin tez-tez \u00fcnvanlad\u0131\u011f\u0131 bu suallar v\u0259 onlara veril\u0259n cavablarla siz d\u0259 \u00f6z suallar\u0131n\u0131za cavab tapa bil\u0259rsiniz. Question Matras se\u00e7\u0259rk\u0259n n\u0259l\u0259r\u0259 diqq\u0259t etm\u0259k laz\u0131md\u0131r?&hellip;<\/p>","protected":false},"author":1,"featured_media":0,"parent":0,"menu_order":0,"comment_status":"closed","ping_status":"closed","template":"","meta":{"footnotes":""},"class_list":["post-276","page","type-page","status-publish","hentry"],"_links":{"self":[{"href":"https:\/\/vivamattress.az\/ru\/wp-json\/wp\/v2\/pages\/276","targetHints":{"allow":["GET"]}}],"collection":[{"href":"https:\/\/vivamattress.az\/ru\/wp-json\/wp\/v2\/pages"}],"about":[{"href":"https:\/\/vivamattress.az\/ru\/wp-json\/wp\/v2\/types\/page"}],"author":[{"embeddable":true,"href":"https:\/\/vivamattress.az\/ru\/wp-json\/wp\/v2\/users\/1"}],"replies":[{"embeddable":true,"href":"https:\/\/vivamattress.az\/ru\/wp-json\/wp\/v2\/comments?post=276"}],"version-history":[{"count":33,"href":"https:\/\/vivamattress.az\/ru\/wp-json\/wp\/v2\/pages\/276\/revisions"}],"predecessor-version":[{"id":24387,"href":"https:\/\/vivamattress.az\/ru\/wp-json\/wp\/v2\/pages\/276\/revisions\/24387"}],"wp:attachment":[{"href":"https:\/\/vivamattress.az\/ru\/wp-json\/wp\/v2\/media?parent=276"}],"curies":[{"name":"wp","href":"https:\/\/api.w.org\/{rel}","templated":true}]}}